{"id":5530,"date":"2020-04-27T10:32:35","date_gmt":"2020-04-27T08:32:35","guid":{"rendered":"https:\/\/digpro.com\/?page_id=5530"},"modified":"2020-06-03T11:29:10","modified_gmt":"2020-06-03T09:29:10","slug":"implementierung","status":"publish","type":"page","link":"https:\/\/digpro.com\/de\/implementierung\/","title":{"rendered":"Implementierung"},"content":{"rendered":"\t\t<div data-elementor-type=\"wp-page\" data-elementor-id=\"5530\" class=\"elementor elementor-5530 elementor-251\" data-elementor-post-type=\"page\">\n\t\t\t\t\t\t<section class=\"elementor-section elementor-top-section elementor-element elementor-element-1b10fc10 elementor-section-height-min-height elementor-section-boxed elementor-section-height-default elementor-section-items-middle\" data-id=\"1b10fc10\" data-element_type=\"section\" data-e-type=\"section\" data-settings=\"{&quot;background_background&quot;:&quot;classic&quot;}\">\n\t\t\t\t\t\t\t<div class=\"elementor-background-overlay\"><\/div>\n\t\t\t\t\t\t\t<div class=\"elementor-container elementor-column-gap-default\">\n\t\t\t\t\t<div class=\"elementor-column elementor-col-50 elementor-top-column elementor-element elementor-element-5719432b\" data-id=\"5719432b\" data-element_type=\"column\" data-e-type=\"column\">\n\t\t\t<div class=\"elementor-widget-wrap elementor-element-populated\">\n\t\t\t\t\t\t<div class=\"elementor-element elementor-element-1995e118 elementor-widget elementor-widget-heading\" data-id=\"1995e118\" data-element_type=\"widget\" data-e-type=\"widget\" data-widget_type=\"heading.default\">\n\t\t\t\t<div class=\"elementor-widget-container\">\n\t\t\t\t\t<h1 class=\"elementor-heading-title elementor-size-default\">Implementierung<\/h1>\t\t\t\t<\/div>\n\t\t\t\t<\/div>\n\t\t\t\t<div class=\"elementor-element elementor-element-2cc16ffd elementor-invisible elementor-widget elementor-widget-heading\" data-id=\"2cc16ffd\" data-element_type=\"widget\" data-e-type=\"widget\" data-settings=\"{&quot;_animation&quot;:&quot;fadeIn&quot;,&quot;_animation_delay&quot;:&quot;150&quot;}\" data-widget_type=\"heading.default\">\n\t\t\t\t<div class=\"elementor-widget-container\">\n\t\t\t\t\t<h2 class=\"elementor-heading-title elementor-size-default\">Arbeiten Sie abteilungs\u00fcbergreifend zusammen, optimieren Sie betriebliche Prozesse und erzielen Sie eine h\u00f6here Leistung mit Digpro-L\u00f6sungen f\u00fcr Versorgungsunternehmen.<\/h2>\t\t\t\t<\/div>\n\t\t\t\t<\/div>\n\t\t\t\t\t<\/div>\n\t\t<\/div>\n\t\t\t\t<div class=\"elementor-column elementor-col-50 elementor-top-column elementor-element elementor-element-244ceede\" data-id=\"244ceede\" data-element_type=\"column\" data-e-type=\"column\">\n\t\t\t<div class=\"elementor-widget-wrap\">\n\t\t\t\t\t\t\t<\/div>\n\t\t<\/div>\n\t\t\t\t\t<\/div>\n\t\t<\/section>\n\t\t\t\t<section class=\"elementor-section elementor-top-section elementor-element elementor-element-3541a721 elementor-section-boxed elementor-section-height-default elementor-section-height-default\" data-id=\"3541a721\" data-element_type=\"section\" data-e-type=\"section\" data-settings=\"{&quot;background_background&quot;:&quot;classic&quot;}\">\n\t\t\t\t\t\t<div class=\"elementor-container elementor-column-gap-default\">\n\t\t\t\t\t<div class=\"elementor-column elementor-col-100 elementor-top-column elementor-element elementor-element-1dd828ec\" data-id=\"1dd828ec\" data-element_type=\"column\" data-e-type=\"column\">\n\t\t\t<div class=\"elementor-widget-wrap elementor-element-populated\">\n\t\t\t\t\t\t<div class=\"elementor-element elementor-element-286c4f50 elementor-widget elementor-widget-heading\" data-id=\"286c4f50\" data-element_type=\"widget\" data-e-type=\"widget\" data-widget_type=\"heading.default\">\n\t\t\t\t<div class=\"elementor-widget-container\">\n\t\t\t\t\t<h2 class=\"elementor-heading-title elementor-size-default\">Leicht zu implementieren<\/h2>\t\t\t\t<\/div>\n\t\t\t\t<\/div>\n\t\t\t\t<div class=\"elementor-element elementor-element-733f3746 elementor-widget elementor-widget-text-editor\" data-id=\"733f3746\" data-element_type=\"widget\" data-e-type=\"widget\" data-widget_type=\"text-editor.default\">\n\t\t\t\t<div class=\"elementor-widget-container\">\n\t\t\t\t\t\t\t\t\tDigpro bietet eine schnelle Implementierung zuverl\u00e4ssiger, speziell entwickelter Branchenl\u00f6sungen, die das Benutzererlebnis verbessern und die betriebliche Effizienz steigern.\n\nBei der Implementierung von Digpro-L\u00f6sungen k\u00f6nnen Sie den Prozess \u00fcber eine schrittweise Bereitstellung neuer Funktionen und Technologien anpassen. Wir haben den Implementierungsprozess \u00fcber viele Jahre hinweg verfeinert und verbessert. Dies stellt sicher, dass Ihre neue Digpro-L\u00f6sung p\u00fcnktlich und innerhalb des Budgets einsatzbereit ist und Transparenz und Kontrolle w\u00e4hrend des gesamten Prozesses bietet.\n\t\t\t\t\t\t\t\t<\/div>\n\t\t\t\t<\/div>\n\t\t\t\t<div class=\"elementor-element elementor-element-5539a21 elementor-widget elementor-widget-heading\" data-id=\"5539a21\" data-element_type=\"widget\" data-e-type=\"widget\" data-widget_type=\"heading.default\">\n\t\t\t\t<div class=\"elementor-widget-container\">\n\t\t\t\t\t<h2 class=\"elementor-heading-title elementor-size-default\">Schnelles und bequemes Lernen<\/h2>\t\t\t\t<\/div>\n\t\t\t\t<\/div>\n\t\t\t\t<div class=\"elementor-element elementor-element-27d6b4c elementor-widget elementor-widget-text-editor\" data-id=\"27d6b4c\" data-element_type=\"widget\" data-e-type=\"widget\" data-widget_type=\"text-editor.default\">\n\t\t\t\t<div class=\"elementor-widget-container\">\n\t\t\t\t\t\t\t\t\t<p>Mit unseren Online-Lernmaterialien erhalten Sie Zugriff auf Schulungsmaterialien und Schulungen oder Tutorials im Klassenzimmer. Auf diese Weise erhalten Ihre Mitarbeiter rollenspezifische Schulungen, die ihr Wissen und Fertigkeiten rasch aufbauen und damit die Systemfunktionen voll aussch\u00f6pfen k\u00f6nnen.<\/p>\t\t\t\t\t\t\t\t<\/div>\n\t\t\t\t<\/div>\n\t\t\t\t<div class=\"elementor-element elementor-element-77ba438a elementor-widget elementor-widget-heading\" data-id=\"77ba438a\" data-element_type=\"widget\" data-e-type=\"widget\" data-widget_type=\"heading.default\">\n\t\t\t\t<div class=\"elementor-widget-container\">\n\t\t\t\t\t<h2 class=\"elementor-heading-title elementor-size-default\">Wir arbeiten mit Ihnen zusammen f\u00fcr einen erfolgreichen Implementierungsprozess<\/h2>\t\t\t\t<\/div>\n\t\t\t\t<\/div>\n\t\t\t\t<div class=\"elementor-element elementor-element-394b5d0e elementor-widget elementor-widget-text-editor\" data-id=\"394b5d0e\" data-element_type=\"widget\" data-e-type=\"widget\" data-widget_type=\"text-editor.default\">\n\t\t\t\t<div class=\"elementor-widget-container\">\n\t\t\t\t\t\t\t\t\t<p>Zun\u00e4chst stellt ein Digpro-Projektmanager ein Team von Einzelpersonen zusammen, die \u00fcber die f\u00fcr eine erfolgreiche Implementierung erforderlichen F\u00e4higkeiten und Erfahrungen verf\u00fcgen.<\/p><p>In Zusammenarbeit mit dem vom Kunden benannten Ansprechpartner verwaltet unser Projektmanager dann den Arbeitsprozess und stellt sicher, dass alle Arbeiten gem\u00e4\u00df unserer bew\u00e4hrten Methodik, dem Vertrag und den vereinbarten Erwartungen ausgef\u00fchrt werden. Das Ergebnis? Termingerechte Fertigstellung innerhalb des Budgets.<\/p><p>Die Projektleitung st\u00fctzt sich auf einen Lenkungsausschuss, dem Kunden und Digpro-Sponsoren angeh\u00f6ren. Regelm\u00e4\u00dfige Projektstatusbesprechungen und Routineberichte informieren alle Beteiligten \u00fcber Fortschritte, potenzielle Risiken und m\u00f6gliche Abweichungen vom Zeitplan oder Budget. Durch proaktives Erkennen potenzieller Probleme oder Stolpersteine k\u00f6nnen diese behoben oder beseitigt werden.<\/p><p>Das allgemeine Bereitstellungsmodell f\u00fcr die Implementierung gro\u00dfer Projekte besteht in der Regel aus den folgenden wichtigen Meilensteinen:<\/p><p>\u00a0<\/p><ul><li>M1 Projektstart<\/li><li>M2 Design-Fertigstellung oder bereit zur Implementierung<\/li><li>M3 Werksabnahmepr\u00fcfung (System ist installiert und Grundkonfiguration erfolgt)<\/li><li>M4 Vorl\u00e4ufige Abnahmepr\u00fcfung (System ist betriebsbereit)<\/li><li>M5 Inbetriebnahme (System-Betriebsaufnahme)<\/li><li>M6 Abnahme der Lieferung<\/li><\/ul>\t\t\t\t\t\t\t\t<\/div>\n\t\t\t\t<\/div>\n\t\t\t\t<div class=\"elementor-element elementor-element-197caf50 elementor-widget elementor-widget-heading\" data-id=\"197caf50\" data-element_type=\"widget\" data-e-type=\"widget\" data-widget_type=\"heading.default\">\n\t\t\t\t<div class=\"elementor-widget-container\">\n\t\t\t\t\t<h2 class=\"elementor-heading-title elementor-size-default\">Software Upgrade \u2013 schnell und zuverl\u00e4ssig<\/h2>\t\t\t\t<\/div>\n\t\t\t\t<\/div>\n\t\t\t\t<div class=\"elementor-element elementor-element-7b3c613c elementor-widget elementor-widget-text-editor\" data-id=\"7b3c613c\" data-element_type=\"widget\" data-e-type=\"widget\" data-widget_type=\"text-editor.default\">\n\t\t\t\t<div class=\"elementor-widget-container\">\n\t\t\t\t\t\t\t\t\tNachdem eine Digpro-L\u00f6sung erfolgreich implementiert wurde, bieten wir zwei Releases pro Jahr an. Dank eines etablierten Prozesses ist ein Upgrade schnell und einfach durchzuf\u00fchren. \t\t\t\t\t\t\t\t<\/div>\n\t\t\t\t<\/div>\n\t\t\t\t\t<\/div>\n\t\t<\/div>\n\t\t\t\t\t<\/div>\n\t\t<\/section>\n\t\t\t\t<section class=\"elementor-section elementor-top-section elementor-element elementor-element-e23668b elementor-section-full_width elementor-section-content-bottom elementor-reverse-mobile elementor-section-height-default elementor-section-height-default\" data-id=\"e23668b\" data-element_type=\"section\" data-e-type=\"section\">\n\t\t\t\t\t\t<div class=\"elementor-container elementor-column-gap-default\">\n\t\t\t\t\t<div class=\"elementor-column elementor-col-50 elementor-top-column elementor-element elementor-element-7394d9c2\" data-id=\"7394d9c2\" data-element_type=\"column\" data-e-type=\"column\" data-settings=\"{&quot;background_background&quot;:&quot;classic&quot;}\">\n\t\t\t<div class=\"elementor-widget-wrap elementor-element-populated\">\n\t\t\t\t\t\t<div class=\"elementor-element elementor-element-6586a22 elementor-widget elementor-widget-text-editor\" data-id=\"6586a22\" data-element_type=\"widget\" data-e-type=\"widget\" data-widget_type=\"text-editor.default\">\n\t\t\t\t<div class=\"elementor-widget-container\">\n\t\t\t\t\t\t\t\t\t<p><strong>Ausbildung<\/strong><\/p>\t\t\t\t\t\t\t\t<\/div>\n\t\t\t\t<\/div>\n\t\t\t\t<div class=\"elementor-element elementor-element-77382118 elementor-widget elementor-widget-text-editor\" data-id=\"77382118\" data-element_type=\"widget\" data-e-type=\"widget\" data-widget_type=\"text-editor.default\">\n\t\t\t\t<div class=\"elementor-widget-container\">\n\t\t\t\t\t\t\t\t\t<p>Wir bieten ma\u00dfgeschneiderte Ausbildungen an &#8211; vorort bei unseren Kunden oder auch \u00fcber digitale Plattformen. Wir machen Ihnen gerne ein Angebot.\u00a0<\/p>\t\t\t\t\t\t\t\t<\/div>\n\t\t\t\t<\/div>\n\t\t\t\t<div class=\"elementor-element elementor-element-4ae1dd66 elementor-mobile-align-justify elementor-widget elementor-widget-button\" data-id=\"4ae1dd66\" data-element_type=\"widget\" data-e-type=\"widget\" data-widget_type=\"button.default\">\n\t\t\t\t<div class=\"elementor-widget-container\">\n\t\t\t\t\t\t\t\t\t<div class=\"elementor-button-wrapper\">\n\t\t\t\t\t<a class=\"elementor-button elementor-button-link elementor-size-xs\" href=\"https:\/\/digpro.com\/de\/contact\/\">\n\t\t\t\t\t\t<span class=\"elementor-button-content-wrapper\">\n\t\t\t\t\t\t\t\t\t<span class=\"elementor-button-text\">Schreiben Sie uns<\/span>\n\t\t\t\t\t<\/span>\n\t\t\t\t\t<\/a>\n\t\t\t\t<\/div>\n\t\t\t\t\t\t\t\t<\/div>\n\t\t\t\t<\/div>\n\t\t\t\t<div class=\"elementor-element elementor-element-52bb8edd elementor-widget elementor-widget-spacer\" data-id=\"52bb8edd\" data-element_type=\"widget\" data-e-type=\"widget\" data-widget_type=\"spacer.default\">\n\t\t\t\t<div class=\"elementor-widget-container\">\n\t\t\t\t\t\t\t<div class=\"elementor-spacer\">\n\t\t\t<div class=\"elementor-spacer-inner\"><\/div>\n\t\t<\/div>\n\t\t\t\t\t\t<\/div>\n\t\t\t\t<\/div>\n\t\t\t\t\t<\/div>\n\t\t<\/div>\n\t\t\t\t<div class=\"elementor-column elementor-col-50 elementor-top-column elementor-element elementor-element-318eb9e8\" data-id=\"318eb9e8\" data-element_type=\"column\" data-e-type=\"column\" data-settings=\"{&quot;background_background&quot;:&quot;classic&quot;}\">\n\t\t\t<div class=\"elementor-widget-wrap elementor-element-populated\">\n\t\t\t\t\t\t<div class=\"elementor-element elementor-element-62e6ad55 elementor-widget elementor-widget-spacer\" data-id=\"62e6ad55\" data-element_type=\"widget\" data-e-type=\"widget\" data-widget_type=\"spacer.default\">\n\t\t\t\t<div class=\"elementor-widget-container\">\n\t\t\t\t\t\t\t<div class=\"elementor-spacer\">\n\t\t\t<div class=\"elementor-spacer-inner\"><\/div>\n\t\t<\/div>\n\t\t\t\t\t\t<\/div>\n\t\t\t\t<\/div>\n\t\t\t\t\t<\/div>\n\t\t<\/div>\n\t\t\t\t\t<\/div>\n\t\t<\/section>\n\t\t\t\t<\/div>\n\t\t","protected":false},"excerpt":{"rendered":"<p>Implementierung Arbeiten Sie abteilungs\u00fcbergreifend zusammen, optimieren Sie betriebliche Prozesse und erzielen Sie eine h\u00f6here Leistung mit Digpro-L\u00f6sungen f\u00fcr Versorgungsunternehmen. Leicht zu implementieren Digpro bietet eine schnelle Implementierung zuverl\u00e4ssiger, speziell entwickelter Branchenl\u00f6sungen, die das Benutzererlebnis verbessern und die betriebliche Effizienz steigern. Bei der Implementierung von Digpro-L\u00f6sungen k\u00f6nnen Sie den Prozess \u00fcber eine schrittweise Bereitstellung neuer Funktionen [&hellip;]<\/p>\n","protected":false},"author":1,"featured_media":0,"parent":0,"menu_order":0,"comment_status":"closed","ping_status":"closed","template":"","meta":{"content-type":"","_monsterinsights_skip_tracking":false,"_monsterinsights_sitenote_active":false,"_monsterinsights_sitenote_note":"","_monsterinsights_sitenote_category":0,"site-sidebar-layout":"no-sidebar","site-content-layout":"page-builder","ast-site-content-layout":"default","site-content-style":"default","site-sidebar-style":"default","ast-global-header-display":"","ast-banner-title-visibility":"","ast-main-header-display":"","ast-hfb-above-header-display":"","ast-hfb-below-header-display":"","ast-hfb-mobile-header-display":"","site-post-title":"disabled","ast-breadcrumbs-content":"","ast-featured-img":"disabled","footer-sml-layout":"","ast-disable-related-posts":"","theme-transparent-header-meta":"default","adv-header-id-meta":"","stick-header-meta":"default","header-above-stick-meta":"","header-main-stick-meta":"","header-below-stick-meta":"","astra-migrate-meta-layouts":"default","ast-page-background-enabled":"default","ast-page-background-meta":{"desktop":{"background-color":"","background-image":"","background-repeat":"repeat","background-position":"center center","background-size":"auto","background-attachment":"scroll","background-type":"","background-media":"","overlay-type":"","overlay-color":"","overlay-opacity":"","overlay-gradient":""},"tablet":{"background-color":"","background-image":"","background-repeat":"repeat","background-position":"center center","background-size":"auto","background-attachment":"scroll","background-type":"","background-media":"","overlay-type":"","overlay-color":"","overlay-opacity":"","overlay-gradient":""},"mobile":{"background-color":"","background-image":"","background-repeat":"repeat","background-position":"center center","background-size":"auto","background-attachment":"scroll","background-type":"","background-media":"","overlay-type":"","overlay-color":"","overlay-opacity":"","overlay-gradient":""}},"ast-content-background-meta":{"desktop":{"background-color":"var(--ast-global-color-5)","background-image":"","background-repeat":"repeat","background-position":"center center","background-size":"auto","background-attachment":"scroll","background-type":"","background-media":"","overlay-type":"","overlay-color":"","overlay-opacity":"","overlay-gradient":""},"tablet":{"background-color":"var(--ast-global-color-5)","background-image":"","background-repeat":"repeat","background-position":"center center","background-size":"auto","background-attachment":"scroll","background-type":"","background-media":"","overlay-type":"","overlay-color":"","overlay-opacity":"","overlay-gradient":""},"mobile":{"background-color":"var(--ast-global-color-5)","background-image":"","background-repeat":"repeat","background-position":"center center","background-size":"auto","background-attachment":"scroll","background-type":"","background-media":"","overlay-type":"","overlay-color":"","overlay-opacity":"","overlay-gradient":""}},"footnotes":""},"class_list":["post-5530","page","type-page","status-publish","hentry"],"yoast_head":"<!-- This site is optimized with the Yoast SEO plugin v26.9 - https:\/\/yoast.com\/product\/yoast-seo-wordpress\/ -->\n<title>Implementierung - Digpro (DE)<\/title>\n<meta name=\"robots\" content=\"index, follow, max-snippet:-1, max-image-preview:large, max-video-preview:-1\" \/>\n<link rel=\"canonical\" href=\"https:\/\/digpro.com\/de\/implementierung\/\" \/>\n<meta property=\"og:locale\" content=\"de_DE\" \/>\n<meta property=\"og:type\" content=\"article\" \/>\n<meta property=\"og:title\" content=\"Implementierung - Digpro (DE)\" \/>\n<meta property=\"og:description\" content=\"Implementierung Arbeiten Sie abteilungs\u00fcbergreifend zusammen, optimieren Sie betriebliche Prozesse und erzielen Sie eine h\u00f6here Leistung mit Digpro-L\u00f6sungen f\u00fcr Versorgungsunternehmen. Leicht zu implementieren Digpro bietet eine schnelle Implementierung zuverl\u00e4ssiger, speziell entwickelter Branchenl\u00f6sungen, die das Benutzererlebnis verbessern und die betriebliche Effizienz steigern. Bei der Implementierung von Digpro-L\u00f6sungen k\u00f6nnen Sie den Prozess \u00fcber eine schrittweise Bereitstellung neuer Funktionen [&hellip;]\" \/>\n<meta property=\"og:url\" content=\"https:\/\/digpro.com\/de\/implementierung\/\" \/>\n<meta property=\"og:site_name\" content=\"Digpro (DE)\" \/>\n<meta property=\"article:publisher\" content=\"https:\/\/www.facebook.com\/digproab\" \/>\n<meta property=\"article:modified_time\" content=\"2020-06-03T09:29:10+00:00\" \/>\n<meta name=\"twitter:card\" content=\"summary_large_image\" \/>\n<meta name=\"twitter:label1\" content=\"Gesch\u00e4tzte Lesezeit\" \/>\n\t<meta name=\"twitter:data1\" content=\"2\u00a0Minuten\" \/>\n<script type=\"application\/ld+json\" class=\"yoast-schema-graph\">{\"@context\":\"https:\/\/schema.org\",\"@graph\":[{\"@type\":\"WebPage\",\"@id\":\"https:\/\/digpro.com\/de\/implementierung\/\",\"url\":\"https:\/\/digpro.com\/de\/implementierung\/\",\"name\":\"Implementierung - Digpro (DE)\",\"isPartOf\":{\"@id\":\"https:\/\/digpro.com\/de\/#website\"},\"datePublished\":\"2020-04-27T08:32:35+00:00\",\"dateModified\":\"2020-06-03T09:29:10+00:00\",\"breadcrumb\":{\"@id\":\"https:\/\/digpro.com\/de\/implementierung\/#breadcrumb\"},\"inLanguage\":\"de\",\"potentialAction\":[{\"@type\":\"ReadAction\",\"target\":[\"https:\/\/digpro.com\/de\/implementierung\/\"]}]},{\"@type\":\"BreadcrumbList\",\"@id\":\"https:\/\/digpro.com\/de\/implementierung\/#breadcrumb\",\"itemListElement\":[{\"@type\":\"ListItem\",\"position\":1,\"name\":\"Home\",\"item\":\"https:\/\/digpro.com\/de\/\"},{\"@type\":\"ListItem\",\"position\":2,\"name\":\"Implementierung\"}]},{\"@type\":\"WebSite\",\"@id\":\"https:\/\/digpro.com\/de\/#website\",\"url\":\"https:\/\/digpro.com\/de\/\",\"name\":\"Digpro (DE)\",\"description\":\"Leading geographic information technologies\",\"publisher\":{\"@id\":\"https:\/\/digpro.com\/de\/#organization\"},\"potentialAction\":[{\"@type\":\"SearchAction\",\"target\":{\"@type\":\"EntryPoint\",\"urlTemplate\":\"https:\/\/digpro.com\/de\/?s={search_term_string}\"},\"query-input\":{\"@type\":\"PropertyValueSpecification\",\"valueRequired\":true,\"valueName\":\"search_term_string\"}}],\"inLanguage\":\"de\"},{\"@type\":\"Organization\",\"@id\":\"https:\/\/digpro.com\/de\/#organization\",\"name\":\"Digpro\",\"url\":\"https:\/\/digpro.com\/de\/\",\"logo\":{\"@type\":\"ImageObject\",\"inLanguage\":\"de\",\"@id\":\"https:\/\/digpro.com\/de\/#\/schema\/logo\/image\/\",\"url\":\"https:\/\/digpro.com\/wp-content\/uploads\/2020\/09\/1_Digpro_logo_vektor_pos.svg\",\"contentUrl\":\"https:\/\/digpro.com\/wp-content\/uploads\/2020\/09\/1_Digpro_logo_vektor_pos.svg\",\"width\":1,\"height\":1,\"caption\":\"Digpro\"},\"image\":{\"@id\":\"https:\/\/digpro.com\/de\/#\/schema\/logo\/image\/\"},\"sameAs\":[\"https:\/\/www.facebook.com\/digproab\",\"https:\/\/www.instagram.com\/lifeatdigpro\/\",\"https:\/\/www.linkedin.com\/company\/digpro-ab\/\"]}]}<\/script>\n<!-- \/ Yoast SEO plugin. -->","yoast_head_json":{"title":"Implementierung - Digpro (DE)","robots":{"index":"index","follow":"follow","max-snippet":"max-snippet:-1","max-image-preview":"max-image-preview:large","max-video-preview":"max-video-preview:-1"},"canonical":"https:\/\/digpro.com\/de\/implementierung\/","og_locale":"de_DE","og_type":"article","og_title":"Implementierung - Digpro (DE)","og_description":"Implementierung Arbeiten Sie abteilungs\u00fcbergreifend zusammen, optimieren Sie betriebliche Prozesse und erzielen Sie eine h\u00f6here Leistung mit Digpro-L\u00f6sungen f\u00fcr Versorgungsunternehmen. Leicht zu implementieren Digpro bietet eine schnelle Implementierung zuverl\u00e4ssiger, speziell entwickelter Branchenl\u00f6sungen, die das Benutzererlebnis verbessern und die betriebliche Effizienz steigern. Bei der Implementierung von Digpro-L\u00f6sungen k\u00f6nnen Sie den Prozess \u00fcber eine schrittweise Bereitstellung neuer Funktionen [&hellip;]","og_url":"https:\/\/digpro.com\/de\/implementierung\/","og_site_name":"Digpro (DE)","article_publisher":"https:\/\/www.facebook.com\/digproab","article_modified_time":"2020-06-03T09:29:10+00:00","twitter_card":"summary_large_image","twitter_misc":{"Gesch\u00e4tzte Lesezeit":"2\u00a0Minuten"},"schema":{"@context":"https:\/\/schema.org","@graph":[{"@type":"WebPage","@id":"https:\/\/digpro.com\/de\/implementierung\/","url":"https:\/\/digpro.com\/de\/implementierung\/","name":"Implementierung - Digpro (DE)","isPartOf":{"@id":"https:\/\/digpro.com\/de\/#website"},"datePublished":"2020-04-27T08:32:35+00:00","dateModified":"2020-06-03T09:29:10+00:00","breadcrumb":{"@id":"https:\/\/digpro.com\/de\/implementierung\/#breadcrumb"},"inLanguage":"de","potentialAction":[{"@type":"ReadAction","target":["https:\/\/digpro.com\/de\/implementierung\/"]}]},{"@type":"BreadcrumbList","@id":"https:\/\/digpro.com\/de\/implementierung\/#breadcrumb","itemListElement":[{"@type":"ListItem","position":1,"name":"Home","item":"https:\/\/digpro.com\/de\/"},{"@type":"ListItem","position":2,"name":"Implementierung"}]},{"@type":"WebSite","@id":"https:\/\/digpro.com\/de\/#website","url":"https:\/\/digpro.com\/de\/","name":"Digpro (DE)","description":"Leading geographic information technologies","publisher":{"@id":"https:\/\/digpro.com\/de\/#organization"},"potentialAction":[{"@type":"SearchAction","target":{"@type":"EntryPoint","urlTemplate":"https:\/\/digpro.com\/de\/?s={search_term_string}"},"query-input":{"@type":"PropertyValueSpecification","valueRequired":true,"valueName":"search_term_string"}}],"inLanguage":"de"},{"@type":"Organization","@id":"https:\/\/digpro.com\/de\/#organization","name":"Digpro","url":"https:\/\/digpro.com\/de\/","logo":{"@type":"ImageObject","inLanguage":"de","@id":"https:\/\/digpro.com\/de\/#\/schema\/logo\/image\/","url":"https:\/\/digpro.com\/wp-content\/uploads\/2020\/09\/1_Digpro_logo_vektor_pos.svg","contentUrl":"https:\/\/digpro.com\/wp-content\/uploads\/2020\/09\/1_Digpro_logo_vektor_pos.svg","width":1,"height":1,"caption":"Digpro"},"image":{"@id":"https:\/\/digpro.com\/de\/#\/schema\/logo\/image\/"},"sameAs":["https:\/\/www.facebook.com\/digproab","https:\/\/www.instagram.com\/lifeatdigpro\/","https:\/\/www.linkedin.com\/company\/digpro-ab\/"]}]}},"publishpress_future_action":{"enabled":false,"date":"2026-04-26 08:24:19","action":"change-status","newStatus":"draft","terms":[],"taxonomy":"translation_priority","extraData":[]},"publishpress_future_workflow_manual_trigger":{"enabledWorkflows":[]},"_links":{"self":[{"href":"https:\/\/digpro.com\/de\/wp-json\/wp\/v2\/pages\/5530","targetHints":{"allow":["GET"]}}],"collection":[{"href":"https:\/\/digpro.com\/de\/wp-json\/wp\/v2\/pages"}],"about":[{"href":"https:\/\/digpro.com\/de\/wp-json\/wp\/v2\/types\/page"}],"author":[{"embeddable":true,"href":"https:\/\/digpro.com\/de\/wp-json\/wp\/v2\/users\/1"}],"replies":[{"embeddable":true,"href":"https:\/\/digpro.com\/de\/wp-json\/wp\/v2\/comments?post=5530"}],"version-history":[{"count":0,"href":"https:\/\/digpro.com\/de\/wp-json\/wp\/v2\/pages\/5530\/revisions"}],"wp:attachment":[{"href":"https:\/\/digpro.com\/de\/wp-json\/wp\/v2\/media?parent=5530"}],"curies":[{"name":"wp","href":"https:\/\/api.w.org\/{rel}","templated":true}]}}