{"id":5607,"date":"2020-04-27T14:51:06","date_gmt":"2020-04-27T12:51:06","guid":{"rendered":"https:\/\/digpro.com\/?page_id=5607"},"modified":"2023-06-20T13:59:04","modified_gmt":"2023-06-20T11:59:04","slug":"privacy-policy","status":"publish","type":"page","link":"https:\/\/digpro.com\/de\/privacy-policy\/","title":{"rendered":"Privacy policy"},"content":{"rendered":"\t\t<div data-elementor-type=\"wp-page\" data-elementor-id=\"5607\" class=\"elementor elementor-5607 elementor-900\" data-elementor-post-type=\"page\">\n\t\t\t\t\t\t<section class=\"elementor-section elementor-top-section elementor-element elementor-element-b17dac6 elementor-section-boxed elementor-section-height-default elementor-section-height-default\" data-id=\"b17dac6\" data-element_type=\"section\" data-e-type=\"section\">\n\t\t\t\t\t\t<div class=\"elementor-container elementor-column-gap-default\">\n\t\t\t\t\t<div class=\"elementor-column elementor-col-100 elementor-top-column elementor-element elementor-element-aba511c\" data-id=\"aba511c\" data-element_type=\"column\" data-e-type=\"column\">\n\t\t\t<div class=\"elementor-widget-wrap elementor-element-populated\">\n\t\t\t\t\t\t<div class=\"elementor-element elementor-element-16d92e5 elementor-widget elementor-widget-heading\" data-id=\"16d92e5\" data-element_type=\"widget\" data-e-type=\"widget\" data-widget_type=\"heading.default\">\n\t\t\t\t<div class=\"elementor-widget-container\">\n\t\t\t\t\t<h1 class=\"elementor-heading-title elementor-size-large\">UNSERE DATENSCHUTZRICHTLINIE<\/h1>\t\t\t\t<\/div>\n\t\t\t\t<\/div>\n\t\t\t\t<div class=\"elementor-element elementor-element-f528c3d elementor-widget elementor-widget-text-editor\" data-id=\"f528c3d\" data-element_type=\"widget\" data-e-type=\"widget\" data-widget_type=\"text-editor.default\">\n\t\t\t\t<div class=\"elementor-widget-container\">\n\t\t\t\t\t\t\t\t\t<h2><span style=\"font-size: 20px; font-family: futura-pt, sans-serif; color: var(--ast-global-color-3);\">Wir speichern und verwalten Ihre personenbezogenen Daten gem\u00e4\u00df der Datenschutz-Grundverordnung (DSGVO). Pers\u00f6nliche Informationen sind Informationen, die direkt oder indirekt mit Ihnen als Einzelperson, als Name oder Kontaktinformationen verkn\u00fcpft werden k\u00f6nnen.<\/span><\/h2><h2>\u00a0<\/h2><h2>DATEN, DIE WIR \u00dcBER SIE VERARBEITEN<\/h2><p>In Ihrem Kontakt mit uns k\u00f6nnen Sie uns bestimmte pers\u00f6nliche Informationen \u00fcbermitteln, beispielsweise wenn Sie unseren Newsletter abonnieren. Wir werden die von Ihnen angegebenen personenbezogenen Daten verarbeiten. Wir werden Ihre personenbezogenen Daten niemals l\u00e4nger verarbeiten, als dies nach geltendem Recht, Vorschriften, Praktiken oder beh\u00f6rdlichen Entscheidungen zul\u00e4ssig ist. Wenn Sie wissen m\u00f6chten, welche Informationen wir \u00fcber Sie haben, oder Ihre Informationen \u00e4ndern oder l\u00f6schen m\u00f6chten, k\u00f6nnen Sie eine E-Mail an sales@digpro.se senden.<\/p><h2>\u00a0<\/h2><h2><strong>DATAINSPEKTIONEN<\/strong><\/h2><div>Die schwedische Beh\u00f6rde \u201cDatainspektionen\u201c verf\u00fcgt \u00fcber weitere Informationen zur DSGVO und zu Ihren Rechten auf Transparenz und Kontrolle dar\u00fcber, wie Ihre pers\u00f6nlichen Daten verarbeitet werden. Hier k\u00f6nnen Sie eine Beschwerde einreichen, wenn Sie der Meinung sind, dass Ihre Daten nicht korrekt verarbeitet wurden. <br \/>Weitere Informationen zur DSGVO und Ihren Rechten finden Sie auf der Webseite von Datainspektionen.<\/div><h2>\u00a0<\/h2><h2>DATACONTROLLER<\/h2><p>Digpro Solutions AB<br \/>Ulriksborgsgatan 5<br \/>112 18 Stockholm<\/p><p>+46 8 50 63 26 00<\/p><p>sales@digpro.se<\/p>\t\t\t\t\t\t\t\t<\/div>\n\t\t\t\t<\/div>\n\t\t\t\t\t<\/div>\n\t\t<\/div>\n\t\t\t\t\t<\/div>\n\t\t<\/section>\n\t\t\t\t<\/div>\n\t\t","protected":false},"excerpt":{"rendered":"<p>UNSERE DATENSCHUTZRICHTLINIE Wir speichern und verwalten Ihre personenbezogenen Daten gem\u00e4\u00df der Datenschutz-Grundverordnung (DSGVO). Pers\u00f6nliche Informationen sind Informationen, die direkt oder indirekt mit Ihnen als Einzelperson, als Name oder Kontaktinformationen verkn\u00fcpft werden k\u00f6nnen. \u00a0 DATEN, DIE WIR \u00dcBER SIE VERARBEITEN In Ihrem Kontakt mit uns k\u00f6nnen Sie uns bestimmte pers\u00f6nliche Informationen \u00fcbermitteln, beispielsweise wenn Sie unseren [&hellip;]<\/p>\n","protected":false},"author":1,"featured_media":0,"parent":0,"menu_order":0,"comment_status":"closed","ping_status":"closed","template":"","meta":{"content-type":"","_monsterinsights_skip_tracking":false,"_monsterinsights_sitenote_active":false,"_monsterinsights_sitenote_note":"","_monsterinsights_sitenote_category":0,"site-sidebar-layout":"no-sidebar","site-content-layout":"page-builder","ast-site-content-layout":"default","site-content-style":"default","site-sidebar-style":"default","ast-global-header-display":"","ast-banner-title-visibility":"","ast-main-header-display":"","ast-hfb-above-header-display":"","ast-hfb-below-header-display":"","ast-hfb-mobile-header-display":"","site-post-title":"disabled","ast-breadcrumbs-content":"","ast-featured-img":"disabled","footer-sml-layout":"","ast-disable-related-posts":"","theme-transparent-header-meta":"default","adv-header-id-meta":"","stick-header-meta":"default","header-above-stick-meta":"","header-main-stick-meta":"","header-below-stick-meta":"","astra-migrate-meta-layouts":"default","ast-page-background-enabled":"default","ast-page-background-meta":{"desktop":{"background-color":"","background-image":"","background-repeat":"repeat","background-position":"center center","background-size":"auto","background-attachment":"scroll","background-type":"","background-media":"","overlay-type":"","overlay-color":"","overlay-opacity":"","overlay-gradient":""},"tablet":{"background-color":"","background-image":"","background-repeat":"repeat","background-position":"center center","background-size":"auto","background-attachment":"scroll","background-type":"","background-media":"","overlay-type":"","overlay-color":"","overlay-opacity":"","overlay-gradient":""},"mobile":{"background-color":"","background-image":"","background-repeat":"repeat","background-position":"center center","background-size":"auto","background-attachment":"scroll","background-type":"","background-media":"","overlay-type":"","overlay-color":"","overlay-opacity":"","overlay-gradient":""}},"ast-content-background-meta":{"desktop":{"background-color":"var(--ast-global-color-5)","background-image":"","background-repeat":"repeat","background-position":"center center","background-size":"auto","background-attachment":"scroll","background-type":"","background-media":"","overlay-type":"","overlay-color":"","overlay-opacity":"","overlay-gradient":""},"tablet":{"background-color":"var(--ast-global-color-5)","background-image":"","background-repeat":"repeat","background-position":"center center","background-size":"auto","background-attachment":"scroll","background-type":"","background-media":"","overlay-type":"","overlay-color":"","overlay-opacity":"","overlay-gradient":""},"mobile":{"background-color":"var(--ast-global-color-5)","background-image":"","background-repeat":"repeat","background-position":"center center","background-size":"auto","background-attachment":"scroll","background-type":"","background-media":"","overlay-type":"","overlay-color":"","overlay-opacity":"","overlay-gradient":""}},"footnotes":""},"class_list":["post-5607","page","type-page","status-publish","hentry"],"yoast_head":"<!-- This site is optimized with the Yoast SEO plugin v26.9 - https:\/\/yoast.com\/product\/yoast-seo-wordpress\/ -->\n<title>Privacy policy - Digpro (DE)<\/title>\n<meta name=\"robots\" content=\"index, follow, max-snippet:-1, max-image-preview:large, max-video-preview:-1\" \/>\n<link rel=\"canonical\" href=\"https:\/\/digpro.com\/de\/privacy-policy\/\" \/>\n<meta property=\"og:locale\" content=\"de_DE\" \/>\n<meta property=\"og:type\" content=\"article\" \/>\n<meta property=\"og:title\" content=\"Privacy policy - Digpro (DE)\" \/>\n<meta property=\"og:description\" content=\"UNSERE DATENSCHUTZRICHTLINIE Wir speichern und verwalten Ihre personenbezogenen Daten gem\u00e4\u00df der Datenschutz-Grundverordnung (DSGVO). Pers\u00f6nliche Informationen sind Informationen, die direkt oder indirekt mit Ihnen als Einzelperson, als Name oder Kontaktinformationen verkn\u00fcpft werden k\u00f6nnen. \u00a0 DATEN, DIE WIR \u00dcBER SIE VERARBEITEN In Ihrem Kontakt mit uns k\u00f6nnen Sie uns bestimmte pers\u00f6nliche Informationen \u00fcbermitteln, beispielsweise wenn Sie unseren [&hellip;]\" \/>\n<meta property=\"og:url\" content=\"https:\/\/digpro.com\/de\/privacy-policy\/\" \/>\n<meta property=\"og:site_name\" content=\"Digpro (DE)\" \/>\n<meta property=\"article:publisher\" content=\"https:\/\/www.facebook.com\/digproab\" \/>\n<meta property=\"article:modified_time\" content=\"2023-06-20T11:59:04+00:00\" \/>\n<meta name=\"twitter:card\" content=\"summary_large_image\" \/>\n<meta name=\"twitter:label1\" content=\"Gesch\u00e4tzte Lesezeit\" \/>\n\t<meta name=\"twitter:data1\" content=\"2\u00a0Minuten\" \/>\n<script type=\"application\/ld+json\" class=\"yoast-schema-graph\">{\"@context\":\"https:\/\/schema.org\",\"@graph\":[{\"@type\":\"WebPage\",\"@id\":\"https:\/\/digpro.com\/de\/privacy-policy\/\",\"url\":\"https:\/\/digpro.com\/de\/privacy-policy\/\",\"name\":\"Privacy policy - Digpro (DE)\",\"isPartOf\":{\"@id\":\"https:\/\/digpro.com\/de\/#website\"},\"datePublished\":\"2020-04-27T12:51:06+00:00\",\"dateModified\":\"2023-06-20T11:59:04+00:00\",\"breadcrumb\":{\"@id\":\"https:\/\/digpro.com\/de\/privacy-policy\/#breadcrumb\"},\"inLanguage\":\"de\",\"potentialAction\":[{\"@type\":\"ReadAction\",\"target\":[\"https:\/\/digpro.com\/de\/privacy-policy\/\"]}]},{\"@type\":\"BreadcrumbList\",\"@id\":\"https:\/\/digpro.com\/de\/privacy-policy\/#breadcrumb\",\"itemListElement\":[{\"@type\":\"ListItem\",\"position\":1,\"name\":\"Home\",\"item\":\"https:\/\/digpro.com\/de\/\"},{\"@type\":\"ListItem\",\"position\":2,\"name\":\"Privacy policy\"}]},{\"@type\":\"WebSite\",\"@id\":\"https:\/\/digpro.com\/de\/#website\",\"url\":\"https:\/\/digpro.com\/de\/\",\"name\":\"Digpro (DE)\",\"description\":\"Leading geographic information technologies\",\"publisher\":{\"@id\":\"https:\/\/digpro.com\/de\/#organization\"},\"potentialAction\":[{\"@type\":\"SearchAction\",\"target\":{\"@type\":\"EntryPoint\",\"urlTemplate\":\"https:\/\/digpro.com\/de\/?s={search_term_string}\"},\"query-input\":{\"@type\":\"PropertyValueSpecification\",\"valueRequired\":true,\"valueName\":\"search_term_string\"}}],\"inLanguage\":\"de\"},{\"@type\":\"Organization\",\"@id\":\"https:\/\/digpro.com\/de\/#organization\",\"name\":\"Digpro\",\"url\":\"https:\/\/digpro.com\/de\/\",\"logo\":{\"@type\":\"ImageObject\",\"inLanguage\":\"de\",\"@id\":\"https:\/\/digpro.com\/de\/#\/schema\/logo\/image\/\",\"url\":\"https:\/\/digpro.com\/wp-content\/uploads\/2020\/09\/1_Digpro_logo_vektor_pos.svg\",\"contentUrl\":\"https:\/\/digpro.com\/wp-content\/uploads\/2020\/09\/1_Digpro_logo_vektor_pos.svg\",\"width\":1,\"height\":1,\"caption\":\"Digpro\"},\"image\":{\"@id\":\"https:\/\/digpro.com\/de\/#\/schema\/logo\/image\/\"},\"sameAs\":[\"https:\/\/www.facebook.com\/digproab\",\"https:\/\/www.instagram.com\/lifeatdigpro\/\",\"https:\/\/www.linkedin.com\/company\/digpro-ab\/\"]}]}<\/script>\n<!-- \/ Yoast SEO plugin. -->","yoast_head_json":{"title":"Privacy policy - Digpro (DE)","robots":{"index":"index","follow":"follow","max-snippet":"max-snippet:-1","max-image-preview":"max-image-preview:large","max-video-preview":"max-video-preview:-1"},"canonical":"https:\/\/digpro.com\/de\/privacy-policy\/","og_locale":"de_DE","og_type":"article","og_title":"Privacy policy - Digpro (DE)","og_description":"UNSERE DATENSCHUTZRICHTLINIE Wir speichern und verwalten Ihre personenbezogenen Daten gem\u00e4\u00df der Datenschutz-Grundverordnung (DSGVO). Pers\u00f6nliche Informationen sind Informationen, die direkt oder indirekt mit Ihnen als Einzelperson, als Name oder Kontaktinformationen verkn\u00fcpft werden k\u00f6nnen. \u00a0 DATEN, DIE WIR \u00dcBER SIE VERARBEITEN In Ihrem Kontakt mit uns k\u00f6nnen Sie uns bestimmte pers\u00f6nliche Informationen \u00fcbermitteln, beispielsweise wenn Sie unseren [&hellip;]","og_url":"https:\/\/digpro.com\/de\/privacy-policy\/","og_site_name":"Digpro (DE)","article_publisher":"https:\/\/www.facebook.com\/digproab","article_modified_time":"2023-06-20T11:59:04+00:00","twitter_card":"summary_large_image","twitter_misc":{"Gesch\u00e4tzte Lesezeit":"2\u00a0Minuten"},"schema":{"@context":"https:\/\/schema.org","@graph":[{"@type":"WebPage","@id":"https:\/\/digpro.com\/de\/privacy-policy\/","url":"https:\/\/digpro.com\/de\/privacy-policy\/","name":"Privacy policy - Digpro (DE)","isPartOf":{"@id":"https:\/\/digpro.com\/de\/#website"},"datePublished":"2020-04-27T12:51:06+00:00","dateModified":"2023-06-20T11:59:04+00:00","breadcrumb":{"@id":"https:\/\/digpro.com\/de\/privacy-policy\/#breadcrumb"},"inLanguage":"de","potentialAction":[{"@type":"ReadAction","target":["https:\/\/digpro.com\/de\/privacy-policy\/"]}]},{"@type":"BreadcrumbList","@id":"https:\/\/digpro.com\/de\/privacy-policy\/#breadcrumb","itemListElement":[{"@type":"ListItem","position":1,"name":"Home","item":"https:\/\/digpro.com\/de\/"},{"@type":"ListItem","position":2,"name":"Privacy policy"}]},{"@type":"WebSite","@id":"https:\/\/digpro.com\/de\/#website","url":"https:\/\/digpro.com\/de\/","name":"Digpro (DE)","description":"Leading geographic information technologies","publisher":{"@id":"https:\/\/digpro.com\/de\/#organization"},"potentialAction":[{"@type":"SearchAction","target":{"@type":"EntryPoint","urlTemplate":"https:\/\/digpro.com\/de\/?s={search_term_string}"},"query-input":{"@type":"PropertyValueSpecification","valueRequired":true,"valueName":"search_term_string"}}],"inLanguage":"de"},{"@type":"Organization","@id":"https:\/\/digpro.com\/de\/#organization","name":"Digpro","url":"https:\/\/digpro.com\/de\/","logo":{"@type":"ImageObject","inLanguage":"de","@id":"https:\/\/digpro.com\/de\/#\/schema\/logo\/image\/","url":"https:\/\/digpro.com\/wp-content\/uploads\/2020\/09\/1_Digpro_logo_vektor_pos.svg","contentUrl":"https:\/\/digpro.com\/wp-content\/uploads\/2020\/09\/1_Digpro_logo_vektor_pos.svg","width":1,"height":1,"caption":"Digpro"},"image":{"@id":"https:\/\/digpro.com\/de\/#\/schema\/logo\/image\/"},"sameAs":["https:\/\/www.facebook.com\/digproab","https:\/\/www.instagram.com\/lifeatdigpro\/","https:\/\/www.linkedin.com\/company\/digpro-ab\/"]}]}},"publishpress_future_action":{"enabled":false,"date":"2026-05-07 01:32:32","action":"change-status","newStatus":"draft","terms":[],"taxonomy":"translation_priority","extraData":[]},"publishpress_future_workflow_manual_trigger":{"enabledWorkflows":[]},"_links":{"self":[{"href":"https:\/\/digpro.com\/de\/wp-json\/wp\/v2\/pages\/5607","targetHints":{"allow":["GET"]}}],"collection":[{"href":"https:\/\/digpro.com\/de\/wp-json\/wp\/v2\/pages"}],"about":[{"href":"https:\/\/digpro.com\/de\/wp-json\/wp\/v2\/types\/page"}],"author":[{"embeddable":true,"href":"https:\/\/digpro.com\/de\/wp-json\/wp\/v2\/users\/1"}],"replies":[{"embeddable":true,"href":"https:\/\/digpro.com\/de\/wp-json\/wp\/v2\/comments?post=5607"}],"version-history":[{"count":0,"href":"https:\/\/digpro.com\/de\/wp-json\/wp\/v2\/pages\/5607\/revisions"}],"wp:attachment":[{"href":"https:\/\/digpro.com\/de\/wp-json\/wp\/v2\/media?parent=5607"}],"curies":[{"name":"wp","href":"https:\/\/api.w.org\/{rel}","templated":true}]}}