{"id":18843,"date":"2022-09-08T11:38:15","date_gmt":"2022-09-08T09:38:15","guid":{"rendered":"https:\/\/digpro.com\/?page_id=18843"},"modified":"2023-06-20T12:07:56","modified_gmt":"2023-06-20T10:07:56","slug":"personopplysningspolicy","status":"publish","type":"page","link":"https:\/\/digpro.com\/no\/personopplysningspolicy\/","title":{"rendered":"personopplysningspolicy"},"content":{"rendered":"\t\t<div data-elementor-type=\"wp-page\" data-elementor-id=\"18843\" class=\"elementor elementor-18843 elementor-900\" data-elementor-post-type=\"page\">\n\t\t\t\t\t\t<section class=\"elementor-section elementor-top-section elementor-element elementor-element-9c4b0d0 elementor-section-boxed elementor-section-height-default elementor-section-height-default\" data-id=\"9c4b0d0\" data-element_type=\"section\" data-e-type=\"section\">\n\t\t\t\t\t\t<div class=\"elementor-container elementor-column-gap-default\">\n\t\t\t\t\t<div class=\"elementor-column elementor-col-100 elementor-top-column elementor-element elementor-element-ed433d9\" data-id=\"ed433d9\" data-element_type=\"column\" data-e-type=\"column\">\n\t\t\t<div class=\"elementor-widget-wrap elementor-element-populated\">\n\t\t\t\t\t\t<div class=\"elementor-element elementor-element-cbade6a elementor-widget elementor-widget-heading\" data-id=\"cbade6a\" data-element_type=\"widget\" data-e-type=\"widget\" data-widget_type=\"heading.default\">\n\t\t\t\t<div class=\"elementor-widget-container\">\n\t\t\t\t\t<h1 class=\"elementor-heading-title elementor-size-medium\">Personopplysningspolicy<\/h1>\t\t\t\t<\/div>\n\t\t\t\t<\/div>\n\t\t\t\t<div class=\"elementor-element elementor-element-14f908c elementor-widget elementor-widget-text-editor\" data-id=\"14f908c\" data-element_type=\"widget\" data-e-type=\"widget\" data-widget_type=\"text-editor.default\">\n\t\t\t\t<div class=\"elementor-widget-container\">\n\t\t\t\t\t\t\t\t\t<h1><strong style=\"color: var(--ast-global-color-2); font-size: 1.5rem;\">V\u00c5RT PERSONVERN<\/strong><br><\/h1>\n<p>Vi lagrer og h\u00e5ndterer personopplysningene dine i samsvar med Personvernforordningen, GDPR. Personopplysninger er informasjon som, direkte eller indirekte, kan knyttes til deg som enkeltperson, for eksempel navn eller kontaktinformasjon.<\/p>\n<h2>&nbsp;<\/h2>\n<h2>PERSONOPPLYSNINGER SOM VI BEHANDLER OM DEG<\/h2>\n<p>I din kontakt med oss kan du gi oss visse personopplysninger, for eksempel n\u00e5r du kj\u00f8per noe eller abonnerer p\u00e5 v\u00e5rt nyhetsbrev. Vi vil da behandle personopplysningene du har oppgitt. Vi behandler aldri personopplysningene dine i lengre tid enn det som er tillatt i henhold til gjeldene lov, forskrift, paksis eller myndighetsvedtak. Hvis du vil vite hvilken informasjon vi har om deg, eller endre eller slette informasjonen din, kan du sende en e-post til sales@digpro.se<\/p>\n<h2>&nbsp;<\/h2>\n<h2>DATAINSPEKSJONEN<\/h2>\n<p>Datatilsynet har mer informasjon om GDPR og dine rettigheter til \u00e5penhet og kontroll over hvordan personopplysningene dine behandles. Her kan du ogs\u00e5 sende inn en klage dersom du mener at dataene dine ikke er korrekt behandlet. Les mer om GDPR og dine rettigheter p\u00e5 Datatilsynets nettside.<\/p>\n<h2>&nbsp;<\/h2>\n<h2>KONTROLLER FOR PERSONDATA<\/h2>\n<p>Digpro Solutions AB<br>Ulriksborgsgatan 5<br>112 18 Stockholm<br>+46 8 50 63 26 00<br>sales@digpro.se<\/p>\t\t\t\t\t\t\t\t<\/div>\n\t\t\t\t<\/div>\n\t\t\t\t\t<\/div>\n\t\t<\/div>\n\t\t\t\t\t<\/div>\n\t\t<\/section>\n\t\t\t\t<\/div>\n\t\t","protected":false},"excerpt":{"rendered":"<p>Personopplysningspolicy V\u00c5RT PERSONVERN Vi lagrer og h\u00e5ndterer personopplysningene dine i samsvar med Personvernforordningen, GDPR. Personopplysninger er informasjon som, direkte eller indirekte, kan knyttes til deg som enkeltperson, for eksempel navn eller kontaktinformasjon. &nbsp; PERSONOPPLYSNINGER SOM VI BEHANDLER OM DEG I din kontakt med oss kan du gi oss visse personopplysninger, for eksempel n\u00e5r du kj\u00f8per [&hellip;]<\/p>\n","protected":false},"author":1,"featured_media":0,"parent":0,"menu_order":0,"comment_status":"closed","ping_status":"closed","template":"","meta":{"content-type":"","_monsterinsights_skip_tracking":false,"_monsterinsights_sitenote_active":false,"_monsterinsights_sitenote_note":"","_monsterinsights_sitenote_category":0,"site-sidebar-layout":"no-sidebar","site-content-layout":"page-builder","ast-site-content-layout":"default","site-content-style":"default","site-sidebar-style":"default","ast-global-header-display":"","ast-banner-title-visibility":"","ast-main-header-display":"","ast-hfb-above-header-display":"","ast-hfb-below-header-display":"","ast-hfb-mobile-header-display":"","site-post-title":"disabled","ast-breadcrumbs-content":"","ast-featured-img":"disabled","footer-sml-layout":"","ast-disable-related-posts":"","theme-transparent-header-meta":"default","adv-header-id-meta":"","stick-header-meta":"default","header-above-stick-meta":"","header-main-stick-meta":"","header-below-stick-meta":"","astra-migrate-meta-layouts":"default","ast-page-background-enabled":"default","ast-page-background-meta":{"desktop":{"background-color":"","background-image":"","background-repeat":"repeat","background-position":"center center","background-size":"auto","background-attachment":"scroll","background-type":"","background-media":"","overlay-type":"","overlay-color":"","overlay-opacity":"","overlay-gradient":""},"tablet":{"background-color":"","background-image":"","background-repeat":"repeat","background-position":"center center","background-size":"auto","background-attachment":"scroll","background-type":"","background-media":"","overlay-type":"","overlay-color":"","overlay-opacity":"","overlay-gradient":""},"mobile":{"background-color":"","background-image":"","background-repeat":"repeat","background-position":"center center","background-size":"auto","background-attachment":"scroll","background-type":"","background-media":"","overlay-type":"","overlay-color":"","overlay-opacity":"","overlay-gradient":""}},"ast-content-background-meta":{"desktop":{"background-color":"var(--ast-global-color-5)","background-image":"","background-repeat":"repeat","background-position":"center center","background-size":"auto","background-attachment":"scroll","background-type":"","background-media":"","overlay-type":"","overlay-color":"","overlay-opacity":"","overlay-gradient":""},"tablet":{"background-color":"var(--ast-global-color-5)","background-image":"","background-repeat":"repeat","background-position":"center center","background-size":"auto","background-attachment":"scroll","background-type":"","background-media":"","overlay-type":"","overlay-color":"","overlay-opacity":"","overlay-gradient":""},"mobile":{"background-color":"var(--ast-global-color-5)","background-image":"","background-repeat":"repeat","background-position":"center center","background-size":"auto","background-attachment":"scroll","background-type":"","background-media":"","overlay-type":"","overlay-color":"","overlay-opacity":"","overlay-gradient":""}},"footnotes":""},"class_list":["post-18843","page","type-page","status-publish","hentry"],"yoast_head":"<!-- This site is optimized with the Yoast SEO plugin v26.9 - https:\/\/yoast.com\/product\/yoast-seo-wordpress\/ -->\n<title>personopplysningspolicy - Digpro (NO)<\/title>\n<meta name=\"robots\" content=\"index, follow, max-snippet:-1, max-image-preview:large, max-video-preview:-1\" \/>\n<link rel=\"canonical\" href=\"https:\/\/digpro.com\/no\/personopplysningspolicy\/\" \/>\n<meta property=\"og:locale\" content=\"en_US\" \/>\n<meta property=\"og:type\" content=\"article\" \/>\n<meta property=\"og:title\" content=\"personopplysningspolicy - Digpro (NO)\" \/>\n<meta property=\"og:description\" content=\"Personopplysningspolicy V\u00c5RT PERSONVERN Vi lagrer og h\u00e5ndterer personopplysningene dine i samsvar med Personvernforordningen, GDPR. Personopplysninger er informasjon som, direkte eller indirekte, kan knyttes til deg som enkeltperson, for eksempel navn eller kontaktinformasjon. &nbsp; PERSONOPPLYSNINGER SOM VI BEHANDLER OM DEG I din kontakt med oss kan du gi oss visse personopplysninger, for eksempel n\u00e5r du kj\u00f8per [&hellip;]\" \/>\n<meta property=\"og:url\" content=\"https:\/\/digpro.com\/no\/personopplysningspolicy\/\" \/>\n<meta property=\"og:site_name\" content=\"Digpro (NO)\" \/>\n<meta property=\"article:publisher\" content=\"https:\/\/www.facebook.com\/digproab\" \/>\n<meta property=\"article:modified_time\" content=\"2023-06-20T10:07:56+00:00\" \/>\n<meta name=\"twitter:card\" content=\"summary_large_image\" \/>\n<meta name=\"twitter:label1\" content=\"Est. reading time\" \/>\n\t<meta name=\"twitter:data1\" content=\"1 minute\" \/>\n<script type=\"application\/ld+json\" class=\"yoast-schema-graph\">{\"@context\":\"https:\/\/schema.org\",\"@graph\":[{\"@type\":\"WebPage\",\"@id\":\"https:\/\/digpro.com\/no\/personopplysningspolicy\/\",\"url\":\"https:\/\/digpro.com\/no\/personopplysningspolicy\/\",\"name\":\"personopplysningspolicy - Digpro (NO)\",\"isPartOf\":{\"@id\":\"https:\/\/digpro.com\/no\/#website\"},\"datePublished\":\"2022-09-08T09:38:15+00:00\",\"dateModified\":\"2023-06-20T10:07:56+00:00\",\"breadcrumb\":{\"@id\":\"https:\/\/digpro.com\/no\/personopplysningspolicy\/#breadcrumb\"},\"inLanguage\":\"no-NO\",\"potentialAction\":[{\"@type\":\"ReadAction\",\"target\":[\"https:\/\/digpro.com\/no\/personopplysningspolicy\/\"]}]},{\"@type\":\"BreadcrumbList\",\"@id\":\"https:\/\/digpro.com\/no\/personopplysningspolicy\/#breadcrumb\",\"itemListElement\":[{\"@type\":\"ListItem\",\"position\":1,\"name\":\"Home\",\"item\":\"https:\/\/digpro.com\/no\/\"},{\"@type\":\"ListItem\",\"position\":2,\"name\":\"personopplysningspolicy\"}]},{\"@type\":\"WebSite\",\"@id\":\"https:\/\/digpro.com\/no\/#website\",\"url\":\"https:\/\/digpro.com\/no\/\",\"name\":\"Digpro (NO)\",\"description\":\"Leading geographic information technologies\",\"publisher\":{\"@id\":\"https:\/\/digpro.com\/no\/#organization\"},\"potentialAction\":[{\"@type\":\"SearchAction\",\"target\":{\"@type\":\"EntryPoint\",\"urlTemplate\":\"https:\/\/digpro.com\/no\/?s={search_term_string}\"},\"query-input\":{\"@type\":\"PropertyValueSpecification\",\"valueRequired\":true,\"valueName\":\"search_term_string\"}}],\"inLanguage\":\"no-NO\"},{\"@type\":\"Organization\",\"@id\":\"https:\/\/digpro.com\/no\/#organization\",\"name\":\"Digpro\",\"url\":\"https:\/\/digpro.com\/no\/\",\"logo\":{\"@type\":\"ImageObject\",\"inLanguage\":\"no-NO\",\"@id\":\"https:\/\/digpro.com\/no\/#\/schema\/logo\/image\/\",\"url\":\"https:\/\/digpro.com\/wp-content\/uploads\/2020\/09\/1_Digpro_logo_vektor_pos.svg\",\"contentUrl\":\"https:\/\/digpro.com\/wp-content\/uploads\/2020\/09\/1_Digpro_logo_vektor_pos.svg\",\"width\":1,\"height\":1,\"caption\":\"Digpro\"},\"image\":{\"@id\":\"https:\/\/digpro.com\/no\/#\/schema\/logo\/image\/\"},\"sameAs\":[\"https:\/\/www.facebook.com\/digproab\",\"https:\/\/www.instagram.com\/lifeatdigpro\/\",\"https:\/\/www.linkedin.com\/company\/digpro-ab\/\"]}]}<\/script>\n<!-- \/ Yoast SEO plugin. -->","yoast_head_json":{"title":"personopplysningspolicy - Digpro (NO)","robots":{"index":"index","follow":"follow","max-snippet":"max-snippet:-1","max-image-preview":"max-image-preview:large","max-video-preview":"max-video-preview:-1"},"canonical":"https:\/\/digpro.com\/no\/personopplysningspolicy\/","og_locale":"en_US","og_type":"article","og_title":"personopplysningspolicy - Digpro (NO)","og_description":"Personopplysningspolicy V\u00c5RT PERSONVERN Vi lagrer og h\u00e5ndterer personopplysningene dine i samsvar med Personvernforordningen, GDPR. Personopplysninger er informasjon som, direkte eller indirekte, kan knyttes til deg som enkeltperson, for eksempel navn eller kontaktinformasjon. &nbsp; PERSONOPPLYSNINGER SOM VI BEHANDLER OM DEG I din kontakt med oss kan du gi oss visse personopplysninger, for eksempel n\u00e5r du kj\u00f8per [&hellip;]","og_url":"https:\/\/digpro.com\/no\/personopplysningspolicy\/","og_site_name":"Digpro (NO)","article_publisher":"https:\/\/www.facebook.com\/digproab","article_modified_time":"2023-06-20T10:07:56+00:00","twitter_card":"summary_large_image","twitter_misc":{"Est. reading time":"1 minute"},"schema":{"@context":"https:\/\/schema.org","@graph":[{"@type":"WebPage","@id":"https:\/\/digpro.com\/no\/personopplysningspolicy\/","url":"https:\/\/digpro.com\/no\/personopplysningspolicy\/","name":"personopplysningspolicy - Digpro (NO)","isPartOf":{"@id":"https:\/\/digpro.com\/no\/#website"},"datePublished":"2022-09-08T09:38:15+00:00","dateModified":"2023-06-20T10:07:56+00:00","breadcrumb":{"@id":"https:\/\/digpro.com\/no\/personopplysningspolicy\/#breadcrumb"},"inLanguage":"no-NO","potentialAction":[{"@type":"ReadAction","target":["https:\/\/digpro.com\/no\/personopplysningspolicy\/"]}]},{"@type":"BreadcrumbList","@id":"https:\/\/digpro.com\/no\/personopplysningspolicy\/#breadcrumb","itemListElement":[{"@type":"ListItem","position":1,"name":"Home","item":"https:\/\/digpro.com\/no\/"},{"@type":"ListItem","position":2,"name":"personopplysningspolicy"}]},{"@type":"WebSite","@id":"https:\/\/digpro.com\/no\/#website","url":"https:\/\/digpro.com\/no\/","name":"Digpro (NO)","description":"Leading geographic information technologies","publisher":{"@id":"https:\/\/digpro.com\/no\/#organization"},"potentialAction":[{"@type":"SearchAction","target":{"@type":"EntryPoint","urlTemplate":"https:\/\/digpro.com\/no\/?s={search_term_string}"},"query-input":{"@type":"PropertyValueSpecification","valueRequired":true,"valueName":"search_term_string"}}],"inLanguage":"no-NO"},{"@type":"Organization","@id":"https:\/\/digpro.com\/no\/#organization","name":"Digpro","url":"https:\/\/digpro.com\/no\/","logo":{"@type":"ImageObject","inLanguage":"no-NO","@id":"https:\/\/digpro.com\/no\/#\/schema\/logo\/image\/","url":"https:\/\/digpro.com\/wp-content\/uploads\/2020\/09\/1_Digpro_logo_vektor_pos.svg","contentUrl":"https:\/\/digpro.com\/wp-content\/uploads\/2020\/09\/1_Digpro_logo_vektor_pos.svg","width":1,"height":1,"caption":"Digpro"},"image":{"@id":"https:\/\/digpro.com\/no\/#\/schema\/logo\/image\/"},"sameAs":["https:\/\/www.facebook.com\/digproab","https:\/\/www.instagram.com\/lifeatdigpro\/","https:\/\/www.linkedin.com\/company\/digpro-ab\/"]}]}},"publishpress_future_action":{"enabled":false,"date":"2026-05-07 03:08:08","action":"change-status","newStatus":"draft","terms":[],"taxonomy":"translation_priority","extraData":[]},"publishpress_future_workflow_manual_trigger":{"enabledWorkflows":[]},"_links":{"self":[{"href":"https:\/\/digpro.com\/no\/wp-json\/wp\/v2\/pages\/18843","targetHints":{"allow":["GET"]}}],"collection":[{"href":"https:\/\/digpro.com\/no\/wp-json\/wp\/v2\/pages"}],"about":[{"href":"https:\/\/digpro.com\/no\/wp-json\/wp\/v2\/types\/page"}],"author":[{"embeddable":true,"href":"https:\/\/digpro.com\/no\/wp-json\/wp\/v2\/users\/1"}],"replies":[{"embeddable":true,"href":"https:\/\/digpro.com\/no\/wp-json\/wp\/v2\/comments?post=18843"}],"version-history":[{"count":0,"href":"https:\/\/digpro.com\/no\/wp-json\/wp\/v2\/pages\/18843\/revisions"}],"wp:attachment":[{"href":"https:\/\/digpro.com\/no\/wp-json\/wp\/v2\/media?parent=18843"}],"curies":[{"name":"wp","href":"https:\/\/api.w.org\/{rel}","templated":true}]}}