{"id":23562,"date":"2023-02-21T14:55:18","date_gmt":"2023-02-21T13:55:18","guid":{"rendered":"https:\/\/digpro.com\/?page_id=23562"},"modified":"2023-02-21T15:37:37","modified_gmt":"2023-02-21T14:37:37","slug":"iverksetting","status":"publish","type":"page","link":"https:\/\/digpro.com\/no\/iverksetting\/","title":{"rendered":"Iverksetting"},"content":{"rendered":"\t\t<div data-elementor-type=\"wp-page\" data-elementor-id=\"23562\" class=\"elementor elementor-23562 elementor-251\" data-elementor-post-type=\"page\">\n\t\t\t\t\t\t<section class=\"elementor-section elementor-top-section elementor-element elementor-element-1b10fc10 elementor-section-height-min-height elementor-section-boxed elementor-section-height-default elementor-section-items-middle\" data-id=\"1b10fc10\" data-element_type=\"section\" data-e-type=\"section\" data-settings=\"{&quot;background_background&quot;:&quot;classic&quot;}\">\n\t\t\t\t\t\t\t<div class=\"elementor-background-overlay\"><\/div>\n\t\t\t\t\t\t\t<div class=\"elementor-container elementor-column-gap-default\">\n\t\t\t\t\t<div class=\"elementor-column elementor-col-50 elementor-top-column elementor-element elementor-element-5719432b\" data-id=\"5719432b\" data-element_type=\"column\" data-e-type=\"column\">\n\t\t\t<div class=\"elementor-widget-wrap elementor-element-populated\">\n\t\t\t\t\t\t<div class=\"elementor-element elementor-element-1995e118 elementor-widget elementor-widget-heading\" data-id=\"1995e118\" data-element_type=\"widget\" data-e-type=\"widget\" data-widget_type=\"heading.default\">\n\t\t\t\t<div class=\"elementor-widget-container\">\n\t\t\t\t\t<h1 class=\"elementor-heading-title elementor-size-default\">Iverksetting<\/h1>\t\t\t\t<\/div>\n\t\t\t\t<\/div>\n\t\t\t\t<div class=\"elementor-element elementor-element-2cc16ffd elementor-invisible elementor-widget elementor-widget-heading\" data-id=\"2cc16ffd\" data-element_type=\"widget\" data-e-type=\"widget\" data-settings=\"{&quot;_animation&quot;:&quot;fadeIn&quot;,&quot;_animation_delay&quot;:&quot;150&quot;}\" data-widget_type=\"heading.default\">\n\t\t\t\t<div class=\"elementor-widget-container\">\n\t\t\t\t\t<h2 class=\"elementor-heading-title elementor-size-default\">Samarbeid p\u00e5 tvers av avdelinger, effektiviser driftsprosesser og oppn\u00e5 h\u00f8yere ytelse med Digpro-l\u00f8sninger for forsyningsselskap.<\/h2>\t\t\t\t<\/div>\n\t\t\t\t<\/div>\n\t\t\t\t\t<\/div>\n\t\t<\/div>\n\t\t\t\t<div class=\"elementor-column elementor-col-50 elementor-top-column elementor-element elementor-element-244ceede\" data-id=\"244ceede\" data-element_type=\"column\" data-e-type=\"column\">\n\t\t\t<div class=\"elementor-widget-wrap\">\n\t\t\t\t\t\t\t<\/div>\n\t\t<\/div>\n\t\t\t\t\t<\/div>\n\t\t<\/section>\n\t\t\t\t<section class=\"elementor-section elementor-top-section elementor-element elementor-element-3541a721 elementor-section-boxed elementor-section-height-default elementor-section-height-default\" data-id=\"3541a721\" data-element_type=\"section\" data-e-type=\"section\" data-settings=\"{&quot;background_background&quot;:&quot;classic&quot;}\">\n\t\t\t\t\t\t<div class=\"elementor-container elementor-column-gap-default\">\n\t\t\t\t\t<div class=\"elementor-column elementor-col-100 elementor-top-column elementor-element elementor-element-1dd828ec\" data-id=\"1dd828ec\" data-element_type=\"column\" data-e-type=\"column\">\n\t\t\t<div class=\"elementor-widget-wrap elementor-element-populated\">\n\t\t\t\t\t\t<div class=\"elementor-element elementor-element-286c4f50 elementor-widget elementor-widget-heading\" data-id=\"286c4f50\" data-element_type=\"widget\" data-e-type=\"widget\" data-widget_type=\"heading.default\">\n\t\t\t\t<div class=\"elementor-widget-container\">\n\t\t\t\t\t<h2 class=\"elementor-heading-title elementor-size-default\">Enkelt \u00e5 iverksette<\/h2>\t\t\t\t<\/div>\n\t\t\t\t<\/div>\n\t\t\t\t<div class=\"elementor-element elementor-element-733f3746 elementor-widget elementor-widget-text-editor\" data-id=\"733f3746\" data-element_type=\"widget\" data-e-type=\"widget\" data-widget_type=\"text-editor.default\">\n\t\t\t\t<div class=\"elementor-widget-container\">\n\t\t\t\t\t\t\t\t\t<p>Digpro tilbyr rask iverksetting av p\u00e5litelige, spesialbygde industril\u00f8sninger som forbedrer brukeropplevelsen og \u00f8ker driftseffektiviteten.<\/p><p>N\u00e5r du iverksetter Digpro-l\u00f8sninger, kan du tilpasse prosessen via en trinnvis utrulling i faser av ny funksjonalitet og teknologi. Vi har finjustert og forbedret iverksettingsprosessen over mange \u00e5r. Dette sikrer at din nye Digpro-l\u00f8sning vil v\u00e6re oppe og g\u00e5r i tide og innenfor budsjett, med \u00e5penhet og kontroll gjennom hele prosessen.<\/p>\t\t\t\t\t\t\t\t<\/div>\n\t\t\t\t<\/div>\n\t\t\t\t<div class=\"elementor-element elementor-element-5539a21 elementor-widget elementor-widget-heading\" data-id=\"5539a21\" data-element_type=\"widget\" data-e-type=\"widget\" data-widget_type=\"heading.default\">\n\t\t\t\t<div class=\"elementor-widget-container\">\n\t\t\t\t\t<h2 class=\"elementor-heading-title elementor-size-default\">Oppl\u00e6ring p\u00e5 den raske og praktiske m\u00e5ten<\/h2>\t\t\t\t<\/div>\n\t\t\t\t<\/div>\n\t\t\t\t<div class=\"elementor-element elementor-element-27d6b4c elementor-widget elementor-widget-text-editor\" data-id=\"27d6b4c\" data-element_type=\"widget\" data-e-type=\"widget\" data-widget_type=\"text-editor.default\">\n\t\t\t\t<div class=\"elementor-widget-container\">\n\t\t\t\t\t\t\t\t\t<p>Med v\u00e5rt nettbaserte l\u00e6remateriell f\u00e5r du kontinuerlig tilgang til oppl\u00e6ringsmateriell og klasseromsoppl\u00e6ring eller veiledninger. P\u00e5 denne m\u00e5ten f\u00e5r de ansatte rollebasert oppl\u00e6ring som raskt forbedrer deres ferdigheter og evnen til \u00e5 utnytte systemets muligheter fullt ut.<\/p>\t\t\t\t\t\t\t\t<\/div>\n\t\t\t\t<\/div>\n\t\t\t\t<div class=\"elementor-element elementor-element-77ba438a elementor-widget elementor-widget-heading\" data-id=\"77ba438a\" data-element_type=\"widget\" data-e-type=\"widget\" data-widget_type=\"heading.default\">\n\t\t\t\t<div class=\"elementor-widget-container\">\n\t\t\t\t\t<h2 class=\"elementor-heading-title elementor-size-default\">Vi samarbeider med deg for en vellykket iverksettingsprosess<\/h2>\t\t\t\t<\/div>\n\t\t\t\t<\/div>\n\t\t\t\t<div class=\"elementor-element elementor-element-394b5d0e elementor-widget elementor-widget-text-editor\" data-id=\"394b5d0e\" data-element_type=\"widget\" data-e-type=\"widget\" data-widget_type=\"text-editor.default\">\n\t\t\t\t<div class=\"elementor-widget-container\">\n\t\t\t\t\t\t\t\t\t<p>Slik fungerer det. F\u00f8rst setter en Digpro-prosjektleder sammen et team med de spesifikke ferdigheter og erfaring som kreves for en vellykket iverksetting.<\/p><p>I samarbeid med kundens utpekte kontakt, styrer v\u00e5r prosjektleder deretter arbeidsflyten, og sikrer at alt arbeid utf\u00f8res i henhold til v\u00e5r velpr\u00f8vde metodikk, kontrakten og avtalte forventninger. Resultatet? Ferdigstilling i henhold til timeplan, innenfor budsjettet.<\/p><p>Prosjektstyringen avhenger av en styringskomit\u00e9, inkludert kunde- og Digpro-sponsorer. Regelmessige prosjektstatusm\u00f8ter og rutinemessig rapportering holder alle parter informert om fremdrift, potensielle risikoer og mulige avvik fra tidsplan eller budsjett. \u00c5 kunne identifisere potensielle problemer eller hindringer proaktivt gj\u00f8r at de kan l\u00f8ses eller fjernes.<\/p><p>Den generiske leveringsmodellen for implementering av store prosjekter best\u00e5r vanligvis av f\u00f8lgende milep\u00e6ler p\u00e5 h\u00f8yt niv\u00e5:<\/p><ul><li>M1 Prosjektoppstart<\/li><li><span style=\"font-size: 16px;\">M2 Utforming ferdig eller klar for iverksetting<\/span><\/li><li>M3 Testing av fabrikkgodkjenning (systemet er installert og grunnleggende konfigurasjon utf\u00f8rt)<\/li><li>M4 Forel\u00f8pig aksepttesting (systemet er klart for igangkj\u00f8ring)<\/li><li>M5 Igangsetting (systemet igangsettes)<\/li><li>M6 Godkjent levering<\/li><\/ul>\t\t\t\t\t\t\t\t<\/div>\n\t\t\t\t<\/div>\n\t\t\t\t<div class=\"elementor-element elementor-element-197caf50 elementor-widget elementor-widget-heading\" data-id=\"197caf50\" data-element_type=\"widget\" data-e-type=\"widget\" data-widget_type=\"heading.default\">\n\t\t\t\t<div class=\"elementor-widget-container\">\n\t\t\t\t\t<h2 class=\"elementor-heading-title elementor-size-default\">Utgivelser \u2013 rask og p\u00e5litelig<\/h2>\t\t\t\t<\/div>\n\t\t\t\t<\/div>\n\t\t\t\t<div class=\"elementor-element elementor-element-7b3c613c elementor-widget elementor-widget-text-editor\" data-id=\"7b3c613c\" data-element_type=\"widget\" data-e-type=\"widget\" data-widget_type=\"text-editor.default\">\n\t\t\t\t<div class=\"elementor-widget-container\">\n\t\t\t\t\t\t\t\t\t<p>Etter at en Digpro-l\u00f8sning har blitt iverksatt, tilbyr vi to \u00e5rlige utgivelser. Det er enkelt \u00e5 oppgradere til en ny utgivelse. Vi bruker en etablert rutine for en rask utgivelse. For deg som kunde tar det bare noen f\u00e5 timer. Vi oppgraderer vanligvis klienter innen to uker etter bestillingen.<\/p>\t\t\t\t\t\t\t\t<\/div>\n\t\t\t\t<\/div>\n\t\t\t\t\t<\/div>\n\t\t<\/div>\n\t\t\t\t\t<\/div>\n\t\t<\/section>\n\t\t\t\t<section class=\"elementor-section elementor-top-section elementor-element elementor-element-e23668b elementor-section-full_width elementor-section-content-bottom elementor-reverse-mobile elementor-section-stretched elementor-section-height-default elementor-section-height-default\" data-id=\"e23668b\" data-element_type=\"section\" data-e-type=\"section\" data-settings=\"{&quot;stretch_section&quot;:&quot;section-stretched&quot;}\">\n\t\t\t\t\t\t<div class=\"elementor-container elementor-column-gap-default\">\n\t\t\t\t\t<div class=\"elementor-column elementor-col-50 elementor-top-column elementor-element elementor-element-7394d9c2\" data-id=\"7394d9c2\" data-element_type=\"column\" data-e-type=\"column\" data-settings=\"{&quot;background_background&quot;:&quot;classic&quot;}\">\n\t\t\t<div class=\"elementor-widget-wrap elementor-element-populated\">\n\t\t\t\t\t\t<div class=\"elementor-element elementor-element-6586a22 elementor-widget elementor-widget-text-editor\" data-id=\"6586a22\" data-element_type=\"widget\" data-e-type=\"widget\" data-widget_type=\"text-editor.default\">\n\t\t\t\t<div class=\"elementor-widget-container\">\n\t\t\t\t\t\t\t\t\t<p><strong>Oppl\u00e6ring hos kunder<\/strong><\/p>\t\t\t\t\t\t\t\t<\/div>\n\t\t\t\t<\/div>\n\t\t\t\t<div class=\"elementor-element elementor-element-77382118 elementor-widget elementor-widget-text-editor\" data-id=\"77382118\" data-element_type=\"widget\" data-e-type=\"widget\" data-widget_type=\"text-editor.default\">\n\t\t\t\t<div class=\"elementor-widget-container\">\n\t\t\t\t\t\t\t\t\tVi kan tilby oppl\u00e6ring p\u00e5 v\u00e5re kunders kontorer dersom dette er \u00f8nskelig. Ta kontakt med oss for et tilbud.\n\t\t\t\t\t\t\t\t<\/div>\n\t\t\t\t<\/div>\n\t\t\t\t<div class=\"elementor-element elementor-element-4ae1dd66 elementor-mobile-align-justify elementor-widget elementor-widget-button\" data-id=\"4ae1dd66\" data-element_type=\"widget\" data-e-type=\"widget\" data-widget_type=\"button.default\">\n\t\t\t\t<div class=\"elementor-widget-container\">\n\t\t\t\t\t\t\t\t\t<div class=\"elementor-button-wrapper\">\n\t\t\t\t\t<a class=\"elementor-button elementor-button-link elementor-size-xs\" href=\"https:\/\/digpro.com\/no\/kontakt\/\">\n\t\t\t\t\t\t<span class=\"elementor-button-content-wrapper\">\n\t\t\t\t\t\t\t\t\t<span class=\"elementor-button-text\">kontakt oss<\/span>\n\t\t\t\t\t<\/span>\n\t\t\t\t\t<\/a>\n\t\t\t\t<\/div>\n\t\t\t\t\t\t\t\t<\/div>\n\t\t\t\t<\/div>\n\t\t\t\t<div class=\"elementor-element elementor-element-52bb8edd elementor-widget elementor-widget-spacer\" data-id=\"52bb8edd\" data-element_type=\"widget\" data-e-type=\"widget\" data-widget_type=\"spacer.default\">\n\t\t\t\t<div class=\"elementor-widget-container\">\n\t\t\t\t\t\t\t<div class=\"elementor-spacer\">\n\t\t\t<div class=\"elementor-spacer-inner\"><\/div>\n\t\t<\/div>\n\t\t\t\t\t\t<\/div>\n\t\t\t\t<\/div>\n\t\t\t\t\t<\/div>\n\t\t<\/div>\n\t\t\t\t<div class=\"elementor-column elementor-col-50 elementor-top-column elementor-element elementor-element-318eb9e8\" data-id=\"318eb9e8\" data-element_type=\"column\" data-e-type=\"column\" data-settings=\"{&quot;background_background&quot;:&quot;classic&quot;}\">\n\t\t\t<div class=\"elementor-widget-wrap elementor-element-populated\">\n\t\t\t\t\t\t<div class=\"elementor-element elementor-element-62e6ad55 elementor-widget elementor-widget-spacer\" data-id=\"62e6ad55\" data-element_type=\"widget\" data-e-type=\"widget\" data-widget_type=\"spacer.default\">\n\t\t\t\t<div class=\"elementor-widget-container\">\n\t\t\t\t\t\t\t<div class=\"elementor-spacer\">\n\t\t\t<div class=\"elementor-spacer-inner\"><\/div>\n\t\t<\/div>\n\t\t\t\t\t\t<\/div>\n\t\t\t\t<\/div>\n\t\t\t\t\t<\/div>\n\t\t<\/div>\n\t\t\t\t\t<\/div>\n\t\t<\/section>\n\t\t\t\t<\/div>\n\t\t","protected":false},"excerpt":{"rendered":"<p>Iverksetting Samarbeid p\u00e5 tvers av avdelinger, effektiviser driftsprosesser og oppn\u00e5 h\u00f8yere ytelse med Digpro-l\u00f8sninger for forsyningsselskap. Enkelt \u00e5 iverksette Digpro tilbyr rask iverksetting av p\u00e5litelige, spesialbygde industril\u00f8sninger som forbedrer brukeropplevelsen og \u00f8ker driftseffektiviteten. N\u00e5r du iverksetter Digpro-l\u00f8sninger, kan du tilpasse prosessen via en trinnvis utrulling i faser av ny funksjonalitet og teknologi. Vi har finjustert [&hellip;]<\/p>\n","protected":false},"author":1,"featured_media":0,"parent":0,"menu_order":0,"comment_status":"closed","ping_status":"closed","template":"","meta":{"content-type":"","_monsterinsights_skip_tracking":false,"_monsterinsights_sitenote_active":false,"_monsterinsights_sitenote_note":"","_monsterinsights_sitenote_category":0,"site-sidebar-layout":"no-sidebar","site-content-layout":"page-builder","ast-site-content-layout":"default","site-content-style":"default","site-sidebar-style":"default","ast-global-header-display":"","ast-banner-title-visibility":"","ast-main-header-display":"","ast-hfb-above-header-display":"","ast-hfb-below-header-display":"","ast-hfb-mobile-header-display":"","site-post-title":"disabled","ast-breadcrumbs-content":"","ast-featured-img":"disabled","footer-sml-layout":"","ast-disable-related-posts":"","theme-transparent-header-meta":"default","adv-header-id-meta":"","stick-header-meta":"default","header-above-stick-meta":"","header-main-stick-meta":"","header-below-stick-meta":"","astra-migrate-meta-layouts":"default","ast-page-background-enabled":"default","ast-page-background-meta":{"desktop":{"background-color":"","background-image":"","background-repeat":"repeat","background-position":"center center","background-size":"auto","background-attachment":"scroll","background-type":"","background-media":"","overlay-type":"","overlay-color":"","overlay-opacity":"","overlay-gradient":""},"tablet":{"background-color":"","background-image":"","background-repeat":"repeat","background-position":"center center","background-size":"auto","background-attachment":"scroll","background-type":"","background-media":"","overlay-type":"","overlay-color":"","overlay-opacity":"","overlay-gradient":""},"mobile":{"background-color":"","background-image":"","background-repeat":"repeat","background-position":"center center","background-size":"auto","background-attachment":"scroll","background-type":"","background-media":"","overlay-type":"","overlay-color":"","overlay-opacity":"","overlay-gradient":""}},"ast-content-background-meta":{"desktop":{"background-color":"var(--ast-global-color-5)","background-image":"","background-repeat":"repeat","background-position":"center center","background-size":"auto","background-attachment":"scroll","background-type":"","background-media":"","overlay-type":"","overlay-color":"","overlay-opacity":"","overlay-gradient":""},"tablet":{"background-color":"var(--ast-global-color-5)","background-image":"","background-repeat":"repeat","background-position":"center center","background-size":"auto","background-attachment":"scroll","background-type":"","background-media":"","overlay-type":"","overlay-color":"","overlay-opacity":"","overlay-gradient":""},"mobile":{"background-color":"var(--ast-global-color-5)","background-image":"","background-repeat":"repeat","background-position":"center center","background-size":"auto","background-attachment":"scroll","background-type":"","background-media":"","overlay-type":"","overlay-color":"","overlay-opacity":"","overlay-gradient":""}},"footnotes":""},"class_list":["post-23562","page","type-page","status-publish","hentry"],"yoast_head":"<!-- This site is optimized with the Yoast SEO plugin v26.9 - https:\/\/yoast.com\/product\/yoast-seo-wordpress\/ -->\n<title>Iverksetting - Digpro (NO)<\/title>\n<meta name=\"robots\" content=\"index, follow, max-snippet:-1, max-image-preview:large, max-video-preview:-1\" \/>\n<link rel=\"canonical\" href=\"https:\/\/digpro.com\/no\/iverksetting\/\" \/>\n<meta property=\"og:locale\" content=\"en_US\" \/>\n<meta property=\"og:type\" content=\"article\" \/>\n<meta property=\"og:title\" content=\"Iverksetting - Digpro (NO)\" \/>\n<meta property=\"og:description\" content=\"Iverksetting Samarbeid p\u00e5 tvers av avdelinger, effektiviser driftsprosesser og oppn\u00e5 h\u00f8yere ytelse med Digpro-l\u00f8sninger for forsyningsselskap. Enkelt \u00e5 iverksette Digpro tilbyr rask iverksetting av p\u00e5litelige, spesialbygde industril\u00f8sninger som forbedrer brukeropplevelsen og \u00f8ker driftseffektiviteten. N\u00e5r du iverksetter Digpro-l\u00f8sninger, kan du tilpasse prosessen via en trinnvis utrulling i faser av ny funksjonalitet og teknologi. Vi har finjustert [&hellip;]\" \/>\n<meta property=\"og:url\" content=\"https:\/\/digpro.com\/no\/iverksetting\/\" \/>\n<meta property=\"og:site_name\" content=\"Digpro (NO)\" \/>\n<meta property=\"article:publisher\" content=\"https:\/\/www.facebook.com\/digproab\" \/>\n<meta property=\"article:modified_time\" content=\"2023-02-21T14:37:37+00:00\" \/>\n<meta name=\"twitter:card\" content=\"summary_large_image\" \/>\n<meta name=\"twitter:label1\" content=\"Est. reading time\" \/>\n\t<meta name=\"twitter:data1\" content=\"2 minutes\" \/>\n<script type=\"application\/ld+json\" class=\"yoast-schema-graph\">{\"@context\":\"https:\/\/schema.org\",\"@graph\":[{\"@type\":\"WebPage\",\"@id\":\"https:\/\/digpro.com\/no\/iverksetting\/\",\"url\":\"https:\/\/digpro.com\/no\/iverksetting\/\",\"name\":\"Iverksetting - Digpro (NO)\",\"isPartOf\":{\"@id\":\"https:\/\/digpro.com\/no\/#website\"},\"datePublished\":\"2023-02-21T13:55:18+00:00\",\"dateModified\":\"2023-02-21T14:37:37+00:00\",\"breadcrumb\":{\"@id\":\"https:\/\/digpro.com\/no\/iverksetting\/#breadcrumb\"},\"inLanguage\":\"no-NO\",\"potentialAction\":[{\"@type\":\"ReadAction\",\"target\":[\"https:\/\/digpro.com\/no\/iverksetting\/\"]}]},{\"@type\":\"BreadcrumbList\",\"@id\":\"https:\/\/digpro.com\/no\/iverksetting\/#breadcrumb\",\"itemListElement\":[{\"@type\":\"ListItem\",\"position\":1,\"name\":\"Home\",\"item\":\"https:\/\/digpro.com\/no\/\"},{\"@type\":\"ListItem\",\"position\":2,\"name\":\"Iverksetting\"}]},{\"@type\":\"WebSite\",\"@id\":\"https:\/\/digpro.com\/no\/#website\",\"url\":\"https:\/\/digpro.com\/no\/\",\"name\":\"Digpro (NO)\",\"description\":\"Leading geographic information technologies\",\"publisher\":{\"@id\":\"https:\/\/digpro.com\/no\/#organization\"},\"potentialAction\":[{\"@type\":\"SearchAction\",\"target\":{\"@type\":\"EntryPoint\",\"urlTemplate\":\"https:\/\/digpro.com\/no\/?s={search_term_string}\"},\"query-input\":{\"@type\":\"PropertyValueSpecification\",\"valueRequired\":true,\"valueName\":\"search_term_string\"}}],\"inLanguage\":\"no-NO\"},{\"@type\":\"Organization\",\"@id\":\"https:\/\/digpro.com\/no\/#organization\",\"name\":\"Digpro\",\"url\":\"https:\/\/digpro.com\/no\/\",\"logo\":{\"@type\":\"ImageObject\",\"inLanguage\":\"no-NO\",\"@id\":\"https:\/\/digpro.com\/no\/#\/schema\/logo\/image\/\",\"url\":\"https:\/\/digpro.com\/wp-content\/uploads\/2020\/09\/1_Digpro_logo_vektor_pos.svg\",\"contentUrl\":\"https:\/\/digpro.com\/wp-content\/uploads\/2020\/09\/1_Digpro_logo_vektor_pos.svg\",\"width\":1,\"height\":1,\"caption\":\"Digpro\"},\"image\":{\"@id\":\"https:\/\/digpro.com\/no\/#\/schema\/logo\/image\/\"},\"sameAs\":[\"https:\/\/www.facebook.com\/digproab\",\"https:\/\/www.instagram.com\/lifeatdigpro\/\",\"https:\/\/www.linkedin.com\/company\/digpro-ab\/\"]}]}<\/script>\n<!-- \/ Yoast SEO plugin. -->","yoast_head_json":{"title":"Iverksetting - Digpro (NO)","robots":{"index":"index","follow":"follow","max-snippet":"max-snippet:-1","max-image-preview":"max-image-preview:large","max-video-preview":"max-video-preview:-1"},"canonical":"https:\/\/digpro.com\/no\/iverksetting\/","og_locale":"en_US","og_type":"article","og_title":"Iverksetting - Digpro (NO)","og_description":"Iverksetting Samarbeid p\u00e5 tvers av avdelinger, effektiviser driftsprosesser og oppn\u00e5 h\u00f8yere ytelse med Digpro-l\u00f8sninger for forsyningsselskap. Enkelt \u00e5 iverksette Digpro tilbyr rask iverksetting av p\u00e5litelige, spesialbygde industril\u00f8sninger som forbedrer brukeropplevelsen og \u00f8ker driftseffektiviteten. N\u00e5r du iverksetter Digpro-l\u00f8sninger, kan du tilpasse prosessen via en trinnvis utrulling i faser av ny funksjonalitet og teknologi. Vi har finjustert [&hellip;]","og_url":"https:\/\/digpro.com\/no\/iverksetting\/","og_site_name":"Digpro (NO)","article_publisher":"https:\/\/www.facebook.com\/digproab","article_modified_time":"2023-02-21T14:37:37+00:00","twitter_card":"summary_large_image","twitter_misc":{"Est. reading time":"2 minutes"},"schema":{"@context":"https:\/\/schema.org","@graph":[{"@type":"WebPage","@id":"https:\/\/digpro.com\/no\/iverksetting\/","url":"https:\/\/digpro.com\/no\/iverksetting\/","name":"Iverksetting - Digpro (NO)","isPartOf":{"@id":"https:\/\/digpro.com\/no\/#website"},"datePublished":"2023-02-21T13:55:18+00:00","dateModified":"2023-02-21T14:37:37+00:00","breadcrumb":{"@id":"https:\/\/digpro.com\/no\/iverksetting\/#breadcrumb"},"inLanguage":"no-NO","potentialAction":[{"@type":"ReadAction","target":["https:\/\/digpro.com\/no\/iverksetting\/"]}]},{"@type":"BreadcrumbList","@id":"https:\/\/digpro.com\/no\/iverksetting\/#breadcrumb","itemListElement":[{"@type":"ListItem","position":1,"name":"Home","item":"https:\/\/digpro.com\/no\/"},{"@type":"ListItem","position":2,"name":"Iverksetting"}]},{"@type":"WebSite","@id":"https:\/\/digpro.com\/no\/#website","url":"https:\/\/digpro.com\/no\/","name":"Digpro (NO)","description":"Leading geographic information technologies","publisher":{"@id":"https:\/\/digpro.com\/no\/#organization"},"potentialAction":[{"@type":"SearchAction","target":{"@type":"EntryPoint","urlTemplate":"https:\/\/digpro.com\/no\/?s={search_term_string}"},"query-input":{"@type":"PropertyValueSpecification","valueRequired":true,"valueName":"search_term_string"}}],"inLanguage":"no-NO"},{"@type":"Organization","@id":"https:\/\/digpro.com\/no\/#organization","name":"Digpro","url":"https:\/\/digpro.com\/no\/","logo":{"@type":"ImageObject","inLanguage":"no-NO","@id":"https:\/\/digpro.com\/no\/#\/schema\/logo\/image\/","url":"https:\/\/digpro.com\/wp-content\/uploads\/2020\/09\/1_Digpro_logo_vektor_pos.svg","contentUrl":"https:\/\/digpro.com\/wp-content\/uploads\/2020\/09\/1_Digpro_logo_vektor_pos.svg","width":1,"height":1,"caption":"Digpro"},"image":{"@id":"https:\/\/digpro.com\/no\/#\/schema\/logo\/image\/"},"sameAs":["https:\/\/www.facebook.com\/digproab","https:\/\/www.instagram.com\/lifeatdigpro\/","https:\/\/www.linkedin.com\/company\/digpro-ab\/"]}]}},"publishpress_future_action":{"enabled":false,"date":"2026-04-26 09:57:25","action":"change-status","newStatus":"draft","terms":[],"taxonomy":"translation_priority","extraData":[]},"publishpress_future_workflow_manual_trigger":{"enabledWorkflows":[]},"_links":{"self":[{"href":"https:\/\/digpro.com\/no\/wp-json\/wp\/v2\/pages\/23562","targetHints":{"allow":["GET"]}}],"collection":[{"href":"https:\/\/digpro.com\/no\/wp-json\/wp\/v2\/pages"}],"about":[{"href":"https:\/\/digpro.com\/no\/wp-json\/wp\/v2\/types\/page"}],"author":[{"embeddable":true,"href":"https:\/\/digpro.com\/no\/wp-json\/wp\/v2\/users\/1"}],"replies":[{"embeddable":true,"href":"https:\/\/digpro.com\/no\/wp-json\/wp\/v2\/comments?post=23562"}],"version-history":[{"count":0,"href":"https:\/\/digpro.com\/no\/wp-json\/wp\/v2\/pages\/23562\/revisions"}],"wp:attachment":[{"href":"https:\/\/digpro.com\/no\/wp-json\/wp\/v2\/media?parent=23562"}],"curies":[{"name":"wp","href":"https:\/\/api.w.org\/{rel}","templated":true}]}}