{"id":7537,"date":"2021-03-11T16:28:21","date_gmt":"2021-03-11T15:28:21","guid":{"rendered":"https:\/\/digpro.com\/?page_id=7537"},"modified":"2021-05-10T16:38:11","modified_gmt":"2021-05-10T14:38:11","slug":"implementacja","status":"publish","type":"page","link":"https:\/\/digpro.com\/pl\/implementacja\/","title":{"rendered":"Implementacja"},"content":{"rendered":"\t\t<div data-elementor-type=\"wp-page\" data-elementor-id=\"7537\" class=\"elementor elementor-7537 elementor-251\" data-elementor-post-type=\"page\">\n\t\t\t\t\t\t<section class=\"elementor-section elementor-top-section elementor-element elementor-element-1b10fc10 elementor-section-height-min-height elementor-section-boxed elementor-section-height-default elementor-section-items-middle\" data-id=\"1b10fc10\" data-element_type=\"section\" data-e-type=\"section\" data-settings=\"{&quot;background_background&quot;:&quot;classic&quot;}\">\n\t\t\t\t\t\t\t<div class=\"elementor-background-overlay\"><\/div>\n\t\t\t\t\t\t\t<div class=\"elementor-container elementor-column-gap-default\">\n\t\t\t\t\t<div class=\"elementor-column elementor-col-50 elementor-top-column elementor-element elementor-element-5719432b\" data-id=\"5719432b\" data-element_type=\"column\" data-e-type=\"column\">\n\t\t\t<div class=\"elementor-widget-wrap elementor-element-populated\">\n\t\t\t\t\t\t<div class=\"elementor-element elementor-element-1995e118 elementor-widget elementor-widget-heading\" data-id=\"1995e118\" data-element_type=\"widget\" data-e-type=\"widget\" data-widget_type=\"heading.default\">\n\t\t\t\t<div class=\"elementor-widget-container\">\n\t\t\t\t\t<h1 class=\"elementor-heading-title elementor-size-default\">Implementacja<\/h1>\t\t\t\t<\/div>\n\t\t\t\t<\/div>\n\t\t\t\t<div class=\"elementor-element elementor-element-2cc16ffd elementor-invisible elementor-widget elementor-widget-heading\" data-id=\"2cc16ffd\" data-element_type=\"widget\" data-e-type=\"widget\" data-settings=\"{&quot;_animation&quot;:&quot;fadeIn&quot;,&quot;_animation_delay&quot;:&quot;150&quot;}\" data-widget_type=\"heading.default\">\n\t\t\t\t<div class=\"elementor-widget-container\">\n\t\t\t\t\t<h2 class=\"elementor-heading-title elementor-size-default\">Zapewnij wsp\u00f3\u0142prac\u0119 mi\u0119dzy dzia\u0142ami, upro\u015b\u0107 procesy operacyjne i osi\u0105gnij wi\u0119ksz\u0105 wydajno\u015b\u0107, korzystaj\u0105c z rozwi\u0105za\u0144 Digpro przeznaczonych dla przedsi\u0119biorstw u\u017cyteczno\u015bci publicznej.<\/h2>\t\t\t\t<\/div>\n\t\t\t\t<\/div>\n\t\t\t\t\t<\/div>\n\t\t<\/div>\n\t\t\t\t<div class=\"elementor-column elementor-col-50 elementor-top-column elementor-element elementor-element-244ceede\" data-id=\"244ceede\" data-element_type=\"column\" data-e-type=\"column\">\n\t\t\t<div class=\"elementor-widget-wrap\">\n\t\t\t\t\t\t\t<\/div>\n\t\t<\/div>\n\t\t\t\t\t<\/div>\n\t\t<\/section>\n\t\t\t\t<section class=\"elementor-section elementor-top-section elementor-element elementor-element-3541a721 elementor-section-boxed elementor-section-height-default elementor-section-height-default\" data-id=\"3541a721\" data-element_type=\"section\" data-e-type=\"section\" data-settings=\"{&quot;background_background&quot;:&quot;classic&quot;}\">\n\t\t\t\t\t\t<div class=\"elementor-container elementor-column-gap-default\">\n\t\t\t\t\t<div class=\"elementor-column elementor-col-100 elementor-top-column elementor-element elementor-element-1dd828ec\" data-id=\"1dd828ec\" data-element_type=\"column\" data-e-type=\"column\">\n\t\t\t<div class=\"elementor-widget-wrap elementor-element-populated\">\n\t\t\t\t\t\t<div class=\"elementor-element elementor-element-286c4f50 elementor-widget elementor-widget-heading\" data-id=\"286c4f50\" data-element_type=\"widget\" data-e-type=\"widget\" data-widget_type=\"heading.default\">\n\t\t\t\t<div class=\"elementor-widget-container\">\n\t\t\t\t\t<h2 class=\"elementor-heading-title elementor-size-default\">\u0141atwa implementacja<\/h2>\t\t\t\t<\/div>\n\t\t\t\t<\/div>\n\t\t\t\t<div class=\"elementor-element elementor-element-733f3746 elementor-widget elementor-widget-text-editor\" data-id=\"733f3746\" data-element_type=\"widget\" data-e-type=\"widget\" data-widget_type=\"text-editor.default\">\n\t\t\t\t<div class=\"elementor-widget-container\">\n\t\t\t\t\t\t\t\t\t<p>Digpro oferuje b\u0142yskawiczn\u0105 implementacj\u0119 niezawodnych, dostosowanych do indywidualnych potrzeb rozwi\u0105za\u0144 bran\u017cowych, kt\u00f3re poprawiaj\u0105 komfort u\u017cytkownik\u00f3w i zwi\u0119kszaj\u0105 efektywno\u015b\u0107 operacyjn\u0105.<\/p><p>Proces implementowania rozwi\u0105za\u0144 firmy Digpro mo\u017cna dostosowa\u0107 do w\u0142asnych potrzeb, dziel\u0105c go na etapy obejmuj\u0105ce wdra\u017canie poszczeg\u00f3lnych nowych funkcji i technologii. W biegiem lat dopracowali\u015bmy i udoskonalili\u015bmy nasz proces implementacji. Dzi\u0119ki temu mo\u017cesz mie\u0107 pewno\u015b\u0107, \u017ce Twoje nowe rozwi\u0105zanie Digpro b\u0119dzie dzia\u0142a\u0107 na czas i nie spowoduje przekroczenia bud\u017cetu, a proces implementacji b\u0119dzie w pe\u0142ni kontrolowany i transparentny.<\/p>\t\t\t\t\t\t\t\t<\/div>\n\t\t\t\t<\/div>\n\t\t\t\t<div class=\"elementor-element elementor-element-5539a21 elementor-widget elementor-widget-heading\" data-id=\"5539a21\" data-element_type=\"widget\" data-e-type=\"widget\" data-widget_type=\"heading.default\">\n\t\t\t\t<div class=\"elementor-widget-container\">\n\t\t\t\t\t<h2 class=\"elementor-heading-title elementor-size-default\">Szybkie i wygodne szkolenia<\/h2>\t\t\t\t<\/div>\n\t\t\t\t<\/div>\n\t\t\t\t<div class=\"elementor-element elementor-element-27d6b4c elementor-widget elementor-widget-text-editor\" data-id=\"27d6b4c\" data-element_type=\"widget\" data-e-type=\"widget\" data-widget_type=\"text-editor.default\">\n\t\t\t\t<div class=\"elementor-widget-container\">\n\t\t\t\t\t\t\t\t\t<p>Nasze materia\u0142y szkoleniowe s\u0105 dost\u0119pne online, zatem zawsze masz do nich dost\u0119p. Mo\u017cesz tak\u017ce korzysta\u0107 z warsztat\u00f3w stacjonarnych i materia\u0142\u00f3w instrukta\u017cowych. Dzi\u0119ki temu Twoi pracownicy mog\u0105 szkoli\u0107 si\u0119 w potrzebnych im dziedzinach, b\u0142yskawicznie zwi\u0119kszaj\u0105c swoje umiej\u0119tno\u015bci i mo\u017cliwo\u015bci pe\u0142nego wykorzystania dost\u0119pnych funkcji systemu.<\/p>\t\t\t\t\t\t\t\t<\/div>\n\t\t\t\t<\/div>\n\t\t\t\t<div class=\"elementor-element elementor-element-77ba438a elementor-widget elementor-widget-heading\" data-id=\"77ba438a\" data-element_type=\"widget\" data-e-type=\"widget\" data-widget_type=\"heading.default\">\n\t\t\t\t<div class=\"elementor-widget-container\">\n\t\t\t\t\t<h2 class=\"elementor-heading-title elementor-size-default\">B\u0119dziemy towarzyszy\u0107 Ci w procesie implementacji<\/h2>\t\t\t\t<\/div>\n\t\t\t\t<\/div>\n\t\t\t\t<div class=\"elementor-element elementor-element-394b5d0e elementor-widget elementor-widget-text-editor\" data-id=\"394b5d0e\" data-element_type=\"widget\" data-e-type=\"widget\" data-widget_type=\"text-editor.default\">\n\t\t\t\t<div class=\"elementor-widget-container\">\n\t\t\t\t\t\t\t\t\t<p>Dzia\u0142a to w nast\u0119puj\u0105cy spos\u00f3b. Najpierw mened\u017cer projektu z firmy Digpro zbiera zesp\u00f3\u0142 os\u00f3b dysponuj\u0105cych niezb\u0119dnymi w procesie implementacji umiej\u0119tno\u015bciami i do\u015bwiadczeniem.<br \/>Nast\u0119pnie mened\u017cer projektu, we wsp\u00f3\u0142pracy z wyznaczonym przedstawicielem klienta, zarz\u0105dza procedur\u0105, dbaj\u0105c o to, by wszystkie prace by\u0142y wykonywane zgodnie z nasz\u0105 sprawdzon\u0105 metodologi\u0105, umow\u0105 i ustalonymi wcze\u015bniej oczekiwaniami. Wynik? Prace wykonane na czas, w wyznaczonym bud\u017cecie.<br \/>Nad przebiegiem projektu czuwa komitet nadzorczy, w kt\u00f3rego sk\u0142ad wchodz\u0105 przedstawiciele klienta i firmy Digpro. Informacje o post\u0119pach, potencjalnych zagro\u017ceniach i mo\u017cliwych odchyleniach od harmonogramu lub bud\u017cetu s\u0105 przekazywane na regularnie odbywaj\u0105cych si\u0119 spotkaniach i w formie rutynowych raport\u00f3w. Proaktywne identyfikowanie potencjalnych problem\u00f3w lub trudno\u015bci pozwala na ich szybkie rozwi\u0105zywanie i usuwanie.<br \/>Og\u00f3lny model implementacji du\u017cych projekt\u00f3w obejmuje zwykle nast\u0119puj\u0105ce najwa\u017cniejsze etapy:<\/p><ul><li class=\"MsoNormal\"><p>M1 Rozpocz\u0119cie realizacji projektu<\/p><\/li><li class=\"MsoNormal\"><p>M2 Koniec fazy projektowania lub gotowo\u015b\u0107 do implementacji<\/p><\/li><li class=\"MsoNormal\"><p>M3 Fabryczne testy akceptacyjne (zainstalowano system i przeprowadzono podstawow\u0105 konfiguracj\u0119)<\/p><\/li><li class=\"MsoNormal\"><p>M4 Testy odbioru tymczasowego (system jest gotowy do rozruchu)<\/p><\/li><li class=\"MsoNormal\"><p>M5 Rozruch (aktywowanie systemu)<\/p><\/li><li class=\"MsoNormal\"><p>M6 Akceptacja dostawy<\/p><\/li><\/ul>\t\t\t\t\t\t\t\t<\/div>\n\t\t\t\t<\/div>\n\t\t\t\t<div class=\"elementor-element elementor-element-197caf50 elementor-widget elementor-widget-heading\" data-id=\"197caf50\" data-element_type=\"widget\" data-e-type=\"widget\" data-widget_type=\"heading.default\">\n\t\t\t\t<div class=\"elementor-widget-container\">\n\t\t\t\t\t<h2 class=\"elementor-heading-title elementor-size-default\">Aktualizacje \u2013 szybkie i niezawodne<\/h2>\t\t\t\t<\/div>\n\t\t\t\t<\/div>\n\t\t\t\t<div class=\"elementor-element elementor-element-7b3c613c elementor-widget elementor-widget-text-editor\" data-id=\"7b3c613c\" data-element_type=\"widget\" data-e-type=\"widget\" data-widget_type=\"text-editor.default\">\n\t\t\t\t<div class=\"elementor-widget-container\">\n\t\t\t\t\t\t\t\t\t<p>Po pomy\u015blnym zaimplementowaniu rozwi\u0105zania Digpro oferujemy dwie nowe wersje systemu na rok. Aktualizacja do nowej wersji jest prosta. Korzystamy ze sprawdzonej procedury dostarczania nowych wersji.\u00a0 Z punktu widzenia klienta ca\u0142y proces zajmuje tylko kilka godzin. Zwykle aktualizujemy oprogramowanie klient\u00f3w w ci\u0105gu 2 tygodni od chwili z\u0142o\u017cenia zam\u00f3wienia.<\/p>\t\t\t\t\t\t\t\t<\/div>\n\t\t\t\t<\/div>\n\t\t\t\t\t<\/div>\n\t\t<\/div>\n\t\t\t\t\t<\/div>\n\t\t<\/section>\n\t\t\t\t<section class=\"elementor-section elementor-top-section elementor-element elementor-element-e23668b elementor-section-full_width elementor-section-content-bottom elementor-reverse-mobile elementor-hidden-desktop elementor-hidden-tablet elementor-hidden-phone elementor-section-height-default elementor-section-height-default\" data-id=\"e23668b\" data-element_type=\"section\" data-e-type=\"section\">\n\t\t\t\t\t\t<div class=\"elementor-container elementor-column-gap-default\">\n\t\t\t\t\t<div class=\"elementor-column elementor-col-50 elementor-top-column elementor-element elementor-element-7394d9c2\" data-id=\"7394d9c2\" data-element_type=\"column\" data-e-type=\"column\" data-settings=\"{&quot;background_background&quot;:&quot;classic&quot;}\">\n\t\t\t<div class=\"elementor-widget-wrap elementor-element-populated\">\n\t\t\t\t\t\t<div class=\"elementor-element elementor-element-6586a22 elementor-widget elementor-widget-text-editor\" data-id=\"6586a22\" data-element_type=\"widget\" data-e-type=\"widget\" data-widget_type=\"text-editor.default\">\n\t\t\t\t<div class=\"elementor-widget-container\">\n\t\t\t\t\t\t\t\t\t<p><strong>Training at customers<\/strong><\/p>\t\t\t\t\t\t\t\t<\/div>\n\t\t\t\t<\/div>\n\t\t\t\t<div class=\"elementor-element elementor-element-77382118 elementor-widget elementor-widget-text-editor\" data-id=\"77382118\" data-element_type=\"widget\" data-e-type=\"widget\" data-widget_type=\"text-editor.default\">\n\t\t\t\t<div class=\"elementor-widget-container\">\n\t\t\t\t\t\t\t\t\t<p>We can offer trainings at our customers\u2019 offices if this is wished. Please contact us for an offer.<\/p>\t\t\t\t\t\t\t\t<\/div>\n\t\t\t\t<\/div>\n\t\t\t\t<div class=\"elementor-element elementor-element-4ae1dd66 elementor-mobile-align-justify elementor-widget elementor-widget-button\" data-id=\"4ae1dd66\" data-element_type=\"widget\" data-e-type=\"widget\" data-widget_type=\"button.default\">\n\t\t\t\t<div class=\"elementor-widget-container\">\n\t\t\t\t\t\t\t\t\t<div class=\"elementor-button-wrapper\">\n\t\t\t\t\t<a class=\"elementor-button elementor-button-link elementor-size-xs\" href=\"https:\/\/digpro.com\/contact\/\">\n\t\t\t\t\t\t<span class=\"elementor-button-content-wrapper\">\n\t\t\t\t\t\t\t\t\t<span class=\"elementor-button-text\">write us a mail<\/span>\n\t\t\t\t\t<\/span>\n\t\t\t\t\t<\/a>\n\t\t\t\t<\/div>\n\t\t\t\t\t\t\t\t<\/div>\n\t\t\t\t<\/div>\n\t\t\t\t<div class=\"elementor-element elementor-element-52bb8edd elementor-widget elementor-widget-spacer\" data-id=\"52bb8edd\" data-element_type=\"widget\" data-e-type=\"widget\" data-widget_type=\"spacer.default\">\n\t\t\t\t<div class=\"elementor-widget-container\">\n\t\t\t\t\t\t\t<div class=\"elementor-spacer\">\n\t\t\t<div class=\"elementor-spacer-inner\"><\/div>\n\t\t<\/div>\n\t\t\t\t\t\t<\/div>\n\t\t\t\t<\/div>\n\t\t\t\t\t<\/div>\n\t\t<\/div>\n\t\t\t\t<div class=\"elementor-column elementor-col-50 elementor-top-column elementor-element elementor-element-318eb9e8\" data-id=\"318eb9e8\" data-element_type=\"column\" data-e-type=\"column\" data-settings=\"{&quot;background_background&quot;:&quot;classic&quot;}\">\n\t\t\t<div class=\"elementor-widget-wrap elementor-element-populated\">\n\t\t\t\t\t\t<div class=\"elementor-element elementor-element-62e6ad55 elementor-widget elementor-widget-spacer\" data-id=\"62e6ad55\" data-element_type=\"widget\" data-e-type=\"widget\" data-widget_type=\"spacer.default\">\n\t\t\t\t<div class=\"elementor-widget-container\">\n\t\t\t\t\t\t\t<div class=\"elementor-spacer\">\n\t\t\t<div class=\"elementor-spacer-inner\"><\/div>\n\t\t<\/div>\n\t\t\t\t\t\t<\/div>\n\t\t\t\t<\/div>\n\t\t\t\t\t<\/div>\n\t\t<\/div>\n\t\t\t\t\t<\/div>\n\t\t<\/section>\n\t\t\t\t<\/div>\n\t\t","protected":false},"excerpt":{"rendered":"<p>Implementacja Zapewnij wsp\u00f3\u0142prac\u0119 mi\u0119dzy dzia\u0142ami, upro\u015b\u0107 procesy operacyjne i osi\u0105gnij wi\u0119ksz\u0105 wydajno\u015b\u0107, korzystaj\u0105c z rozwi\u0105za\u0144 Digpro przeznaczonych dla przedsi\u0119biorstw u\u017cyteczno\u015bci publicznej. \u0141atwa implementacja Digpro oferuje b\u0142yskawiczn\u0105 implementacj\u0119 niezawodnych, dostosowanych do indywidualnych potrzeb rozwi\u0105za\u0144 bran\u017cowych, kt\u00f3re poprawiaj\u0105 komfort u\u017cytkownik\u00f3w i zwi\u0119kszaj\u0105 efektywno\u015b\u0107 operacyjn\u0105. Proces implementowania rozwi\u0105za\u0144 firmy Digpro mo\u017cna dostosowa\u0107 do w\u0142asnych potrzeb, dziel\u0105c go na [&hellip;]<\/p>\n","protected":false},"author":1,"featured_media":0,"parent":0,"menu_order":0,"comment_status":"closed","ping_status":"closed","template":"","meta":{"content-type":"","_monsterinsights_skip_tracking":false,"_monsterinsights_sitenote_active":false,"_monsterinsights_sitenote_note":"","_monsterinsights_sitenote_category":0,"site-sidebar-layout":"no-sidebar","site-content-layout":"page-builder","ast-site-content-layout":"default","site-content-style":"default","site-sidebar-style":"default","ast-global-header-display":"","ast-banner-title-visibility":"","ast-main-header-display":"","ast-hfb-above-header-display":"","ast-hfb-below-header-display":"","ast-hfb-mobile-header-display":"","site-post-title":"disabled","ast-breadcrumbs-content":"","ast-featured-img":"disabled","footer-sml-layout":"","ast-disable-related-posts":"","theme-transparent-header-meta":"default","adv-header-id-meta":"","stick-header-meta":"default","header-above-stick-meta":"","header-main-stick-meta":"","header-below-stick-meta":"","astra-migrate-meta-layouts":"default","ast-page-background-enabled":"default","ast-page-background-meta":{"desktop":{"background-color":"","background-image":"","background-repeat":"repeat","background-position":"center center","background-size":"auto","background-attachment":"scroll","background-type":"","background-media":"","overlay-type":"","overlay-color":"","overlay-opacity":"","overlay-gradient":""},"tablet":{"background-color":"","background-image":"","background-repeat":"repeat","background-position":"center center","background-size":"auto","background-attachment":"scroll","background-type":"","background-media":"","overlay-type":"","overlay-color":"","overlay-opacity":"","overlay-gradient":""},"mobile":{"background-color":"","background-image":"","background-repeat":"repeat","background-position":"center center","background-size":"auto","background-attachment":"scroll","background-type":"","background-media":"","overlay-type":"","overlay-color":"","overlay-opacity":"","overlay-gradient":""}},"ast-content-background-meta":{"desktop":{"background-color":"var(--ast-global-color-5)","background-image":"","background-repeat":"repeat","background-position":"center center","background-size":"auto","background-attachment":"scroll","background-type":"","background-media":"","overlay-type":"","overlay-color":"","overlay-opacity":"","overlay-gradient":""},"tablet":{"background-color":"var(--ast-global-color-5)","background-image":"","background-repeat":"repeat","background-position":"center center","background-size":"auto","background-attachment":"scroll","background-type":"","background-media":"","overlay-type":"","overlay-color":"","overlay-opacity":"","overlay-gradient":""},"mobile":{"background-color":"var(--ast-global-color-5)","background-image":"","background-repeat":"repeat","background-position":"center center","background-size":"auto","background-attachment":"scroll","background-type":"","background-media":"","overlay-type":"","overlay-color":"","overlay-opacity":"","overlay-gradient":""}},"footnotes":""},"class_list":["post-7537","page","type-page","status-publish","hentry"],"yoast_head":"<!-- This site is optimized with the Yoast SEO plugin v26.9 - https:\/\/yoast.com\/product\/yoast-seo-wordpress\/ -->\n<title>Implementacja - Digpro (PL)<\/title>\n<meta name=\"robots\" content=\"index, follow, max-snippet:-1, max-image-preview:large, max-video-preview:-1\" \/>\n<link rel=\"canonical\" href=\"https:\/\/digpro.com\/pl\/implementacja\/\" \/>\n<meta property=\"og:locale\" content=\"pl_PL\" \/>\n<meta property=\"og:type\" content=\"article\" \/>\n<meta property=\"og:title\" content=\"Implementacja - Digpro (PL)\" \/>\n<meta property=\"og:description\" content=\"Implementacja Zapewnij wsp\u00f3\u0142prac\u0119 mi\u0119dzy dzia\u0142ami, upro\u015b\u0107 procesy operacyjne i osi\u0105gnij wi\u0119ksz\u0105 wydajno\u015b\u0107, korzystaj\u0105c z rozwi\u0105za\u0144 Digpro przeznaczonych dla przedsi\u0119biorstw u\u017cyteczno\u015bci publicznej. \u0141atwa implementacja Digpro oferuje b\u0142yskawiczn\u0105 implementacj\u0119 niezawodnych, dostosowanych do indywidualnych potrzeb rozwi\u0105za\u0144 bran\u017cowych, kt\u00f3re poprawiaj\u0105 komfort u\u017cytkownik\u00f3w i zwi\u0119kszaj\u0105 efektywno\u015b\u0107 operacyjn\u0105. Proces implementowania rozwi\u0105za\u0144 firmy Digpro mo\u017cna dostosowa\u0107 do w\u0142asnych potrzeb, dziel\u0105c go na [&hellip;]\" \/>\n<meta property=\"og:url\" content=\"https:\/\/digpro.com\/pl\/implementacja\/\" \/>\n<meta property=\"og:site_name\" content=\"Digpro (PL)\" \/>\n<meta property=\"article:publisher\" content=\"https:\/\/www.facebook.com\/digproab\" \/>\n<meta property=\"article:modified_time\" content=\"2021-05-10T14:38:11+00:00\" \/>\n<meta name=\"twitter:card\" content=\"summary_large_image\" \/>\n<meta name=\"twitter:label1\" content=\"Szacowany czas czytania\" \/>\n\t<meta name=\"twitter:data1\" content=\"2 minuty\" \/>\n<script type=\"application\/ld+json\" class=\"yoast-schema-graph\">{\"@context\":\"https:\/\/schema.org\",\"@graph\":[{\"@type\":\"WebPage\",\"@id\":\"https:\/\/digpro.com\/pl\/implementacja\/\",\"url\":\"https:\/\/digpro.com\/pl\/implementacja\/\",\"name\":\"Implementacja - Digpro (PL)\",\"isPartOf\":{\"@id\":\"https:\/\/digpro.com\/pl\/#website\"},\"datePublished\":\"2021-03-11T15:28:21+00:00\",\"dateModified\":\"2021-05-10T14:38:11+00:00\",\"breadcrumb\":{\"@id\":\"https:\/\/digpro.com\/pl\/implementacja\/#breadcrumb\"},\"inLanguage\":\"pl-PL\",\"potentialAction\":[{\"@type\":\"ReadAction\",\"target\":[\"https:\/\/digpro.com\/pl\/implementacja\/\"]}]},{\"@type\":\"BreadcrumbList\",\"@id\":\"https:\/\/digpro.com\/pl\/implementacja\/#breadcrumb\",\"itemListElement\":[{\"@type\":\"ListItem\",\"position\":1,\"name\":\"Home\",\"item\":\"https:\/\/digpro.com\/pl\/\"},{\"@type\":\"ListItem\",\"position\":2,\"name\":\"Implementacja\"}]},{\"@type\":\"WebSite\",\"@id\":\"https:\/\/digpro.com\/pl\/#website\",\"url\":\"https:\/\/digpro.com\/pl\/\",\"name\":\"Digpro (PL)\",\"description\":\"Leading geographic information technologies\",\"publisher\":{\"@id\":\"https:\/\/digpro.com\/pl\/#organization\"},\"potentialAction\":[{\"@type\":\"SearchAction\",\"target\":{\"@type\":\"EntryPoint\",\"urlTemplate\":\"https:\/\/digpro.com\/pl\/?s={search_term_string}\"},\"query-input\":{\"@type\":\"PropertyValueSpecification\",\"valueRequired\":true,\"valueName\":\"search_term_string\"}}],\"inLanguage\":\"pl-PL\"},{\"@type\":\"Organization\",\"@id\":\"https:\/\/digpro.com\/pl\/#organization\",\"name\":\"Digpro\",\"url\":\"https:\/\/digpro.com\/pl\/\",\"logo\":{\"@type\":\"ImageObject\",\"inLanguage\":\"pl-PL\",\"@id\":\"https:\/\/digpro.com\/pl\/#\/schema\/logo\/image\/\",\"url\":\"https:\/\/digpro.com\/wp-content\/uploads\/2020\/09\/1_Digpro_logo_vektor_pos.svg\",\"contentUrl\":\"https:\/\/digpro.com\/wp-content\/uploads\/2020\/09\/1_Digpro_logo_vektor_pos.svg\",\"width\":1,\"height\":1,\"caption\":\"Digpro\"},\"image\":{\"@id\":\"https:\/\/digpro.com\/pl\/#\/schema\/logo\/image\/\"},\"sameAs\":[\"https:\/\/www.facebook.com\/digproab\",\"https:\/\/www.instagram.com\/lifeatdigpro\/\",\"https:\/\/www.linkedin.com\/company\/digpro-ab\/\"]}]}<\/script>\n<!-- \/ Yoast SEO plugin. -->","yoast_head_json":{"title":"Implementacja - Digpro (PL)","robots":{"index":"index","follow":"follow","max-snippet":"max-snippet:-1","max-image-preview":"max-image-preview:large","max-video-preview":"max-video-preview:-1"},"canonical":"https:\/\/digpro.com\/pl\/implementacja\/","og_locale":"pl_PL","og_type":"article","og_title":"Implementacja - Digpro (PL)","og_description":"Implementacja Zapewnij wsp\u00f3\u0142prac\u0119 mi\u0119dzy dzia\u0142ami, upro\u015b\u0107 procesy operacyjne i osi\u0105gnij wi\u0119ksz\u0105 wydajno\u015b\u0107, korzystaj\u0105c z rozwi\u0105za\u0144 Digpro przeznaczonych dla przedsi\u0119biorstw u\u017cyteczno\u015bci publicznej. \u0141atwa implementacja Digpro oferuje b\u0142yskawiczn\u0105 implementacj\u0119 niezawodnych, dostosowanych do indywidualnych potrzeb rozwi\u0105za\u0144 bran\u017cowych, kt\u00f3re poprawiaj\u0105 komfort u\u017cytkownik\u00f3w i zwi\u0119kszaj\u0105 efektywno\u015b\u0107 operacyjn\u0105. Proces implementowania rozwi\u0105za\u0144 firmy Digpro mo\u017cna dostosowa\u0107 do w\u0142asnych potrzeb, dziel\u0105c go na [&hellip;]","og_url":"https:\/\/digpro.com\/pl\/implementacja\/","og_site_name":"Digpro (PL)","article_publisher":"https:\/\/www.facebook.com\/digproab","article_modified_time":"2021-05-10T14:38:11+00:00","twitter_card":"summary_large_image","twitter_misc":{"Szacowany czas czytania":"2 minuty"},"schema":{"@context":"https:\/\/schema.org","@graph":[{"@type":"WebPage","@id":"https:\/\/digpro.com\/pl\/implementacja\/","url":"https:\/\/digpro.com\/pl\/implementacja\/","name":"Implementacja - Digpro (PL)","isPartOf":{"@id":"https:\/\/digpro.com\/pl\/#website"},"datePublished":"2021-03-11T15:28:21+00:00","dateModified":"2021-05-10T14:38:11+00:00","breadcrumb":{"@id":"https:\/\/digpro.com\/pl\/implementacja\/#breadcrumb"},"inLanguage":"pl-PL","potentialAction":[{"@type":"ReadAction","target":["https:\/\/digpro.com\/pl\/implementacja\/"]}]},{"@type":"BreadcrumbList","@id":"https:\/\/digpro.com\/pl\/implementacja\/#breadcrumb","itemListElement":[{"@type":"ListItem","position":1,"name":"Home","item":"https:\/\/digpro.com\/pl\/"},{"@type":"ListItem","position":2,"name":"Implementacja"}]},{"@type":"WebSite","@id":"https:\/\/digpro.com\/pl\/#website","url":"https:\/\/digpro.com\/pl\/","name":"Digpro (PL)","description":"Leading geographic information technologies","publisher":{"@id":"https:\/\/digpro.com\/pl\/#organization"},"potentialAction":[{"@type":"SearchAction","target":{"@type":"EntryPoint","urlTemplate":"https:\/\/digpro.com\/pl\/?s={search_term_string}"},"query-input":{"@type":"PropertyValueSpecification","valueRequired":true,"valueName":"search_term_string"}}],"inLanguage":"pl-PL"},{"@type":"Organization","@id":"https:\/\/digpro.com\/pl\/#organization","name":"Digpro","url":"https:\/\/digpro.com\/pl\/","logo":{"@type":"ImageObject","inLanguage":"pl-PL","@id":"https:\/\/digpro.com\/pl\/#\/schema\/logo\/image\/","url":"https:\/\/digpro.com\/wp-content\/uploads\/2020\/09\/1_Digpro_logo_vektor_pos.svg","contentUrl":"https:\/\/digpro.com\/wp-content\/uploads\/2020\/09\/1_Digpro_logo_vektor_pos.svg","width":1,"height":1,"caption":"Digpro"},"image":{"@id":"https:\/\/digpro.com\/pl\/#\/schema\/logo\/image\/"},"sameAs":["https:\/\/www.facebook.com\/digproab","https:\/\/www.instagram.com\/lifeatdigpro\/","https:\/\/www.linkedin.com\/company\/digpro-ab\/"]}]}},"publishpress_future_action":{"enabled":false,"date":"2026-04-29 10:28:19","action":"change-status","newStatus":"draft","terms":[],"taxonomy":"translation_priority","extraData":[]},"publishpress_future_workflow_manual_trigger":{"enabledWorkflows":[]},"_links":{"self":[{"href":"https:\/\/digpro.com\/pl\/wp-json\/wp\/v2\/pages\/7537","targetHints":{"allow":["GET"]}}],"collection":[{"href":"https:\/\/digpro.com\/pl\/wp-json\/wp\/v2\/pages"}],"about":[{"href":"https:\/\/digpro.com\/pl\/wp-json\/wp\/v2\/types\/page"}],"author":[{"embeddable":true,"href":"https:\/\/digpro.com\/pl\/wp-json\/wp\/v2\/users\/1"}],"replies":[{"embeddable":true,"href":"https:\/\/digpro.com\/pl\/wp-json\/wp\/v2\/comments?post=7537"}],"version-history":[{"count":0,"href":"https:\/\/digpro.com\/pl\/wp-json\/wp\/v2\/pages\/7537\/revisions"}],"wp:attachment":[{"href":"https:\/\/digpro.com\/pl\/wp-json\/wp\/v2\/media?parent=7537"}],"curies":[{"name":"wp","href":"https:\/\/api.w.org\/{rel}","templated":true}]}}