{"id":7552,"date":"2021-03-11T16:32:11","date_gmt":"2021-03-11T15:32:11","guid":{"rendered":"https:\/\/digpro.com\/?page_id=7552"},"modified":"2021-03-15T13:00:55","modified_gmt":"2021-03-15T12:00:55","slug":"informacje","status":"publish","type":"page","link":"https:\/\/digpro.com\/pl\/informacje\/","title":{"rendered":"Informacje"},"content":{"rendered":"\t\t<div data-elementor-type=\"wp-page\" data-elementor-id=\"7552\" class=\"elementor elementor-7552 elementor-2\" data-elementor-post-type=\"page\">\n\t\t\t\t\t\t<section class=\"elementor-section elementor-top-section elementor-element elementor-element-6b16cffb elementor-section-boxed elementor-section-height-default elementor-section-height-default\" data-id=\"6b16cffb\" data-element_type=\"section\" data-e-type=\"section\" data-settings=\"{&quot;background_background&quot;:&quot;classic&quot;}\">\n\t\t\t\t\t\t<div class=\"elementor-container elementor-column-gap-no\">\n\t\t\t\t\t<div class=\"elementor-column elementor-col-100 elementor-top-column elementor-element elementor-element-b3f355b\" data-id=\"b3f355b\" data-element_type=\"column\" data-e-type=\"column\">\n\t\t\t<div class=\"elementor-widget-wrap elementor-element-populated\">\n\t\t\t\t\t\t<div class=\"elementor-element elementor-element-6af0d5e9 elementor-widget elementor-widget-heading\" data-id=\"6af0d5e9\" data-element_type=\"widget\" data-e-type=\"widget\" data-widget_type=\"heading.default\">\n\t\t\t\t<div class=\"elementor-widget-container\">\n\t\t\t\t\t<h1 class=\"elementor-heading-title elementor-size-default\">Informacje o firmie Digpro<\/h1>\t\t\t\t<\/div>\n\t\t\t\t<\/div>\n\t\t\t\t<div class=\"elementor-element elementor-element-8d0e05f elementor-widget elementor-widget-heading\" data-id=\"8d0e05f\" data-element_type=\"widget\" data-e-type=\"widget\" data-widget_type=\"heading.default\">\n\t\t\t\t<div class=\"elementor-widget-container\">\n\t\t\t\t\t<h2 class=\"elementor-heading-title elementor-size-default\">Zdobywaj wiedz\u0119 o swojej sieci. W ca\u0142ym cyklu \u017cycia. Dzi\u0119ki produktom Digpro.<\/h2>\t\t\t\t<\/div>\n\t\t\t\t<\/div>\n\t\t\t\t<div class=\"elementor-element elementor-element-6b9578ca elementor-invisible elementor-widget elementor-widget-text-editor\" data-id=\"6b9578ca\" data-element_type=\"widget\" data-e-type=\"widget\" data-settings=\"{&quot;_animation&quot;:&quot;fadeIn&quot;}\" data-widget_type=\"text-editor.default\">\n\t\t\t\t<div class=\"elementor-widget-container\">\n\t\t\t\t\t\t\t\t\t<p><strong>Sie\u0107 elektroenergetyczna, dzi\u0119ki kt\u00f3rej mo\u017cesz w\u0142\u0105cza\u0107 \u015bwiat\u0142o, zosta\u0142a prawdopodobnie zaprojektowana przy u\u017cyciu rozwi\u0105za\u0144 firmy Digpro lub innych podobnych produkt\u00f3w. Nasze produkty s\u0105 wykorzystywane do obs\u0142ugi najwa\u017cniejszych us\u0142ug u\u017cyteczno\u015bci publicznej, pozostaj\u0105 jednak niewidoczne dla konsument\u00f3w. Nasza praca ma jednak kluczowe znaczenie podczas planowania i konserwacji wielkich sieci, z kt\u00f3rych korzystamy na co dzie\u0144.<\/strong><\/p><p>Za\u0142o\u017cona w 1989 r. firma Digpro jest liderem na nordyckich rynkach us\u0142ug zwi\u0105zanych z wdra\u017caniem \u015bwiat\u0142owodowych sieci telekomunikacyjnych i energii elektrycznej. Dynamiczny rozw\u00f3j firmy sprawia, \u017ce ro\u015bnie tak\u017ce jej udzia\u0142 w rynku globalnym. Nasze produkty s\u0105 przeznaczone nie tylko dla przedsi\u0119biorstw energetycznych i firm telekomunikacyjnych. Dostarczamy tak\u017ce rozwi\u0105zania s\u0142u\u017c\u0105ce do planowania i eksploatacji sieci w zak\u0142adach gazowniczych, wodno-kanalizacyjnych i ciep\u0142owniczych.<\/p><p><br \/>Produkty firmy Digpro odgrywaj\u0105 istotn\u0105 rol\u0119 w procesie cyfryzacji us\u0142ug komunalnych i ewolucji inteligentnych miast. W\u0142a\u015bciciele i operatorzy sieci na ca\u0142ym \u015bwiecie u\u017cywaj\u0105 oprogramowania Digpro do zarz\u0105dzania infrastruktur\u0105 i procesami biznesowymi. Firma Digpro oferuje kompleksowe rozwi\u0105zania do obs\u0142ugi ca\u0142ego cyklu \u017cycia sieci, obejmuj\u0105ce narz\u0119dzia i funkcje umo\u017cliwiaj\u0105ce planowanie, projektowanie, budow\u0119 i eksploatacj\u0119 sieci.<\/p>\t\t\t\t\t\t\t\t<\/div>\n\t\t\t\t<\/div>\n\t\t\t\t<div class=\"elementor-element elementor-element-e1fc61d elementor-widget elementor-widget-heading\" data-id=\"e1fc61d\" data-element_type=\"widget\" data-e-type=\"widget\" data-widget_type=\"heading.default\">\n\t\t\t\t<div class=\"elementor-widget-container\">\n\t\t\t\t\t<h2 class=\"elementor-heading-title elementor-size-default\">Nasze oprogramowanie w skr\u00f3cie<\/h2>\t\t\t\t<\/div>\n\t\t\t\t<\/div>\n\t\t\t\t<div class=\"elementor-element elementor-element-0a7ac48 elementor-invisible elementor-widget elementor-widget-text-editor\" data-id=\"0a7ac48\" data-element_type=\"widget\" data-e-type=\"widget\" data-settings=\"{&quot;_animation&quot;:&quot;fadeIn&quot;}\" data-widget_type=\"text-editor.default\">\n\t\t\t\t<div class=\"elementor-widget-container\">\n\t\t\t\t\t\t\t\t\tNasze oprogramowanie \u0142\u0105czy szczeg\u00f3\u0142owe dane o infrastrukturze sieci z informacjami geograficznymi i wsparciem konkretnych proces\u00f3w biznesowych. Dzi\u0119ki temu nasi klienci mog\u0105 zdobywa\u0107 szersz\u0105 wiedz\u0119 o swoich sieciach, a co za tym idzie \u2013 tworzy\u0107 lepsze modele sieci i bardziej efektywnie zarz\u0105dza\u0107 sieci\u0105 oraz zasobami. Pozwala to zwi\u0119ksza\u0107 niezawodno\u015b\u0107 i, co najwa\u017cniejsze, dostarcza\u0107 lepsze us\u0142ugi klientom indywidualnym i ca\u0142ym spo\u0142eczno\u015bciom.\n<\/br>\n<\/br>\n<a href=\"https:\/\/digpro.com\/pl\/produkty\/informacje-o-naszej-technologii\/\">Wi\u0119cej informacji o naszych technologiach<\/a>\t\t\t\t\t\t\t\t<\/div>\n\t\t\t\t<\/div>\n\t\t\t\t\t<\/div>\n\t\t<\/div>\n\t\t\t\t\t<\/div>\n\t\t<\/section>\n\t\t\t\t<\/div>\n\t\t","protected":false},"excerpt":{"rendered":"<p>Informacje o firmie Digpro Zdobywaj wiedz\u0119 o swojej sieci. W ca\u0142ym cyklu \u017cycia. Dzi\u0119ki produktom Digpro. Sie\u0107 elektroenergetyczna, dzi\u0119ki kt\u00f3rej mo\u017cesz w\u0142\u0105cza\u0107 \u015bwiat\u0142o, zosta\u0142a prawdopodobnie zaprojektowana przy u\u017cyciu rozwi\u0105za\u0144 firmy Digpro lub innych podobnych produkt\u00f3w. Nasze produkty s\u0105 wykorzystywane do obs\u0142ugi najwa\u017cniejszych us\u0142ug u\u017cyteczno\u015bci publicznej, pozostaj\u0105 jednak niewidoczne dla konsument\u00f3w. Nasza praca ma jednak kluczowe [&hellip;]<\/p>\n","protected":false},"author":1,"featured_media":0,"parent":0,"menu_order":0,"comment_status":"closed","ping_status":"closed","template":"elementor_header_footer","meta":{"content-type":"","_monsterinsights_skip_tracking":false,"_monsterinsights_sitenote_active":false,"_monsterinsights_sitenote_note":"","_monsterinsights_sitenote_category":0,"site-sidebar-layout":"no-sidebar","site-content-layout":"page-builder","ast-site-content-layout":"full-width-container","site-content-style":"unboxed","site-sidebar-style":"unboxed","ast-global-header-display":"","ast-banner-title-visibility":"","ast-main-header-display":"","ast-hfb-above-header-display":"","ast-hfb-below-header-display":"","ast-hfb-mobile-header-display":"","site-post-title":"disabled","ast-breadcrumbs-content":"","ast-featured-img":"disabled","footer-sml-layout":"","ast-disable-related-posts":"","theme-transparent-header-meta":"default","adv-header-id-meta":"","stick-header-meta":"default","header-above-stick-meta":"","header-main-stick-meta":"","header-below-stick-meta":"","astra-migrate-meta-layouts":"default","ast-page-background-enabled":"default","ast-page-background-meta":{"desktop":{"background-color":"","background-image":"","background-repeat":"repeat","background-position":"center center","background-size":"auto","background-attachment":"scroll","background-type":"","background-media":"","overlay-type":"","overlay-color":"","overlay-opacity":"","overlay-gradient":""},"tablet":{"background-color":"","background-image":"","background-repeat":"repeat","background-position":"center center","background-size":"auto","background-attachment":"scroll","background-type":"","background-media":"","overlay-type":"","overlay-color":"","overlay-opacity":"","overlay-gradient":""},"mobile":{"background-color":"","background-image":"","background-repeat":"repeat","background-position":"center center","background-size":"auto","background-attachment":"scroll","background-type":"","background-media":"","overlay-type":"","overlay-color":"","overlay-opacity":"","overlay-gradient":""}},"ast-content-background-meta":{"desktop":{"background-color":"var(--ast-global-color-5)","background-image":"","background-repeat":"repeat","background-position":"center center","background-size":"auto","background-attachment":"scroll","background-type":"","background-media":"","overlay-type":"","overlay-color":"","overlay-opacity":"","overlay-gradient":""},"tablet":{"background-color":"var(--ast-global-color-5)","background-image":"","background-repeat":"repeat","background-position":"center center","background-size":"auto","background-attachment":"scroll","background-type":"","background-media":"","overlay-type":"","overlay-color":"","overlay-opacity":"","overlay-gradient":""},"mobile":{"background-color":"var(--ast-global-color-5)","background-image":"","background-repeat":"repeat","background-position":"center center","background-size":"auto","background-attachment":"scroll","background-type":"","background-media":"","overlay-type":"","overlay-color":"","overlay-opacity":"","overlay-gradient":""}},"footnotes":""},"class_list":["post-7552","page","type-page","status-publish","hentry"],"yoast_head":"<!-- This site is optimized with the Yoast SEO plugin v26.9 - https:\/\/yoast.com\/product\/yoast-seo-wordpress\/ -->\n<title>Informacje - Digpro (PL)<\/title>\n<meta name=\"robots\" content=\"index, follow, max-snippet:-1, max-image-preview:large, max-video-preview:-1\" \/>\n<link rel=\"canonical\" href=\"https:\/\/digpro.com\/pl\/informacje\/\" \/>\n<meta property=\"og:locale\" content=\"pl_PL\" \/>\n<meta property=\"og:type\" content=\"article\" \/>\n<meta property=\"og:title\" content=\"Informacje - Digpro (PL)\" \/>\n<meta property=\"og:description\" content=\"Informacje o firmie Digpro Zdobywaj wiedz\u0119 o swojej sieci. W ca\u0142ym cyklu \u017cycia. Dzi\u0119ki produktom Digpro. Sie\u0107 elektroenergetyczna, dzi\u0119ki kt\u00f3rej mo\u017cesz w\u0142\u0105cza\u0107 \u015bwiat\u0142o, zosta\u0142a prawdopodobnie zaprojektowana przy u\u017cyciu rozwi\u0105za\u0144 firmy Digpro lub innych podobnych produkt\u00f3w. Nasze produkty s\u0105 wykorzystywane do obs\u0142ugi najwa\u017cniejszych us\u0142ug u\u017cyteczno\u015bci publicznej, pozostaj\u0105 jednak niewidoczne dla konsument\u00f3w. Nasza praca ma jednak kluczowe [&hellip;]\" \/>\n<meta property=\"og:url\" content=\"https:\/\/digpro.com\/pl\/informacje\/\" \/>\n<meta property=\"og:site_name\" content=\"Digpro (PL)\" \/>\n<meta property=\"article:publisher\" content=\"https:\/\/www.facebook.com\/digproab\" \/>\n<meta property=\"article:modified_time\" content=\"2021-03-15T12:00:55+00:00\" \/>\n<meta name=\"twitter:card\" content=\"summary_large_image\" \/>\n<meta name=\"twitter:label1\" content=\"Szacowany czas czytania\" \/>\n\t<meta name=\"twitter:data1\" content=\"2 minuty\" \/>\n<script type=\"application\/ld+json\" class=\"yoast-schema-graph\">{\"@context\":\"https:\/\/schema.org\",\"@graph\":[{\"@type\":\"WebPage\",\"@id\":\"https:\/\/digpro.com\/pl\/informacje\/\",\"url\":\"https:\/\/digpro.com\/pl\/informacje\/\",\"name\":\"Informacje - Digpro (PL)\",\"isPartOf\":{\"@id\":\"https:\/\/digpro.com\/pl\/#website\"},\"datePublished\":\"2021-03-11T15:32:11+00:00\",\"dateModified\":\"2021-03-15T12:00:55+00:00\",\"breadcrumb\":{\"@id\":\"https:\/\/digpro.com\/pl\/informacje\/#breadcrumb\"},\"inLanguage\":\"pl-PL\",\"potentialAction\":[{\"@type\":\"ReadAction\",\"target\":[\"https:\/\/digpro.com\/pl\/informacje\/\"]}]},{\"@type\":\"BreadcrumbList\",\"@id\":\"https:\/\/digpro.com\/pl\/informacje\/#breadcrumb\",\"itemListElement\":[{\"@type\":\"ListItem\",\"position\":1,\"name\":\"Home\",\"item\":\"https:\/\/digpro.com\/pl\/\"},{\"@type\":\"ListItem\",\"position\":2,\"name\":\"Informacje\"}]},{\"@type\":\"WebSite\",\"@id\":\"https:\/\/digpro.com\/pl\/#website\",\"url\":\"https:\/\/digpro.com\/pl\/\",\"name\":\"Digpro (PL)\",\"description\":\"Leading geographic information technologies\",\"publisher\":{\"@id\":\"https:\/\/digpro.com\/pl\/#organization\"},\"potentialAction\":[{\"@type\":\"SearchAction\",\"target\":{\"@type\":\"EntryPoint\",\"urlTemplate\":\"https:\/\/digpro.com\/pl\/?s={search_term_string}\"},\"query-input\":{\"@type\":\"PropertyValueSpecification\",\"valueRequired\":true,\"valueName\":\"search_term_string\"}}],\"inLanguage\":\"pl-PL\"},{\"@type\":\"Organization\",\"@id\":\"https:\/\/digpro.com\/pl\/#organization\",\"name\":\"Digpro\",\"url\":\"https:\/\/digpro.com\/pl\/\",\"logo\":{\"@type\":\"ImageObject\",\"inLanguage\":\"pl-PL\",\"@id\":\"https:\/\/digpro.com\/pl\/#\/schema\/logo\/image\/\",\"url\":\"https:\/\/digpro.com\/wp-content\/uploads\/2020\/09\/1_Digpro_logo_vektor_pos.svg\",\"contentUrl\":\"https:\/\/digpro.com\/wp-content\/uploads\/2020\/09\/1_Digpro_logo_vektor_pos.svg\",\"width\":1,\"height\":1,\"caption\":\"Digpro\"},\"image\":{\"@id\":\"https:\/\/digpro.com\/pl\/#\/schema\/logo\/image\/\"},\"sameAs\":[\"https:\/\/www.facebook.com\/digproab\",\"https:\/\/www.instagram.com\/lifeatdigpro\/\",\"https:\/\/www.linkedin.com\/company\/digpro-ab\/\"]}]}<\/script>\n<!-- \/ Yoast SEO plugin. -->","yoast_head_json":{"title":"Informacje - Digpro (PL)","robots":{"index":"index","follow":"follow","max-snippet":"max-snippet:-1","max-image-preview":"max-image-preview:large","max-video-preview":"max-video-preview:-1"},"canonical":"https:\/\/digpro.com\/pl\/informacje\/","og_locale":"pl_PL","og_type":"article","og_title":"Informacje - Digpro (PL)","og_description":"Informacje o firmie Digpro Zdobywaj wiedz\u0119 o swojej sieci. W ca\u0142ym cyklu \u017cycia. Dzi\u0119ki produktom Digpro. Sie\u0107 elektroenergetyczna, dzi\u0119ki kt\u00f3rej mo\u017cesz w\u0142\u0105cza\u0107 \u015bwiat\u0142o, zosta\u0142a prawdopodobnie zaprojektowana przy u\u017cyciu rozwi\u0105za\u0144 firmy Digpro lub innych podobnych produkt\u00f3w. Nasze produkty s\u0105 wykorzystywane do obs\u0142ugi najwa\u017cniejszych us\u0142ug u\u017cyteczno\u015bci publicznej, pozostaj\u0105 jednak niewidoczne dla konsument\u00f3w. Nasza praca ma jednak kluczowe [&hellip;]","og_url":"https:\/\/digpro.com\/pl\/informacje\/","og_site_name":"Digpro (PL)","article_publisher":"https:\/\/www.facebook.com\/digproab","article_modified_time":"2021-03-15T12:00:55+00:00","twitter_card":"summary_large_image","twitter_misc":{"Szacowany czas czytania":"2 minuty"},"schema":{"@context":"https:\/\/schema.org","@graph":[{"@type":"WebPage","@id":"https:\/\/digpro.com\/pl\/informacje\/","url":"https:\/\/digpro.com\/pl\/informacje\/","name":"Informacje - Digpro (PL)","isPartOf":{"@id":"https:\/\/digpro.com\/pl\/#website"},"datePublished":"2021-03-11T15:32:11+00:00","dateModified":"2021-03-15T12:00:55+00:00","breadcrumb":{"@id":"https:\/\/digpro.com\/pl\/informacje\/#breadcrumb"},"inLanguage":"pl-PL","potentialAction":[{"@type":"ReadAction","target":["https:\/\/digpro.com\/pl\/informacje\/"]}]},{"@type":"BreadcrumbList","@id":"https:\/\/digpro.com\/pl\/informacje\/#breadcrumb","itemListElement":[{"@type":"ListItem","position":1,"name":"Home","item":"https:\/\/digpro.com\/pl\/"},{"@type":"ListItem","position":2,"name":"Informacje"}]},{"@type":"WebSite","@id":"https:\/\/digpro.com\/pl\/#website","url":"https:\/\/digpro.com\/pl\/","name":"Digpro (PL)","description":"Leading geographic information technologies","publisher":{"@id":"https:\/\/digpro.com\/pl\/#organization"},"potentialAction":[{"@type":"SearchAction","target":{"@type":"EntryPoint","urlTemplate":"https:\/\/digpro.com\/pl\/?s={search_term_string}"},"query-input":{"@type":"PropertyValueSpecification","valueRequired":true,"valueName":"search_term_string"}}],"inLanguage":"pl-PL"},{"@type":"Organization","@id":"https:\/\/digpro.com\/pl\/#organization","name":"Digpro","url":"https:\/\/digpro.com\/pl\/","logo":{"@type":"ImageObject","inLanguage":"pl-PL","@id":"https:\/\/digpro.com\/pl\/#\/schema\/logo\/image\/","url":"https:\/\/digpro.com\/wp-content\/uploads\/2020\/09\/1_Digpro_logo_vektor_pos.svg","contentUrl":"https:\/\/digpro.com\/wp-content\/uploads\/2020\/09\/1_Digpro_logo_vektor_pos.svg","width":1,"height":1,"caption":"Digpro"},"image":{"@id":"https:\/\/digpro.com\/pl\/#\/schema\/logo\/image\/"},"sameAs":["https:\/\/www.facebook.com\/digproab","https:\/\/www.instagram.com\/lifeatdigpro\/","https:\/\/www.linkedin.com\/company\/digpro-ab\/"]}]}},"publishpress_future_action":{"enabled":false,"date":"2026-04-29 10:28:19","action":"change-status","newStatus":"draft","terms":[],"taxonomy":"translation_priority","extraData":[]},"publishpress_future_workflow_manual_trigger":{"enabledWorkflows":[]},"_links":{"self":[{"href":"https:\/\/digpro.com\/pl\/wp-json\/wp\/v2\/pages\/7552","targetHints":{"allow":["GET"]}}],"collection":[{"href":"https:\/\/digpro.com\/pl\/wp-json\/wp\/v2\/pages"}],"about":[{"href":"https:\/\/digpro.com\/pl\/wp-json\/wp\/v2\/types\/page"}],"author":[{"embeddable":true,"href":"https:\/\/digpro.com\/pl\/wp-json\/wp\/v2\/users\/1"}],"replies":[{"embeddable":true,"href":"https:\/\/digpro.com\/pl\/wp-json\/wp\/v2\/comments?post=7552"}],"version-history":[{"count":0,"href":"https:\/\/digpro.com\/pl\/wp-json\/wp\/v2\/pages\/7552\/revisions"}],"wp:attachment":[{"href":"https:\/\/digpro.com\/pl\/wp-json\/wp\/v2\/media?parent=7552"}],"curies":[{"name":"wp","href":"https:\/\/api.w.org\/{rel}","templated":true}]}}