{"id":7615,"date":"2021-03-12T14:44:11","date_gmt":"2021-03-12T13:44:11","guid":{"rendered":"https:\/\/digpro.com\/?page_id=7615"},"modified":"2023-06-20T14:21:57","modified_gmt":"2023-06-20T12:21:57","slug":"plikach-cookie","status":"publish","type":"page","link":"https:\/\/digpro.com\/pl\/plikach-cookie\/","title":{"rendered":"Plikach cookie"},"content":{"rendered":"\t\t<div data-elementor-type=\"wp-page\" data-elementor-id=\"7615\" class=\"elementor elementor-7615 elementor-889\" data-elementor-post-type=\"page\">\n\t\t\t\t\t\t<section class=\"elementor-section elementor-top-section elementor-element elementor-element-f6f5c48 elementor-section-boxed elementor-section-height-default elementor-section-height-default\" data-id=\"f6f5c48\" data-element_type=\"section\" data-e-type=\"section\">\n\t\t\t\t\t\t<div class=\"elementor-container elementor-column-gap-default\">\n\t\t\t\t\t<div class=\"elementor-column elementor-col-100 elementor-top-column elementor-element elementor-element-4a1faee\" data-id=\"4a1faee\" data-element_type=\"column\" data-e-type=\"column\">\n\t\t\t<div class=\"elementor-widget-wrap elementor-element-populated\">\n\t\t\t\t\t\t<div class=\"elementor-element elementor-element-2fba2d3 elementor-widget elementor-widget-heading\" data-id=\"2fba2d3\" data-element_type=\"widget\" data-e-type=\"widget\" data-widget_type=\"heading.default\">\n\t\t\t\t<div class=\"elementor-widget-container\">\n\t\t\t\t\t<h1 class=\"elementor-heading-title elementor-size-large\">INFORMACJE O PLIKACH COOKIE<\/h1>\t\t\t\t<\/div>\n\t\t\t\t<\/div>\n\t\t\t\t<div class=\"elementor-element elementor-element-1073395 elementor-widget elementor-widget-text-editor\" data-id=\"1073395\" data-element_type=\"widget\" data-e-type=\"widget\" data-widget_type=\"text-editor.default\">\n\t\t\t\t<div class=\"elementor-widget-container\">\n\t\t\t\t\t\t\t\t\tChcemy, by Twoje wizyty w naszej witrynie przebiega\u0142y w jak najlepszy i najbardziej efektywny spos\u00f3b. Dlatego \u015bledzimy dzia\u0142ania, kt\u00f3re wykonuj\u0105 u\u017cytkownicy odwiedzaj\u0105cy nasz\u0105 witryn\u0119. Korzystamy w tym celu z plik\u00f3w cookie. Cookie to ma\u0142y plik tekstowy, kt\u00f3ry jest przechowywany na Twoim urz\u0105dzeniu (np. na komputerze, telefonie kom\u00f3rkowym lub tablecie). Mo\u017cemy dzi\u0119ki niemu rozpoznawa\u0107 przegl\u0105darki u\u017cytkownik\u00f3w. Pliki cookie zawieraj\u0105 informacje o przegl\u0105darce i dzia\u0142aniach, kt\u00f3re zosta\u0142y wykonane za jej po\u015brednictwem. Nie musisz zgadza\u0107 si\u0119 na obs\u0142ug\u0119 plik\u00f3w cookie w tej witrynie, jednak w\u00f3wczas witryna nie zostanie dostosowana do Twoich potrzeb.\n\n<strong>\u00a0<\/strong>\n<h2>WY\u0141\u0104CZANIE PLIK\u00d3W COOKIE<\/h2>\nJe\u015bli nie chcesz, aby w witrynie by\u0142y u\u017cywane pliki cookie, mo\u017cesz wy\u0142\u0105czy\u0107 t\u0119 funkcjonalno\u015b\u0107 w przegl\u0105darce. Nie b\u0119dziemy w\u00f3wczas gromadzi\u0107 \u017cadnych plik\u00f3w cookie, jednak pewne funkcje tej witryny nie b\u0119d\u0105 dost\u0119pne.\n\n<strong>\u00a0<\/strong>\n<h2>NASZ PLIKI COOKIE<\/h2>\nPliki cookie umo\u017cliwiaj\u0105 ulepszanie naszej witryny i zbieranie og\u00f3lnych statystyk.\u00a0 U\u017cywamy zar\u00f3wno trwa\u0142ych, jak i tymczasowych plik\u00f3w cookie, kt\u00f3re s\u0105 przechowywane w przegl\u0105darce u\u017cytkownika. Tymczasowe pliki cookie s\u0105 usuwane, gdy opuszczasz nasz\u0105 witryn\u0119. Nie zawieraj\u0105 one \u017cadnych danych osobowych. Trwa\u0142e pliki cookie s\u0105 u\u017cywane do rejestrowania danych statystycznych o osobach odwiedzaj\u0105cych witryn\u0119, zatem s\u0105 w nich zapisywane adresy IP u\u017cytkownik\u00f3w. Statystyki dotycz\u0105ce os\u00f3b odwiedzaj\u0105cych witryn\u0119 s\u0105 wa\u017cnym narz\u0119dziem umo\u017cliwiaj\u0105cym jej rozw\u00f3j. Analizuj\u0105c sposoby, w jakie u\u017cytkownicy korzystaj\u0105 z witryny, mo\u017cemy ci\u0105gle j\u0105 ulepsza\u0107. Trwa\u0142y plik cookie jest zapisywany na urz\u0105dzeniu osoby odwiedzaj\u0105cej witryn\u0119 i przechowywany tam przez d\u0142u\u017cszy czas. Ma jednak dat\u0119 wa\u017cno\u015bci. Po jej up\u0142ywie plik cookie zostanie automatycznie usuni\u0119ty podczas nast\u0119pnej wizyty w witrynie, kt\u00f3ra go utworzy\u0142a.\n\n<strong>\u00a0<\/strong>\n<h2>PLIKI COOKIE INNYCH PODMIOT\u00d3W<\/h2>\nPliki cookie u\u017cywane na przyk\u0142ad do zbierania informacji niezb\u0119dnych do udost\u0119pniania dostosowanych tre\u015bci i gromadzenia statystyk internetowych mog\u0105 by\u0107 tak zwanymi plikami cookie innych podmiot\u00f3w. Tw\u00f3rc\u0105 tych plik\u00f3w cookie mo\u017ce by\u0107 podmiot inny ni\u017c ten, kt\u00f3ry odpowiada za dan\u0105 witryn\u0119.\u00a0 Pliki cookie innych podmiot\u00f3w s\u0105 tak\u017ce obecne w naszej witrynie.\n\n<strong>\u00a0<\/strong>\n<h2>DOWIEDZ SI\u0118 WI\u0118CEJ<\/h2>\nSzwedzki Urz\u0105d Poczty i Telekomunikacji \u2013 Post- och telestyrelsen \u2013 udost\u0119pnia szczeg\u00f3\u0142owe informacje o tej technologii i przepisach prawa obowi\u0105zuj\u0105cych w przypadku plik\u00f3w cookie.\u00a0<a href=\"https:\/\/www.pts.se\/sv\/Bransch\/Regler\/Lagar\/Lag-om-elektronisk-kommunikation\/\">Dowiedz si\u0119 wi\u0119cej tutaj.<\/a>\t\t\t\t\t\t\t\t<\/div>\n\t\t\t\t<\/div>\n\t\t\t\t\t<\/div>\n\t\t<\/div>\n\t\t\t\t\t<\/div>\n\t\t<\/section>\n\t\t\t\t<\/div>\n\t\t","protected":false},"excerpt":{"rendered":"<p>INFORMACJE O PLIKACH COOKIE Chcemy, by Twoje wizyty w naszej witrynie przebiega\u0142y w jak najlepszy i najbardziej efektywny spos\u00f3b. Dlatego \u015bledzimy dzia\u0142ania, kt\u00f3re wykonuj\u0105 u\u017cytkownicy odwiedzaj\u0105cy nasz\u0105 witryn\u0119. Korzystamy w tym celu z plik\u00f3w cookie. Cookie to ma\u0142y plik tekstowy, kt\u00f3ry jest przechowywany na Twoim urz\u0105dzeniu (np. na komputerze, telefonie kom\u00f3rkowym lub tablecie). Mo\u017cemy dzi\u0119ki [&hellip;]<\/p>\n","protected":false},"author":1,"featured_media":0,"parent":0,"menu_order":0,"comment_status":"closed","ping_status":"closed","template":"","meta":{"content-type":"","_monsterinsights_skip_tracking":false,"_monsterinsights_sitenote_active":false,"_monsterinsights_sitenote_note":"","_monsterinsights_sitenote_category":0,"site-sidebar-layout":"no-sidebar","site-content-layout":"page-builder","ast-site-content-layout":"default","site-content-style":"default","site-sidebar-style":"default","ast-global-header-display":"","ast-banner-title-visibility":"","ast-main-header-display":"","ast-hfb-above-header-display":"","ast-hfb-below-header-display":"","ast-hfb-mobile-header-display":"","site-post-title":"disabled","ast-breadcrumbs-content":"","ast-featured-img":"disabled","footer-sml-layout":"","ast-disable-related-posts":"","theme-transparent-header-meta":"default","adv-header-id-meta":"","stick-header-meta":"default","header-above-stick-meta":"","header-main-stick-meta":"","header-below-stick-meta":"","astra-migrate-meta-layouts":"default","ast-page-background-enabled":"default","ast-page-background-meta":{"desktop":{"background-color":"","background-image":"","background-repeat":"repeat","background-position":"center center","background-size":"auto","background-attachment":"scroll","background-type":"","background-media":"","overlay-type":"","overlay-color":"","overlay-opacity":"","overlay-gradient":""},"tablet":{"background-color":"","background-image":"","background-repeat":"repeat","background-position":"center center","background-size":"auto","background-attachment":"scroll","background-type":"","background-media":"","overlay-type":"","overlay-color":"","overlay-opacity":"","overlay-gradient":""},"mobile":{"background-color":"","background-image":"","background-repeat":"repeat","background-position":"center center","background-size":"auto","background-attachment":"scroll","background-type":"","background-media":"","overlay-type":"","overlay-color":"","overlay-opacity":"","overlay-gradient":""}},"ast-content-background-meta":{"desktop":{"background-color":"var(--ast-global-color-5)","background-image":"","background-repeat":"repeat","background-position":"center center","background-size":"auto","background-attachment":"scroll","background-type":"","background-media":"","overlay-type":"","overlay-color":"","overlay-opacity":"","overlay-gradient":""},"tablet":{"background-color":"var(--ast-global-color-5)","background-image":"","background-repeat":"repeat","background-position":"center center","background-size":"auto","background-attachment":"scroll","background-type":"","background-media":"","overlay-type":"","overlay-color":"","overlay-opacity":"","overlay-gradient":""},"mobile":{"background-color":"var(--ast-global-color-5)","background-image":"","background-repeat":"repeat","background-position":"center center","background-size":"auto","background-attachment":"scroll","background-type":"","background-media":"","overlay-type":"","overlay-color":"","overlay-opacity":"","overlay-gradient":""}},"footnotes":""},"class_list":["post-7615","page","type-page","status-publish","hentry"],"yoast_head":"<!-- This site is optimized with the Yoast SEO plugin v26.9 - https:\/\/yoast.com\/product\/yoast-seo-wordpress\/ -->\n<title>Plikach cookie - Digpro (PL)<\/title>\n<meta name=\"robots\" content=\"index, follow, max-snippet:-1, max-image-preview:large, max-video-preview:-1\" \/>\n<link rel=\"canonical\" href=\"https:\/\/digpro.com\/pl\/plikach-cookie\/\" \/>\n<meta property=\"og:locale\" content=\"pl_PL\" \/>\n<meta property=\"og:type\" content=\"article\" \/>\n<meta property=\"og:title\" content=\"Plikach cookie - Digpro (PL)\" \/>\n<meta property=\"og:description\" content=\"INFORMACJE O PLIKACH COOKIE Chcemy, by Twoje wizyty w naszej witrynie przebiega\u0142y w jak najlepszy i najbardziej efektywny spos\u00f3b. Dlatego \u015bledzimy dzia\u0142ania, kt\u00f3re wykonuj\u0105 u\u017cytkownicy odwiedzaj\u0105cy nasz\u0105 witryn\u0119. Korzystamy w tym celu z plik\u00f3w cookie. Cookie to ma\u0142y plik tekstowy, kt\u00f3ry jest przechowywany na Twoim urz\u0105dzeniu (np. na komputerze, telefonie kom\u00f3rkowym lub tablecie). Mo\u017cemy dzi\u0119ki [&hellip;]\" \/>\n<meta property=\"og:url\" content=\"https:\/\/digpro.com\/pl\/plikach-cookie\/\" \/>\n<meta property=\"og:site_name\" content=\"Digpro (PL)\" \/>\n<meta property=\"article:publisher\" content=\"https:\/\/www.facebook.com\/digproab\" \/>\n<meta property=\"article:modified_time\" content=\"2023-06-20T12:21:57+00:00\" \/>\n<meta name=\"twitter:card\" content=\"summary_large_image\" \/>\n<meta name=\"twitter:label1\" content=\"Szacowany czas czytania\" \/>\n\t<meta name=\"twitter:data1\" content=\"2 minuty\" \/>\n<script type=\"application\/ld+json\" class=\"yoast-schema-graph\">{\"@context\":\"https:\/\/schema.org\",\"@graph\":[{\"@type\":\"WebPage\",\"@id\":\"https:\/\/digpro.com\/pl\/plikach-cookie\/\",\"url\":\"https:\/\/digpro.com\/pl\/plikach-cookie\/\",\"name\":\"Plikach cookie - Digpro (PL)\",\"isPartOf\":{\"@id\":\"https:\/\/digpro.com\/pl\/#website\"},\"datePublished\":\"2021-03-12T13:44:11+00:00\",\"dateModified\":\"2023-06-20T12:21:57+00:00\",\"breadcrumb\":{\"@id\":\"https:\/\/digpro.com\/pl\/plikach-cookie\/#breadcrumb\"},\"inLanguage\":\"pl-PL\",\"potentialAction\":[{\"@type\":\"ReadAction\",\"target\":[\"https:\/\/digpro.com\/pl\/plikach-cookie\/\"]}]},{\"@type\":\"BreadcrumbList\",\"@id\":\"https:\/\/digpro.com\/pl\/plikach-cookie\/#breadcrumb\",\"itemListElement\":[{\"@type\":\"ListItem\",\"position\":1,\"name\":\"Home\",\"item\":\"https:\/\/digpro.com\/pl\/\"},{\"@type\":\"ListItem\",\"position\":2,\"name\":\"Plikach cookie\"}]},{\"@type\":\"WebSite\",\"@id\":\"https:\/\/digpro.com\/pl\/#website\",\"url\":\"https:\/\/digpro.com\/pl\/\",\"name\":\"Digpro (PL)\",\"description\":\"Leading geographic information technologies\",\"publisher\":{\"@id\":\"https:\/\/digpro.com\/pl\/#organization\"},\"potentialAction\":[{\"@type\":\"SearchAction\",\"target\":{\"@type\":\"EntryPoint\",\"urlTemplate\":\"https:\/\/digpro.com\/pl\/?s={search_term_string}\"},\"query-input\":{\"@type\":\"PropertyValueSpecification\",\"valueRequired\":true,\"valueName\":\"search_term_string\"}}],\"inLanguage\":\"pl-PL\"},{\"@type\":\"Organization\",\"@id\":\"https:\/\/digpro.com\/pl\/#organization\",\"name\":\"Digpro\",\"url\":\"https:\/\/digpro.com\/pl\/\",\"logo\":{\"@type\":\"ImageObject\",\"inLanguage\":\"pl-PL\",\"@id\":\"https:\/\/digpro.com\/pl\/#\/schema\/logo\/image\/\",\"url\":\"https:\/\/digpro.com\/wp-content\/uploads\/2020\/09\/1_Digpro_logo_vektor_pos.svg\",\"contentUrl\":\"https:\/\/digpro.com\/wp-content\/uploads\/2020\/09\/1_Digpro_logo_vektor_pos.svg\",\"width\":1,\"height\":1,\"caption\":\"Digpro\"},\"image\":{\"@id\":\"https:\/\/digpro.com\/pl\/#\/schema\/logo\/image\/\"},\"sameAs\":[\"https:\/\/www.facebook.com\/digproab\",\"https:\/\/www.instagram.com\/lifeatdigpro\/\",\"https:\/\/www.linkedin.com\/company\/digpro-ab\/\"]}]}<\/script>\n<!-- \/ Yoast SEO plugin. -->","yoast_head_json":{"title":"Plikach cookie - Digpro (PL)","robots":{"index":"index","follow":"follow","max-snippet":"max-snippet:-1","max-image-preview":"max-image-preview:large","max-video-preview":"max-video-preview:-1"},"canonical":"https:\/\/digpro.com\/pl\/plikach-cookie\/","og_locale":"pl_PL","og_type":"article","og_title":"Plikach cookie - Digpro (PL)","og_description":"INFORMACJE O PLIKACH COOKIE Chcemy, by Twoje wizyty w naszej witrynie przebiega\u0142y w jak najlepszy i najbardziej efektywny spos\u00f3b. Dlatego \u015bledzimy dzia\u0142ania, kt\u00f3re wykonuj\u0105 u\u017cytkownicy odwiedzaj\u0105cy nasz\u0105 witryn\u0119. Korzystamy w tym celu z plik\u00f3w cookie. Cookie to ma\u0142y plik tekstowy, kt\u00f3ry jest przechowywany na Twoim urz\u0105dzeniu (np. na komputerze, telefonie kom\u00f3rkowym lub tablecie). Mo\u017cemy dzi\u0119ki [&hellip;]","og_url":"https:\/\/digpro.com\/pl\/plikach-cookie\/","og_site_name":"Digpro (PL)","article_publisher":"https:\/\/www.facebook.com\/digproab","article_modified_time":"2023-06-20T12:21:57+00:00","twitter_card":"summary_large_image","twitter_misc":{"Szacowany czas czytania":"2 minuty"},"schema":{"@context":"https:\/\/schema.org","@graph":[{"@type":"WebPage","@id":"https:\/\/digpro.com\/pl\/plikach-cookie\/","url":"https:\/\/digpro.com\/pl\/plikach-cookie\/","name":"Plikach cookie - Digpro (PL)","isPartOf":{"@id":"https:\/\/digpro.com\/pl\/#website"},"datePublished":"2021-03-12T13:44:11+00:00","dateModified":"2023-06-20T12:21:57+00:00","breadcrumb":{"@id":"https:\/\/digpro.com\/pl\/plikach-cookie\/#breadcrumb"},"inLanguage":"pl-PL","potentialAction":[{"@type":"ReadAction","target":["https:\/\/digpro.com\/pl\/plikach-cookie\/"]}]},{"@type":"BreadcrumbList","@id":"https:\/\/digpro.com\/pl\/plikach-cookie\/#breadcrumb","itemListElement":[{"@type":"ListItem","position":1,"name":"Home","item":"https:\/\/digpro.com\/pl\/"},{"@type":"ListItem","position":2,"name":"Plikach cookie"}]},{"@type":"WebSite","@id":"https:\/\/digpro.com\/pl\/#website","url":"https:\/\/digpro.com\/pl\/","name":"Digpro (PL)","description":"Leading geographic information technologies","publisher":{"@id":"https:\/\/digpro.com\/pl\/#organization"},"potentialAction":[{"@type":"SearchAction","target":{"@type":"EntryPoint","urlTemplate":"https:\/\/digpro.com\/pl\/?s={search_term_string}"},"query-input":{"@type":"PropertyValueSpecification","valueRequired":true,"valueName":"search_term_string"}}],"inLanguage":"pl-PL"},{"@type":"Organization","@id":"https:\/\/digpro.com\/pl\/#organization","name":"Digpro","url":"https:\/\/digpro.com\/pl\/","logo":{"@type":"ImageObject","inLanguage":"pl-PL","@id":"https:\/\/digpro.com\/pl\/#\/schema\/logo\/image\/","url":"https:\/\/digpro.com\/wp-content\/uploads\/2020\/09\/1_Digpro_logo_vektor_pos.svg","contentUrl":"https:\/\/digpro.com\/wp-content\/uploads\/2020\/09\/1_Digpro_logo_vektor_pos.svg","width":1,"height":1,"caption":"Digpro"},"image":{"@id":"https:\/\/digpro.com\/pl\/#\/schema\/logo\/image\/"},"sameAs":["https:\/\/www.facebook.com\/digproab","https:\/\/www.instagram.com\/lifeatdigpro\/","https:\/\/www.linkedin.com\/company\/digpro-ab\/"]}]}},"publishpress_future_action":{"enabled":false,"date":"2026-04-29 10:28:23","action":"change-status","newStatus":"draft","terms":[],"taxonomy":"translation_priority","extraData":[]},"publishpress_future_workflow_manual_trigger":{"enabledWorkflows":[]},"_links":{"self":[{"href":"https:\/\/digpro.com\/pl\/wp-json\/wp\/v2\/pages\/7615","targetHints":{"allow":["GET"]}}],"collection":[{"href":"https:\/\/digpro.com\/pl\/wp-json\/wp\/v2\/pages"}],"about":[{"href":"https:\/\/digpro.com\/pl\/wp-json\/wp\/v2\/types\/page"}],"author":[{"embeddable":true,"href":"https:\/\/digpro.com\/pl\/wp-json\/wp\/v2\/users\/1"}],"replies":[{"embeddable":true,"href":"https:\/\/digpro.com\/pl\/wp-json\/wp\/v2\/comments?post=7615"}],"version-history":[{"count":0,"href":"https:\/\/digpro.com\/pl\/wp-json\/wp\/v2\/pages\/7615\/revisions"}],"wp:attachment":[{"href":"https:\/\/digpro.com\/pl\/wp-json\/wp\/v2\/media?parent=7615"}],"curies":[{"name":"wp","href":"https:\/\/api.w.org\/{rel}","templated":true}]}}