{"id":7619,"date":"2021-03-12T14:54:40","date_gmt":"2021-03-12T13:54:40","guid":{"rendered":"https:\/\/digpro.com\/?page_id=7619"},"modified":"2023-06-20T14:00:19","modified_gmt":"2023-06-20T12:00:19","slug":"nasza-polityka-prywatnosci","status":"publish","type":"page","link":"https:\/\/digpro.com\/pl\/nasza-polityka-prywatnosci\/","title":{"rendered":"Nasza polityka prywatnosci"},"content":{"rendered":"\t\t<div data-elementor-type=\"wp-page\" data-elementor-id=\"7619\" class=\"elementor elementor-7619 elementor-900\" data-elementor-post-type=\"page\">\n\t\t\t\t\t\t<section class=\"elementor-section elementor-top-section elementor-element elementor-element-b17dac6 elementor-section-boxed elementor-section-height-default elementor-section-height-default\" data-id=\"b17dac6\" data-element_type=\"section\" data-e-type=\"section\">\n\t\t\t\t\t\t<div class=\"elementor-container elementor-column-gap-default\">\n\t\t\t\t\t<div class=\"elementor-column elementor-col-100 elementor-top-column elementor-element elementor-element-aba511c\" data-id=\"aba511c\" data-element_type=\"column\" data-e-type=\"column\">\n\t\t\t<div class=\"elementor-widget-wrap elementor-element-populated\">\n\t\t\t\t\t\t<div class=\"elementor-element elementor-element-754561a elementor-widget elementor-widget-heading\" data-id=\"754561a\" data-element_type=\"widget\" data-e-type=\"widget\" data-widget_type=\"heading.default\">\n\t\t\t\t<div class=\"elementor-widget-container\">\n\t\t\t\t\t<h1 class=\"elementor-heading-title elementor-size-large\">NASZA POLITYKA PRYWATNO\u015aCI<\/h1>\t\t\t\t<\/div>\n\t\t\t\t<\/div>\n\t\t\t\t<div class=\"elementor-element elementor-element-f528c3d elementor-widget elementor-widget-text-editor\" data-id=\"f528c3d\" data-element_type=\"widget\" data-e-type=\"widget\" data-widget_type=\"text-editor.default\">\n\t\t\t\t<div class=\"elementor-widget-container\">\n\t\t\t\t\t\t\t\t\t<h2><span style=\"font-size: 20px; color: var(--ast-global-color-3); font-family: Futura-PT, futura-pt, sans-serif;\">Przechowujemy Twoje dane osobowe i zarz\u0105dzamy nimi zgodnie z Rozporz\u0105dzeniem o Ochronie Danych Osobowych, RODO. Dane osobowe to informacje, kt\u00f3re w spos\u00f3b bezpo\u015bredni lub po\u015bredni mog\u0105 by\u0107 powi\u0105zane z okre\u015blon\u0105 osob\u0105, takie jak nazwisko lub informacje kontaktowe.<\/span><\/h2><h2><strong>JAKIE INFORMACJE O TOBIE PRZETWARZAMY<\/strong><\/h2><p>Kontaktuj\u0105c si\u0119 z nami, na przyk\u0142ad w celu subskrybowania naszego biuletynu informacyjnego, mo\u017cesz przekazywa\u0107 nam pewne dane osobowe. Dane te s\u0105 nast\u0119pnie przez nas przetwarzane. Nigdy nie b\u0119dziemy przetwarza\u0107 Twoich danych osobowych przez okres d\u0142u\u017cszy, ni\u017c ten wyznaczony obowi\u0105zuj\u0105cymi przepisami prawa, regulacjami, normami lub decyzjami administracyjnymi. Je\u015bli chcesz dowiedzie\u0107 si\u0119, jakimi informacjami o Tobie dysponujemy, albo chcesz, by je zmieniono lub usuni\u0119to, wy\u015blij wiadomo\u015b\u0107 e-mail na adres sales@digpro.se.<\/p><h2><strong>KONTROLA DANYCH<\/strong><\/h2><p>Szwedzki Inspektorat Danych \u2013 Datainspektionen \u2013 dysponuje dodatkowymi informacjami o RODO i Twoich prawach w zakresie transparentno\u015bci oraz kontrolowania sposob\u00f3w, w jakie s\u0105 przetwarzane Twoje dane osobowe. W tym miejscu mo\u017cesz z\u0142o\u017cy\u0107 skarg\u0119, je\u015bli uwa\u017casz, \u017ce Twoje dane nie s\u0105 przetwarzane prawid\u0142owo. Dowiedz si\u0119 wi\u0119cej o ustawie RODO i swoich prawach w\u00a0<a href=\"https:\/\/www.datainspektionen.se\/lagar--regler\/dataskyddsforordningen\/\">witrynie Datainspektionens.<\/a><\/p><h2>ADMINISTRATOR DANYCH<\/h2><p>Digpro Solutions AB Ulriksborgsgatan 5 112 18 Stockholm +46 8 50 63 26 00 sales@digpro.se<\/p>\t\t\t\t\t\t\t\t<\/div>\n\t\t\t\t<\/div>\n\t\t\t\t\t<\/div>\n\t\t<\/div>\n\t\t\t\t\t<\/div>\n\t\t<\/section>\n\t\t\t\t<\/div>\n\t\t","protected":false},"excerpt":{"rendered":"<p>NASZA POLITYKA PRYWATNO\u015aCI Przechowujemy Twoje dane osobowe i zarz\u0105dzamy nimi zgodnie z Rozporz\u0105dzeniem o Ochronie Danych Osobowych, RODO. Dane osobowe to informacje, kt\u00f3re w spos\u00f3b bezpo\u015bredni lub po\u015bredni mog\u0105 by\u0107 powi\u0105zane z okre\u015blon\u0105 osob\u0105, takie jak nazwisko lub informacje kontaktowe. JAKIE INFORMACJE O TOBIE PRZETWARZAMY Kontaktuj\u0105c si\u0119 z nami, na przyk\u0142ad w celu subskrybowania naszego [&hellip;]<\/p>\n","protected":false},"author":1,"featured_media":0,"parent":0,"menu_order":0,"comment_status":"closed","ping_status":"closed","template":"","meta":{"content-type":"","_monsterinsights_skip_tracking":false,"_monsterinsights_sitenote_active":false,"_monsterinsights_sitenote_note":"","_monsterinsights_sitenote_category":0,"site-sidebar-layout":"no-sidebar","site-content-layout":"page-builder","ast-site-content-layout":"default","site-content-style":"default","site-sidebar-style":"default","ast-global-header-display":"","ast-banner-title-visibility":"","ast-main-header-display":"","ast-hfb-above-header-display":"","ast-hfb-below-header-display":"","ast-hfb-mobile-header-display":"","site-post-title":"disabled","ast-breadcrumbs-content":"","ast-featured-img":"disabled","footer-sml-layout":"","ast-disable-related-posts":"","theme-transparent-header-meta":"default","adv-header-id-meta":"","stick-header-meta":"default","header-above-stick-meta":"","header-main-stick-meta":"","header-below-stick-meta":"","astra-migrate-meta-layouts":"default","ast-page-background-enabled":"default","ast-page-background-meta":{"desktop":{"background-color":"","background-image":"","background-repeat":"repeat","background-position":"center center","background-size":"auto","background-attachment":"scroll","background-type":"","background-media":"","overlay-type":"","overlay-color":"","overlay-opacity":"","overlay-gradient":""},"tablet":{"background-color":"","background-image":"","background-repeat":"repeat","background-position":"center center","background-size":"auto","background-attachment":"scroll","background-type":"","background-media":"","overlay-type":"","overlay-color":"","overlay-opacity":"","overlay-gradient":""},"mobile":{"background-color":"","background-image":"","background-repeat":"repeat","background-position":"center center","background-size":"auto","background-attachment":"scroll","background-type":"","background-media":"","overlay-type":"","overlay-color":"","overlay-opacity":"","overlay-gradient":""}},"ast-content-background-meta":{"desktop":{"background-color":"var(--ast-global-color-5)","background-image":"","background-repeat":"repeat","background-position":"center center","background-size":"auto","background-attachment":"scroll","background-type":"","background-media":"","overlay-type":"","overlay-color":"","overlay-opacity":"","overlay-gradient":""},"tablet":{"background-color":"var(--ast-global-color-5)","background-image":"","background-repeat":"repeat","background-position":"center center","background-size":"auto","background-attachment":"scroll","background-type":"","background-media":"","overlay-type":"","overlay-color":"","overlay-opacity":"","overlay-gradient":""},"mobile":{"background-color":"var(--ast-global-color-5)","background-image":"","background-repeat":"repeat","background-position":"center center","background-size":"auto","background-attachment":"scroll","background-type":"","background-media":"","overlay-type":"","overlay-color":"","overlay-opacity":"","overlay-gradient":""}},"footnotes":""},"class_list":["post-7619","page","type-page","status-publish","hentry"],"yoast_head":"<!-- This site is optimized with the Yoast SEO plugin v26.9 - https:\/\/yoast.com\/product\/yoast-seo-wordpress\/ -->\n<title>Nasza polityka prywatnosci - Digpro (PL)<\/title>\n<meta name=\"robots\" content=\"index, follow, max-snippet:-1, max-image-preview:large, max-video-preview:-1\" \/>\n<link rel=\"canonical\" href=\"https:\/\/digpro.com\/pl\/nasza-polityka-prywatnosci\/\" \/>\n<meta property=\"og:locale\" content=\"pl_PL\" \/>\n<meta property=\"og:type\" content=\"article\" \/>\n<meta property=\"og:title\" content=\"Nasza polityka prywatnosci - Digpro (PL)\" \/>\n<meta property=\"og:description\" content=\"NASZA POLITYKA PRYWATNO\u015aCI Przechowujemy Twoje dane osobowe i zarz\u0105dzamy nimi zgodnie z Rozporz\u0105dzeniem o Ochronie Danych Osobowych, RODO. Dane osobowe to informacje, kt\u00f3re w spos\u00f3b bezpo\u015bredni lub po\u015bredni mog\u0105 by\u0107 powi\u0105zane z okre\u015blon\u0105 osob\u0105, takie jak nazwisko lub informacje kontaktowe. JAKIE INFORMACJE O TOBIE PRZETWARZAMY Kontaktuj\u0105c si\u0119 z nami, na przyk\u0142ad w celu subskrybowania naszego [&hellip;]\" \/>\n<meta property=\"og:url\" content=\"https:\/\/digpro.com\/pl\/nasza-polityka-prywatnosci\/\" \/>\n<meta property=\"og:site_name\" content=\"Digpro (PL)\" \/>\n<meta property=\"article:publisher\" content=\"https:\/\/www.facebook.com\/digproab\" \/>\n<meta property=\"article:modified_time\" content=\"2023-06-20T12:00:19+00:00\" \/>\n<meta name=\"twitter:card\" content=\"summary_large_image\" \/>\n<meta name=\"twitter:label1\" content=\"Szacowany czas czytania\" \/>\n\t<meta name=\"twitter:data1\" content=\"2 minuty\" \/>\n<script type=\"application\/ld+json\" class=\"yoast-schema-graph\">{\"@context\":\"https:\/\/schema.org\",\"@graph\":[{\"@type\":\"WebPage\",\"@id\":\"https:\/\/digpro.com\/pl\/nasza-polityka-prywatnosci\/\",\"url\":\"https:\/\/digpro.com\/pl\/nasza-polityka-prywatnosci\/\",\"name\":\"Nasza polityka prywatnosci - Digpro (PL)\",\"isPartOf\":{\"@id\":\"https:\/\/digpro.com\/pl\/#website\"},\"datePublished\":\"2021-03-12T13:54:40+00:00\",\"dateModified\":\"2023-06-20T12:00:19+00:00\",\"breadcrumb\":{\"@id\":\"https:\/\/digpro.com\/pl\/nasza-polityka-prywatnosci\/#breadcrumb\"},\"inLanguage\":\"pl-PL\",\"potentialAction\":[{\"@type\":\"ReadAction\",\"target\":[\"https:\/\/digpro.com\/pl\/nasza-polityka-prywatnosci\/\"]}]},{\"@type\":\"BreadcrumbList\",\"@id\":\"https:\/\/digpro.com\/pl\/nasza-polityka-prywatnosci\/#breadcrumb\",\"itemListElement\":[{\"@type\":\"ListItem\",\"position\":1,\"name\":\"Home\",\"item\":\"https:\/\/digpro.com\/pl\/\"},{\"@type\":\"ListItem\",\"position\":2,\"name\":\"Nasza polityka prywatnosci\"}]},{\"@type\":\"WebSite\",\"@id\":\"https:\/\/digpro.com\/pl\/#website\",\"url\":\"https:\/\/digpro.com\/pl\/\",\"name\":\"Digpro (PL)\",\"description\":\"Leading geographic information technologies\",\"publisher\":{\"@id\":\"https:\/\/digpro.com\/pl\/#organization\"},\"potentialAction\":[{\"@type\":\"SearchAction\",\"target\":{\"@type\":\"EntryPoint\",\"urlTemplate\":\"https:\/\/digpro.com\/pl\/?s={search_term_string}\"},\"query-input\":{\"@type\":\"PropertyValueSpecification\",\"valueRequired\":true,\"valueName\":\"search_term_string\"}}],\"inLanguage\":\"pl-PL\"},{\"@type\":\"Organization\",\"@id\":\"https:\/\/digpro.com\/pl\/#organization\",\"name\":\"Digpro\",\"url\":\"https:\/\/digpro.com\/pl\/\",\"logo\":{\"@type\":\"ImageObject\",\"inLanguage\":\"pl-PL\",\"@id\":\"https:\/\/digpro.com\/pl\/#\/schema\/logo\/image\/\",\"url\":\"https:\/\/digpro.com\/wp-content\/uploads\/2020\/09\/1_Digpro_logo_vektor_pos.svg\",\"contentUrl\":\"https:\/\/digpro.com\/wp-content\/uploads\/2020\/09\/1_Digpro_logo_vektor_pos.svg\",\"width\":1,\"height\":1,\"caption\":\"Digpro\"},\"image\":{\"@id\":\"https:\/\/digpro.com\/pl\/#\/schema\/logo\/image\/\"},\"sameAs\":[\"https:\/\/www.facebook.com\/digproab\",\"https:\/\/www.instagram.com\/lifeatdigpro\/\",\"https:\/\/www.linkedin.com\/company\/digpro-ab\/\"]}]}<\/script>\n<!-- \/ Yoast SEO plugin. -->","yoast_head_json":{"title":"Nasza polityka prywatnosci - Digpro (PL)","robots":{"index":"index","follow":"follow","max-snippet":"max-snippet:-1","max-image-preview":"max-image-preview:large","max-video-preview":"max-video-preview:-1"},"canonical":"https:\/\/digpro.com\/pl\/nasza-polityka-prywatnosci\/","og_locale":"pl_PL","og_type":"article","og_title":"Nasza polityka prywatnosci - Digpro (PL)","og_description":"NASZA POLITYKA PRYWATNO\u015aCI Przechowujemy Twoje dane osobowe i zarz\u0105dzamy nimi zgodnie z Rozporz\u0105dzeniem o Ochronie Danych Osobowych, RODO. Dane osobowe to informacje, kt\u00f3re w spos\u00f3b bezpo\u015bredni lub po\u015bredni mog\u0105 by\u0107 powi\u0105zane z okre\u015blon\u0105 osob\u0105, takie jak nazwisko lub informacje kontaktowe. JAKIE INFORMACJE O TOBIE PRZETWARZAMY Kontaktuj\u0105c si\u0119 z nami, na przyk\u0142ad w celu subskrybowania naszego [&hellip;]","og_url":"https:\/\/digpro.com\/pl\/nasza-polityka-prywatnosci\/","og_site_name":"Digpro (PL)","article_publisher":"https:\/\/www.facebook.com\/digproab","article_modified_time":"2023-06-20T12:00:19+00:00","twitter_card":"summary_large_image","twitter_misc":{"Szacowany czas czytania":"2 minuty"},"schema":{"@context":"https:\/\/schema.org","@graph":[{"@type":"WebPage","@id":"https:\/\/digpro.com\/pl\/nasza-polityka-prywatnosci\/","url":"https:\/\/digpro.com\/pl\/nasza-polityka-prywatnosci\/","name":"Nasza polityka prywatnosci - Digpro (PL)","isPartOf":{"@id":"https:\/\/digpro.com\/pl\/#website"},"datePublished":"2021-03-12T13:54:40+00:00","dateModified":"2023-06-20T12:00:19+00:00","breadcrumb":{"@id":"https:\/\/digpro.com\/pl\/nasza-polityka-prywatnosci\/#breadcrumb"},"inLanguage":"pl-PL","potentialAction":[{"@type":"ReadAction","target":["https:\/\/digpro.com\/pl\/nasza-polityka-prywatnosci\/"]}]},{"@type":"BreadcrumbList","@id":"https:\/\/digpro.com\/pl\/nasza-polityka-prywatnosci\/#breadcrumb","itemListElement":[{"@type":"ListItem","position":1,"name":"Home","item":"https:\/\/digpro.com\/pl\/"},{"@type":"ListItem","position":2,"name":"Nasza polityka prywatnosci"}]},{"@type":"WebSite","@id":"https:\/\/digpro.com\/pl\/#website","url":"https:\/\/digpro.com\/pl\/","name":"Digpro (PL)","description":"Leading geographic information technologies","publisher":{"@id":"https:\/\/digpro.com\/pl\/#organization"},"potentialAction":[{"@type":"SearchAction","target":{"@type":"EntryPoint","urlTemplate":"https:\/\/digpro.com\/pl\/?s={search_term_string}"},"query-input":{"@type":"PropertyValueSpecification","valueRequired":true,"valueName":"search_term_string"}}],"inLanguage":"pl-PL"},{"@type":"Organization","@id":"https:\/\/digpro.com\/pl\/#organization","name":"Digpro","url":"https:\/\/digpro.com\/pl\/","logo":{"@type":"ImageObject","inLanguage":"pl-PL","@id":"https:\/\/digpro.com\/pl\/#\/schema\/logo\/image\/","url":"https:\/\/digpro.com\/wp-content\/uploads\/2020\/09\/1_Digpro_logo_vektor_pos.svg","contentUrl":"https:\/\/digpro.com\/wp-content\/uploads\/2020\/09\/1_Digpro_logo_vektor_pos.svg","width":1,"height":1,"caption":"Digpro"},"image":{"@id":"https:\/\/digpro.com\/pl\/#\/schema\/logo\/image\/"},"sameAs":["https:\/\/www.facebook.com\/digproab","https:\/\/www.instagram.com\/lifeatdigpro\/","https:\/\/www.linkedin.com\/company\/digpro-ab\/"]}]}},"publishpress_future_action":{"enabled":false,"date":"2026-05-13 09:17:57","action":"change-status","newStatus":"draft","terms":[],"taxonomy":"translation_priority","extraData":[]},"publishpress_future_workflow_manual_trigger":{"enabledWorkflows":[]},"_links":{"self":[{"href":"https:\/\/digpro.com\/pl\/wp-json\/wp\/v2\/pages\/7619","targetHints":{"allow":["GET"]}}],"collection":[{"href":"https:\/\/digpro.com\/pl\/wp-json\/wp\/v2\/pages"}],"about":[{"href":"https:\/\/digpro.com\/pl\/wp-json\/wp\/v2\/types\/page"}],"author":[{"embeddable":true,"href":"https:\/\/digpro.com\/pl\/wp-json\/wp\/v2\/users\/1"}],"replies":[{"embeddable":true,"href":"https:\/\/digpro.com\/pl\/wp-json\/wp\/v2\/comments?post=7619"}],"version-history":[{"count":0,"href":"https:\/\/digpro.com\/pl\/wp-json\/wp\/v2\/pages\/7619\/revisions"}],"wp:attachment":[{"href":"https:\/\/digpro.com\/pl\/wp-json\/wp\/v2\/media?parent=7619"}],"curies":[{"name":"wp","href":"https:\/\/api.w.org\/{rel}","templated":true}]}}