{"id":37769,"date":"2025-04-03T14:01:52","date_gmt":"2025-04-03T12:01:52","guid":{"rendered":"https:\/\/digpro.com\/?page_id=37769"},"modified":"2025-04-03T14:13:50","modified_gmt":"2025-04-03T12:13:50","slug":"snabbare-processer-for-solenergitillsammans","status":"publish","type":"page","link":"https:\/\/digpro.com\/sv\/hallbarhet\/snabbare-processer-for-solenergitillsammans\/","title":{"rendered":"Snabbare processer f\u00f6r solenergi"},"content":{"rendered":"\t\t<div data-elementor-type=\"wp-page\" data-elementor-id=\"37769\" class=\"elementor elementor-37769 elementor-36784\" data-elementor-post-type=\"page\">\n\t\t\t\t\t\t<section class=\"elementor-section elementor-inner-section elementor-element elementor-element-5f035e75 elementor-section-content-bottom elementor-section-boxed elementor-section-height-default elementor-section-height-default\" data-id=\"5f035e75\" data-element_type=\"section\" data-e-type=\"section\" data-settings=\"{&quot;animation&quot;:&quot;none&quot;}\">\n\t\t\t\t\t\t<div class=\"elementor-container elementor-column-gap-default\">\n\t\t\t\t\t<div class=\"elementor-column elementor-col-100 elementor-inner-column elementor-element elementor-element-6e1c7dc0\" data-id=\"6e1c7dc0\" data-element_type=\"column\" data-e-type=\"column\" data-settings=\"{&quot;animation&quot;:&quot;none&quot;}\">\n\t\t\t<div class=\"elementor-widget-wrap elementor-element-populated\">\n\t\t\t\t\t\t<div class=\"elementor-element elementor-element-2e334d8e elementor-widget elementor-widget-image\" data-id=\"2e334d8e\" data-element_type=\"widget\" data-e-type=\"widget\" id=\"powering-the-energy-transition\" data-widget_type=\"image.default\">\n\t\t\t\t<div class=\"elementor-widget-container\">\n\t\t\t\t\t\t\t\t\t\t\t\t\t\t\t<img fetchpriority=\"high\" decoding=\"async\" width=\"1024\" height=\"492\" src=\"https:\/\/digpro.com\/wp-content\/uploads\/2023\/10\/iStock-1433753318c-1024x492.jpg\" class=\"attachment-large size-large wp-image-29265\" alt=\"\" srcset=\"https:\/\/digpro.com\/wp-content\/uploads\/2023\/10\/iStock-1433753318c-1024x492.jpg 1024w, https:\/\/digpro.com\/wp-content\/uploads\/2023\/10\/iStock-1433753318c-300x144.jpg 300w, https:\/\/digpro.com\/wp-content\/uploads\/2023\/10\/iStock-1433753318c-768x369.jpg 768w, https:\/\/digpro.com\/wp-content\/uploads\/2023\/10\/iStock-1433753318c-1536x739.jpg 1536w, https:\/\/digpro.com\/wp-content\/uploads\/2023\/10\/iStock-1433753318c-2048x985.jpg 2048w\" sizes=\"(max-width: 1024px) 100vw, 1024px\" \/>\t\t\t\t\t\t\t\t\t\t\t\t\t\t\t<\/div>\n\t\t\t\t<\/div>\n\t\t\t\t<div class=\"elementor-element elementor-element-6ed34825 elementor-widget elementor-widget-text-editor\" data-id=\"6ed34825\" data-element_type=\"widget\" data-e-type=\"widget\" data-settings=\"{&quot;_animation&quot;:&quot;none&quot;,&quot;_animation_delay&quot;:150}\" data-widget_type=\"text-editor.default\">\n\t\t\t\t<div class=\"elementor-widget-container\">\n\t\t\t\t\t\t\t\t\t<h2>Snabbare processer f\u00f6r solenergi<\/h2>\t\t\t\t\t\t\t\t<\/div>\n\t\t\t\t<\/div>\n\t\t\t\t<div class=\"elementor-element elementor-element-750165b2 elementor-widget elementor-widget-text-editor\" data-id=\"750165b2\" data-element_type=\"widget\" data-e-type=\"widget\" data-settings=\"{&quot;_animation&quot;:&quot;none&quot;,&quot;_animation_delay&quot;:150}\" data-widget_type=\"text-editor.default\">\n\t\t\t\t<div class=\"elementor-widget-container\">\n\t\t\t\t\t\t\t\t\t<p>I takt med att efterfr\u00e5gan p\u00e5 f\u00f6rnybar energi \u00f6kar m\u00e5ste elbolag anpassa sig till nya utmaningar och samtidigt uppr\u00e4tth\u00e5lla n\u00e4tstabiliteten. F\u00f6r E.ON, en av Europas st\u00f6rsta energileverant\u00f6rer, innebar detta att effektivisera godk\u00e4nnandeprocessen f\u00f6r installation av solpaneler.<\/p><p>Tidigare m\u00f6tte slutkunder som ans\u00f6kte om att installera solpaneler en l\u00e5ng och manuell process f\u00f6r att s\u00e4kerst\u00e4lla att eln\u00e4tet kunde hantera den \u00f6kade belastningen. I samarbete med Digpro automatiserade E.ON denna uppgift med hj\u00e4lp av dpPower, som integrerades med deras SAP-system. Detta minskade handl\u00e4ggningstiden f\u00f6r ans\u00f6kningar fr\u00e5n fem veckor till bara fem minuter, vilket m\u00f6jliggjorde snabbare adoption av solpaneler samtidigt som eln\u00e4tets stabilitet bevarades.<\/p><p>Denna innovation visar hur E.ON och Digpro driver p\u00e5 en smidigare energiomst\u00e4llning och fr\u00e4mjar f\u00f6rnybar energi samt mer h\u00e5llbar elf\u00f6rbrukning.<\/p>\t\t\t\t\t\t\t\t<\/div>\n\t\t\t\t<\/div>\n\t\t\t\t<div class=\"elementor-element elementor-element-50f217f elementor-widget elementor-widget-button\" data-id=\"50f217f\" data-element_type=\"widget\" data-e-type=\"widget\" data-settings=\"{&quot;_animation&quot;:&quot;none&quot;}\" data-widget_type=\"button.default\">\n\t\t\t\t<div class=\"elementor-widget-container\">\n\t\t\t\t\t\t\t\t\t<div class=\"elementor-button-wrapper\">\n\t\t\t\t\t<a class=\"elementor-button elementor-button-link elementor-size-md\" href=\"https:\/\/digpro.com\/sv\/case-eon-sv\/\">\n\t\t\t\t\t\t<span class=\"elementor-button-content-wrapper\">\n\t\t\t\t\t\t\t\t\t<span class=\"elementor-button-text\">L\u00e4s e.ons kundcase<\/span>\n\t\t\t\t\t<\/span>\n\t\t\t\t\t<\/a>\n\t\t\t\t<\/div>\n\t\t\t\t\t\t\t\t<\/div>\n\t\t\t\t<\/div>\n\t\t\t\t\t<\/div>\n\t\t<\/div>\n\t\t\t\t\t<\/div>\n\t\t<\/section>\n\t\t\t\t<\/div>\n\t\t","protected":false},"excerpt":{"rendered":"<p>Tillsammans med E.ON har Digpro utvecklat ett automatiserat fl\u00f6de f\u00f6r snabbare utv\u00e4rdering och installering av solpaneler, ett konkret exempel som p\u00e5skyndar energiomst\u00e4llningen och fr\u00e4mjar h\u00e5llbar elanv\u00e4ndning.<\/p>\n","protected":false},"author":3,"featured_media":36798,"parent":36916,"menu_order":0,"comment_status":"closed","ping_status":"closed","template":"","meta":{"content-type":"","_monsterinsights_skip_tracking":false,"_monsterinsights_sitenote_active":false,"_monsterinsights_sitenote_note":"","_monsterinsights_sitenote_category":0,"site-sidebar-layout":"no-sidebar","site-content-layout":"page-builder","ast-site-content-layout":"full-width-container","site-content-style":"default","site-sidebar-style":"default","ast-global-header-display":"","ast-banner-title-visibility":"","ast-main-header-display":"","ast-hfb-above-header-display":"","ast-hfb-below-header-display":"","ast-hfb-mobile-header-display":"","site-post-title":"disabled","ast-breadcrumbs-content":"","ast-featured-img":"disabled","footer-sml-layout":"","ast-disable-related-posts":"","theme-transparent-header-meta":"default","adv-header-id-meta":"","stick-header-meta":"default","header-above-stick-meta":"","header-main-stick-meta":"","header-below-stick-meta":"","astra-migrate-meta-layouts":"set","ast-page-background-enabled":"default","ast-page-background-meta":{"desktop":{"background-color":"","background-image":"","background-repeat":"repeat","background-position":"center center","background-size":"auto","background-attachment":"scroll","background-type":"","background-media":"","overlay-type":"","overlay-color":"","overlay-opacity":"","overlay-gradient":""},"tablet":{"background-color":"","background-image":"","background-repeat":"repeat","background-position":"center center","background-size":"auto","background-attachment":"scroll","background-type":"","background-media":"","overlay-type":"","overlay-color":"","overlay-opacity":"","overlay-gradient":""},"mobile":{"background-color":"","background-image":"","background-repeat":"repeat","background-position":"center center","background-size":"auto","background-attachment":"scroll","background-type":"","background-media":"","overlay-type":"","overlay-color":"","overlay-opacity":"","overlay-gradient":""}},"ast-content-background-meta":{"desktop":{"background-color":"var(--ast-global-color-5)","background-image":"","background-repeat":"repeat","background-position":"center center","background-size":"auto","background-attachment":"scroll","background-type":"","background-media":"","overlay-type":"","overlay-color":"","overlay-opacity":"","overlay-gradient":""},"tablet":{"background-color":"var(--ast-global-color-5)","background-image":"","background-repeat":"repeat","background-position":"center center","background-size":"auto","background-attachment":"scroll","background-type":"","background-media":"","overlay-type":"","overlay-color":"","overlay-opacity":"","overlay-gradient":""},"mobile":{"background-color":"var(--ast-global-color-5)","background-image":"","background-repeat":"repeat","background-position":"center center","background-size":"auto","background-attachment":"scroll","background-type":"","background-media":"","overlay-type":"","overlay-color":"","overlay-opacity":"","overlay-gradient":""}},"footnotes":""},"class_list":["post-37769","page","type-page","status-publish","has-post-thumbnail","hentry"],"yoast_head":"<!-- This site is optimized with the Yoast SEO plugin v26.9 - https:\/\/yoast.com\/product\/yoast-seo-wordpress\/ -->\n<title>Snabbare processer f\u00f6r solenergi - Digpro (SE)<\/title>\n<meta name=\"description\" content=\"Tillsammans med E.ON har Digpro utvecklat ett automatiserat fl\u00f6de f\u00f6r snabbare utv\u00e4rdering och installering av solpaneler, ett konkret exempel som p\u00e5skyndar energiomst\u00e4llningen och fr\u00e4mjar h\u00e5llbar elanv\u00e4ndning.\" \/>\n<meta name=\"robots\" content=\"noindex, nofollow\" \/>\n<meta property=\"og:locale\" content=\"sv_SE\" \/>\n<meta property=\"og:type\" content=\"article\" \/>\n<meta property=\"og:title\" content=\"Snabbare processer f\u00f6r solenergi - Digpro (SE)\" \/>\n<meta property=\"og:description\" content=\"Tillsammans med E.ON har Digpro utvecklat ett automatiserat fl\u00f6de f\u00f6r snabbare utv\u00e4rdering och installering av solpaneler, ett konkret exempel som p\u00e5skyndar energiomst\u00e4llningen och fr\u00e4mjar h\u00e5llbar elanv\u00e4ndning.\" \/>\n<meta property=\"og:url\" content=\"https:\/\/digpro.com\/sv\/hallbarhet\/snabbare-processer-for-solenergitillsammans\/\" \/>\n<meta property=\"og:site_name\" content=\"Digpro (SE)\" \/>\n<meta property=\"article:publisher\" content=\"https:\/\/www.facebook.com\/digproab\" \/>\n<meta property=\"article:modified_time\" content=\"2025-04-03T12:13:50+00:00\" \/>\n<meta property=\"og:image\" content=\"https:\/\/digpro.com\/wp-content\/uploads\/2025\/03\/iStock-1433753318b.jpg\" \/>\n\t<meta property=\"og:image:width\" content=\"1800\" \/>\n\t<meta property=\"og:image:height\" content=\"1200\" \/>\n\t<meta property=\"og:image:type\" content=\"image\/jpeg\" \/>\n<meta name=\"twitter:card\" content=\"summary_large_image\" \/>\n<meta name=\"twitter:label1\" content=\"Ber\u00e4knad l\u00e4stid\" \/>\n\t<meta name=\"twitter:data1\" content=\"1 minut\" \/>\n<script type=\"application\/ld+json\" class=\"yoast-schema-graph\">{\"@context\":\"https:\/\/schema.org\",\"@graph\":[{\"@type\":\"WebPage\",\"@id\":\"https:\/\/digpro.com\/sv\/hallbarhet\/snabbare-processer-for-solenergitillsammans\/\",\"url\":\"https:\/\/digpro.com\/sv\/hallbarhet\/snabbare-processer-for-solenergitillsammans\/\",\"name\":\"Snabbare processer f\u00f6r solenergi - Digpro (SE)\",\"isPartOf\":{\"@id\":\"https:\/\/digpro.com\/sv\/#website\"},\"primaryImageOfPage\":{\"@id\":\"https:\/\/digpro.com\/sv\/hallbarhet\/snabbare-processer-for-solenergitillsammans\/#primaryimage\"},\"image\":{\"@id\":\"https:\/\/digpro.com\/sv\/hallbarhet\/snabbare-processer-for-solenergitillsammans\/#primaryimage\"},\"thumbnailUrl\":\"https:\/\/digpro.com\/wp-content\/uploads\/2025\/03\/iStock-1433753318b.jpg\",\"datePublished\":\"2025-04-03T12:01:52+00:00\",\"dateModified\":\"2025-04-03T12:13:50+00:00\",\"description\":\"Tillsammans med E.ON har Digpro utvecklat ett automatiserat fl\u00f6de f\u00f6r snabbare utv\u00e4rdering och installering av solpaneler, ett konkret exempel som p\u00e5skyndar energiomst\u00e4llningen och fr\u00e4mjar h\u00e5llbar elanv\u00e4ndning.\",\"breadcrumb\":{\"@id\":\"https:\/\/digpro.com\/sv\/hallbarhet\/snabbare-processer-for-solenergitillsammans\/#breadcrumb\"},\"inLanguage\":\"sv-SE\",\"potentialAction\":[{\"@type\":\"ReadAction\",\"target\":[\"https:\/\/digpro.com\/sv\/hallbarhet\/snabbare-processer-for-solenergitillsammans\/\"]}]},{\"@type\":\"ImageObject\",\"inLanguage\":\"sv-SE\",\"@id\":\"https:\/\/digpro.com\/sv\/hallbarhet\/snabbare-processer-for-solenergitillsammans\/#primaryimage\",\"url\":\"https:\/\/digpro.com\/wp-content\/uploads\/2025\/03\/iStock-1433753318b.jpg\",\"contentUrl\":\"https:\/\/digpro.com\/wp-content\/uploads\/2025\/03\/iStock-1433753318b.jpg\",\"width\":1800,\"height\":1200},{\"@type\":\"BreadcrumbList\",\"@id\":\"https:\/\/digpro.com\/sv\/hallbarhet\/snabbare-processer-for-solenergitillsammans\/#breadcrumb\",\"itemListElement\":[{\"@type\":\"ListItem\",\"position\":1,\"name\":\"Home\",\"item\":\"https:\/\/digpro.com\/sv\/\"},{\"@type\":\"ListItem\",\"position\":2,\"name\":\"ESG &#8211; Digpros engagemang f\u00f6r h\u00e5llbarhet\",\"item\":\"https:\/\/digpro.com\/sv\/hallbarhet\/\"},{\"@type\":\"ListItem\",\"position\":3,\"name\":\"Snabbare processer f\u00f6r solenergi\"}]},{\"@type\":\"WebSite\",\"@id\":\"https:\/\/digpro.com\/sv\/#website\",\"url\":\"https:\/\/digpro.com\/sv\/\",\"name\":\"Digpro (SE)\",\"description\":\"Leading geographic information technologies\",\"publisher\":{\"@id\":\"https:\/\/digpro.com\/sv\/#organization\"},\"potentialAction\":[{\"@type\":\"SearchAction\",\"target\":{\"@type\":\"EntryPoint\",\"urlTemplate\":\"https:\/\/digpro.com\/sv\/?s={search_term_string}\"},\"query-input\":{\"@type\":\"PropertyValueSpecification\",\"valueRequired\":true,\"valueName\":\"search_term_string\"}}],\"inLanguage\":\"sv-SE\"},{\"@type\":\"Organization\",\"@id\":\"https:\/\/digpro.com\/sv\/#organization\",\"name\":\"Digpro\",\"url\":\"https:\/\/digpro.com\/sv\/\",\"logo\":{\"@type\":\"ImageObject\",\"inLanguage\":\"sv-SE\",\"@id\":\"https:\/\/digpro.com\/sv\/#\/schema\/logo\/image\/\",\"url\":\"https:\/\/digpro.com\/wp-content\/uploads\/2020\/09\/1_Digpro_logo_vektor_pos.svg\",\"contentUrl\":\"https:\/\/digpro.com\/wp-content\/uploads\/2020\/09\/1_Digpro_logo_vektor_pos.svg\",\"width\":1,\"height\":1,\"caption\":\"Digpro\"},\"image\":{\"@id\":\"https:\/\/digpro.com\/sv\/#\/schema\/logo\/image\/\"},\"sameAs\":[\"https:\/\/www.facebook.com\/digproab\",\"https:\/\/www.instagram.com\/lifeatdigpro\/\",\"https:\/\/www.linkedin.com\/company\/digpro-ab\/\"]}]}<\/script>\n<!-- \/ Yoast SEO plugin. -->","yoast_head_json":{"title":"Snabbare processer f\u00f6r solenergi - Digpro (SE)","description":"Tillsammans med E.ON har Digpro utvecklat ett automatiserat fl\u00f6de f\u00f6r snabbare utv\u00e4rdering och installering av solpaneler, ett konkret exempel som p\u00e5skyndar energiomst\u00e4llningen och fr\u00e4mjar h\u00e5llbar elanv\u00e4ndning.","robots":{"index":"noindex","follow":"nofollow"},"og_locale":"sv_SE","og_type":"article","og_title":"Snabbare processer f\u00f6r solenergi - Digpro (SE)","og_description":"Tillsammans med E.ON har Digpro utvecklat ett automatiserat fl\u00f6de f\u00f6r snabbare utv\u00e4rdering och installering av solpaneler, ett konkret exempel som p\u00e5skyndar energiomst\u00e4llningen och fr\u00e4mjar h\u00e5llbar elanv\u00e4ndning.","og_url":"https:\/\/digpro.com\/sv\/hallbarhet\/snabbare-processer-for-solenergitillsammans\/","og_site_name":"Digpro (SE)","article_publisher":"https:\/\/www.facebook.com\/digproab","article_modified_time":"2025-04-03T12:13:50+00:00","og_image":[{"width":1800,"height":1200,"url":"https:\/\/digpro.com\/wp-content\/uploads\/2025\/03\/iStock-1433753318b.jpg","type":"image\/jpeg"}],"twitter_card":"summary_large_image","twitter_misc":{"Ber\u00e4knad l\u00e4stid":"1 minut"},"schema":{"@context":"https:\/\/schema.org","@graph":[{"@type":"WebPage","@id":"https:\/\/digpro.com\/sv\/hallbarhet\/snabbare-processer-for-solenergitillsammans\/","url":"https:\/\/digpro.com\/sv\/hallbarhet\/snabbare-processer-for-solenergitillsammans\/","name":"Snabbare processer f\u00f6r solenergi - Digpro (SE)","isPartOf":{"@id":"https:\/\/digpro.com\/sv\/#website"},"primaryImageOfPage":{"@id":"https:\/\/digpro.com\/sv\/hallbarhet\/snabbare-processer-for-solenergitillsammans\/#primaryimage"},"image":{"@id":"https:\/\/digpro.com\/sv\/hallbarhet\/snabbare-processer-for-solenergitillsammans\/#primaryimage"},"thumbnailUrl":"https:\/\/digpro.com\/wp-content\/uploads\/2025\/03\/iStock-1433753318b.jpg","datePublished":"2025-04-03T12:01:52+00:00","dateModified":"2025-04-03T12:13:50+00:00","description":"Tillsammans med E.ON har Digpro utvecklat ett automatiserat fl\u00f6de f\u00f6r snabbare utv\u00e4rdering och installering av solpaneler, ett konkret exempel som p\u00e5skyndar energiomst\u00e4llningen och fr\u00e4mjar h\u00e5llbar elanv\u00e4ndning.","breadcrumb":{"@id":"https:\/\/digpro.com\/sv\/hallbarhet\/snabbare-processer-for-solenergitillsammans\/#breadcrumb"},"inLanguage":"sv-SE","potentialAction":[{"@type":"ReadAction","target":["https:\/\/digpro.com\/sv\/hallbarhet\/snabbare-processer-for-solenergitillsammans\/"]}]},{"@type":"ImageObject","inLanguage":"sv-SE","@id":"https:\/\/digpro.com\/sv\/hallbarhet\/snabbare-processer-for-solenergitillsammans\/#primaryimage","url":"https:\/\/digpro.com\/wp-content\/uploads\/2025\/03\/iStock-1433753318b.jpg","contentUrl":"https:\/\/digpro.com\/wp-content\/uploads\/2025\/03\/iStock-1433753318b.jpg","width":1800,"height":1200},{"@type":"BreadcrumbList","@id":"https:\/\/digpro.com\/sv\/hallbarhet\/snabbare-processer-for-solenergitillsammans\/#breadcrumb","itemListElement":[{"@type":"ListItem","position":1,"name":"Home","item":"https:\/\/digpro.com\/sv\/"},{"@type":"ListItem","position":2,"name":"ESG &#8211; Digpros engagemang f\u00f6r h\u00e5llbarhet","item":"https:\/\/digpro.com\/sv\/hallbarhet\/"},{"@type":"ListItem","position":3,"name":"Snabbare processer f\u00f6r solenergi"}]},{"@type":"WebSite","@id":"https:\/\/digpro.com\/sv\/#website","url":"https:\/\/digpro.com\/sv\/","name":"Digpro (SE)","description":"Leading geographic information technologies","publisher":{"@id":"https:\/\/digpro.com\/sv\/#organization"},"potentialAction":[{"@type":"SearchAction","target":{"@type":"EntryPoint","urlTemplate":"https:\/\/digpro.com\/sv\/?s={search_term_string}"},"query-input":{"@type":"PropertyValueSpecification","valueRequired":true,"valueName":"search_term_string"}}],"inLanguage":"sv-SE"},{"@type":"Organization","@id":"https:\/\/digpro.com\/sv\/#organization","name":"Digpro","url":"https:\/\/digpro.com\/sv\/","logo":{"@type":"ImageObject","inLanguage":"sv-SE","@id":"https:\/\/digpro.com\/sv\/#\/schema\/logo\/image\/","url":"https:\/\/digpro.com\/wp-content\/uploads\/2020\/09\/1_Digpro_logo_vektor_pos.svg","contentUrl":"https:\/\/digpro.com\/wp-content\/uploads\/2020\/09\/1_Digpro_logo_vektor_pos.svg","width":1,"height":1,"caption":"Digpro"},"image":{"@id":"https:\/\/digpro.com\/sv\/#\/schema\/logo\/image\/"},"sameAs":["https:\/\/www.facebook.com\/digproab","https:\/\/www.instagram.com\/lifeatdigpro\/","https:\/\/www.linkedin.com\/company\/digpro-ab\/"]}]}},"publishpress_future_action":{"enabled":false,"date":"2026-05-12 22:23:43","action":"change-status","newStatus":"draft","terms":[],"taxonomy":"translation_priority","extraData":[]},"publishpress_future_workflow_manual_trigger":{"enabledWorkflows":[]},"_links":{"self":[{"href":"https:\/\/digpro.com\/sv\/wp-json\/wp\/v2\/pages\/37769","targetHints":{"allow":["GET"]}}],"collection":[{"href":"https:\/\/digpro.com\/sv\/wp-json\/wp\/v2\/pages"}],"about":[{"href":"https:\/\/digpro.com\/sv\/wp-json\/wp\/v2\/types\/page"}],"author":[{"embeddable":true,"href":"https:\/\/digpro.com\/sv\/wp-json\/wp\/v2\/users\/3"}],"replies":[{"embeddable":true,"href":"https:\/\/digpro.com\/sv\/wp-json\/wp\/v2\/comments?post=37769"}],"version-history":[{"count":11,"href":"https:\/\/digpro.com\/sv\/wp-json\/wp\/v2\/pages\/37769\/revisions"}],"predecessor-version":[{"id":37815,"href":"https:\/\/digpro.com\/sv\/wp-json\/wp\/v2\/pages\/37769\/revisions\/37815"}],"up":[{"embeddable":true,"href":"https:\/\/digpro.com\/sv\/wp-json\/wp\/v2\/pages\/36916"}],"wp:featuredmedia":[{"embeddable":true,"href":"https:\/\/digpro.com\/sv\/wp-json\/wp\/v2\/media\/36798"}],"wp:attachment":[{"href":"https:\/\/digpro.com\/sv\/wp-json\/wp\/v2\/media?parent=37769"}],"curies":[{"name":"wp","href":"https:\/\/api.w.org\/{rel}","templated":true}]}}