{"id":37775,"date":"2025-04-03T14:06:02","date_gmt":"2025-04-03T12:06:02","guid":{"rendered":"https:\/\/digpro.com\/?page_id=37775"},"modified":"2025-04-03T14:13:46","modified_gmt":"2025-04-03T12:13:46","slug":"tillforlitliga-prognoser-for-hallbar-tillvaxt","status":"publish","type":"page","link":"https:\/\/digpro.com\/sv\/hallbarhet\/tillforlitliga-prognoser-for-hallbar-tillvaxt\/","title":{"rendered":"Tillf\u00f6rlitliga prognoser f\u00f6r h\u00e5llbar tillv\u00e4xt"},"content":{"rendered":"\t\t<div data-elementor-type=\"wp-page\" data-elementor-id=\"37775\" class=\"elementor elementor-37775 elementor-36808\" data-elementor-post-type=\"page\">\n\t\t\t\t\t\t<section class=\"elementor-section elementor-inner-section elementor-element elementor-element-5f035e75 elementor-section-content-bottom elementor-section-boxed elementor-section-height-default elementor-section-height-default\" data-id=\"5f035e75\" data-element_type=\"section\" data-e-type=\"section\" data-settings=\"{&quot;animation&quot;:&quot;none&quot;}\">\n\t\t\t\t\t\t<div class=\"elementor-container elementor-column-gap-default\">\n\t\t\t\t\t<div class=\"elementor-column elementor-col-100 elementor-inner-column elementor-element elementor-element-6e1c7dc0\" data-id=\"6e1c7dc0\" data-element_type=\"column\" data-e-type=\"column\" data-settings=\"{&quot;animation&quot;:&quot;none&quot;}\">\n\t\t\t<div class=\"elementor-widget-wrap elementor-element-populated\">\n\t\t\t\t\t\t<div class=\"elementor-element elementor-element-2e334d8e elementor-widget elementor-widget-image\" data-id=\"2e334d8e\" data-element_type=\"widget\" data-e-type=\"widget\" id=\"powering-the-energy-transition\" data-widget_type=\"image.default\">\n\t\t\t\t<div class=\"elementor-widget-container\">\n\t\t\t\t\t\t\t\t\t\t\t\t\t\t\t<img fetchpriority=\"high\" decoding=\"async\" width=\"900\" height=\"406\" src=\"https:\/\/digpro.com\/wp-content\/uploads\/2025\/02\/iStock-1163330738-1.jpg\" class=\"attachment-large size-large wp-image-36498\" alt=\"\" srcset=\"https:\/\/digpro.com\/wp-content\/uploads\/2025\/02\/iStock-1163330738-1.jpg 900w, https:\/\/digpro.com\/wp-content\/uploads\/2025\/02\/iStock-1163330738-1-768x346.jpg 768w\" sizes=\"(max-width: 900px) 100vw, 900px\" \/>\t\t\t\t\t\t\t\t\t\t\t\t\t\t\t<\/div>\n\t\t\t\t<\/div>\n\t\t\t\t<div class=\"elementor-element elementor-element-6ed34825 elementor-widget elementor-widget-text-editor\" data-id=\"6ed34825\" data-element_type=\"widget\" data-e-type=\"widget\" data-settings=\"{&quot;_animation&quot;:&quot;none&quot;,&quot;_animation_delay&quot;:150}\" data-widget_type=\"text-editor.default\">\n\t\t\t\t<div class=\"elementor-widget-container\">\n\t\t\t\t\t\t\t\t\t<h2>Tillf\u00f6rlitliga prognoser f\u00f6r h\u00e5llbar tillv\u00e4xt<\/h2>\t\t\t\t\t\t\t\t<\/div>\n\t\t\t\t<\/div>\n\t\t\t\t<div class=\"elementor-element elementor-element-750165b2 elementor-widget elementor-widget-text-editor\" data-id=\"750165b2\" data-element_type=\"widget\" data-e-type=\"widget\" data-settings=\"{&quot;_animation&quot;:&quot;none&quot;,&quot;_animation_delay&quot;:150}\" data-widget_type=\"text-editor.default\">\n\t\t\t\t<div class=\"elementor-widget-container\">\n\t\t\t\t\t\t\t\t\t<p>F\u00f6r eldistributionsn\u00e4t som st\u00e5r inf\u00f6r \u00f6kade krav och \u00f6kad komplexitet \u00e4r tillf\u00f6rlitliga prognoser grunden f\u00f6r att uppr\u00e4tth\u00e5lla stabilitet, effektivitet och tillv\u00e4xt. Det handlar inte bara om att f\u00f6rutse konsumtion utan om att s\u00e4kerst\u00e4lla att varje beslut som fattas idag st\u00f6der ett motst\u00e5ndskraftigt och framtidss\u00e4krat eln\u00e4t.<\/p><p>Med dpPower blir kort- och medell\u00e5ngsiktiga prognoser ett kraftfullt verktyg. Genom att analysera elf\u00f6rbrukning i kombination med v\u00e4derm\u00f6nster, historisk data och f\u00f6rv\u00e4ntade f\u00f6r\u00e4ndringar kan elbolag fatta datadrivna beslut som f\u00f6rhindrar \u00f6verbelastning, balanserar eln\u00e4tet och optimerar energifl\u00f6det. V\u00e5ra l\u00f6sningar integreras s\u00f6ml\u00f6st med befintliga n\u00e4tmodelleringsverktyg och f\u00f6rst\u00e4rker realtidsanalysen f\u00f6r att st\u00f6dja smartare och snabbare operativa beslut.<\/p>\t\t\t\t\t\t\t\t<\/div>\n\t\t\t\t<\/div>\n\t\t\t\t\t<\/div>\n\t\t<\/div>\n\t\t\t\t\t<\/div>\n\t\t<\/section>\n\t\t\t\t<\/div>\n\t\t","protected":false},"excerpt":{"rendered":"<p>Med verktyg f\u00f6r tillf\u00f6rlitliga kort- och medell\u00e5ngsiktiga prognoser f\u00e5r n\u00e4t\u00e4gare r\u00e4tt beslutsst\u00f6d f\u00f6r att hantera belastning, optimera energifl\u00f6det, planera framtiden och minska sin milj\u00f6p\u00e5verkan.<\/p>\n","protected":false},"author":3,"featured_media":36498,"parent":36916,"menu_order":0,"comment_status":"closed","ping_status":"closed","template":"","meta":{"content-type":"","_monsterinsights_skip_tracking":false,"_monsterinsights_sitenote_active":false,"_monsterinsights_sitenote_note":"","_monsterinsights_sitenote_category":0,"site-sidebar-layout":"no-sidebar","site-content-layout":"page-builder","ast-site-content-layout":"full-width-container","site-content-style":"default","site-sidebar-style":"default","ast-global-header-display":"","ast-banner-title-visibility":"","ast-main-header-display":"","ast-hfb-above-header-display":"","ast-hfb-below-header-display":"","ast-hfb-mobile-header-display":"","site-post-title":"disabled","ast-breadcrumbs-content":"","ast-featured-img":"disabled","footer-sml-layout":"","ast-disable-related-posts":"","theme-transparent-header-meta":"default","adv-header-id-meta":"","stick-header-meta":"default","header-above-stick-meta":"","header-main-stick-meta":"","header-below-stick-meta":"","astra-migrate-meta-layouts":"set","ast-page-background-enabled":"default","ast-page-background-meta":{"desktop":{"background-color":"","background-image":"","background-repeat":"repeat","background-position":"center center","background-size":"auto","background-attachment":"scroll","background-type":"","background-media":"","overlay-type":"","overlay-color":"","overlay-opacity":"","overlay-gradient":""},"tablet":{"background-color":"","background-image":"","background-repeat":"repeat","background-position":"center center","background-size":"auto","background-attachment":"scroll","background-type":"","background-media":"","overlay-type":"","overlay-color":"","overlay-opacity":"","overlay-gradient":""},"mobile":{"background-color":"","background-image":"","background-repeat":"repeat","background-position":"center center","background-size":"auto","background-attachment":"scroll","background-type":"","background-media":"","overlay-type":"","overlay-color":"","overlay-opacity":"","overlay-gradient":""}},"ast-content-background-meta":{"desktop":{"background-color":"var(--ast-global-color-5)","background-image":"","background-repeat":"repeat","background-position":"center center","background-size":"auto","background-attachment":"scroll","background-type":"","background-media":"","overlay-type":"","overlay-color":"","overlay-opacity":"","overlay-gradient":""},"tablet":{"background-color":"var(--ast-global-color-5)","background-image":"","background-repeat":"repeat","background-position":"center center","background-size":"auto","background-attachment":"scroll","background-type":"","background-media":"","overlay-type":"","overlay-color":"","overlay-opacity":"","overlay-gradient":""},"mobile":{"background-color":"var(--ast-global-color-5)","background-image":"","background-repeat":"repeat","background-position":"center center","background-size":"auto","background-attachment":"scroll","background-type":"","background-media":"","overlay-type":"","overlay-color":"","overlay-opacity":"","overlay-gradient":""}},"footnotes":""},"class_list":["post-37775","page","type-page","status-publish","has-post-thumbnail","hentry"],"yoast_head":"<!-- This site is optimized with the Yoast SEO plugin v26.9 - https:\/\/yoast.com\/product\/yoast-seo-wordpress\/ -->\n<title>Tillf\u00f6rlitliga prognoser f\u00f6r h\u00e5llbar tillv\u00e4xt - Digpro (SE)<\/title>\n<meta name=\"robots\" content=\"index, follow, max-snippet:-1, max-image-preview:large, max-video-preview:-1\" \/>\n<link rel=\"canonical\" href=\"https:\/\/digpro.com\/sv\/hallbarhet\/tillforlitliga-prognoser-for-hallbar-tillvaxt\/\" \/>\n<meta property=\"og:locale\" content=\"sv_SE\" \/>\n<meta property=\"og:type\" content=\"article\" \/>\n<meta property=\"og:title\" content=\"Tillf\u00f6rlitliga prognoser f\u00f6r h\u00e5llbar tillv\u00e4xt - Digpro (SE)\" \/>\n<meta property=\"og:description\" content=\"Med verktyg f\u00f6r tillf\u00f6rlitliga kort- och medell\u00e5ngsiktiga prognoser f\u00e5r n\u00e4t\u00e4gare r\u00e4tt beslutsst\u00f6d f\u00f6r att hantera belastning, optimera energifl\u00f6det, planera framtiden och minska sin milj\u00f6p\u00e5verkan.\" \/>\n<meta property=\"og:url\" content=\"https:\/\/digpro.com\/sv\/hallbarhet\/tillforlitliga-prognoser-for-hallbar-tillvaxt\/\" \/>\n<meta property=\"og:site_name\" content=\"Digpro (SE)\" \/>\n<meta property=\"article:publisher\" content=\"https:\/\/www.facebook.com\/digproab\" \/>\n<meta property=\"article:modified_time\" content=\"2025-04-03T12:13:46+00:00\" \/>\n<meta property=\"og:image\" content=\"https:\/\/digpro.com\/wp-content\/uploads\/2025\/02\/iStock-1163330738-1.jpg\" \/>\n\t<meta property=\"og:image:width\" content=\"900\" \/>\n\t<meta property=\"og:image:height\" content=\"406\" \/>\n\t<meta property=\"og:image:type\" content=\"image\/jpeg\" \/>\n<meta name=\"twitter:card\" content=\"summary_large_image\" \/>\n<meta name=\"twitter:label1\" content=\"Ber\u00e4knad l\u00e4stid\" \/>\n\t<meta name=\"twitter:data1\" content=\"1 minut\" \/>\n<script type=\"application\/ld+json\" class=\"yoast-schema-graph\">{\"@context\":\"https:\/\/schema.org\",\"@graph\":[{\"@type\":\"WebPage\",\"@id\":\"https:\/\/digpro.com\/sv\/hallbarhet\/tillforlitliga-prognoser-for-hallbar-tillvaxt\/\",\"url\":\"https:\/\/digpro.com\/sv\/hallbarhet\/tillforlitliga-prognoser-for-hallbar-tillvaxt\/\",\"name\":\"Tillf\u00f6rlitliga prognoser f\u00f6r h\u00e5llbar tillv\u00e4xt - Digpro (SE)\",\"isPartOf\":{\"@id\":\"https:\/\/digpro.com\/sv\/#website\"},\"primaryImageOfPage\":{\"@id\":\"https:\/\/digpro.com\/sv\/hallbarhet\/tillforlitliga-prognoser-for-hallbar-tillvaxt\/#primaryimage\"},\"image\":{\"@id\":\"https:\/\/digpro.com\/sv\/hallbarhet\/tillforlitliga-prognoser-for-hallbar-tillvaxt\/#primaryimage\"},\"thumbnailUrl\":\"https:\/\/digpro.com\/wp-content\/uploads\/2025\/02\/iStock-1163330738-1.jpg\",\"datePublished\":\"2025-04-03T12:06:02+00:00\",\"dateModified\":\"2025-04-03T12:13:46+00:00\",\"breadcrumb\":{\"@id\":\"https:\/\/digpro.com\/sv\/hallbarhet\/tillforlitliga-prognoser-for-hallbar-tillvaxt\/#breadcrumb\"},\"inLanguage\":\"sv-SE\",\"potentialAction\":[{\"@type\":\"ReadAction\",\"target\":[\"https:\/\/digpro.com\/sv\/hallbarhet\/tillforlitliga-prognoser-for-hallbar-tillvaxt\/\"]}]},{\"@type\":\"ImageObject\",\"inLanguage\":\"sv-SE\",\"@id\":\"https:\/\/digpro.com\/sv\/hallbarhet\/tillforlitliga-prognoser-for-hallbar-tillvaxt\/#primaryimage\",\"url\":\"https:\/\/digpro.com\/wp-content\/uploads\/2025\/02\/iStock-1163330738-1.jpg\",\"contentUrl\":\"https:\/\/digpro.com\/wp-content\/uploads\/2025\/02\/iStock-1163330738-1.jpg\",\"width\":900,\"height\":406},{\"@type\":\"BreadcrumbList\",\"@id\":\"https:\/\/digpro.com\/sv\/hallbarhet\/tillforlitliga-prognoser-for-hallbar-tillvaxt\/#breadcrumb\",\"itemListElement\":[{\"@type\":\"ListItem\",\"position\":1,\"name\":\"Home\",\"item\":\"https:\/\/digpro.com\/sv\/\"},{\"@type\":\"ListItem\",\"position\":2,\"name\":\"ESG &#8211; Digpros engagemang f\u00f6r h\u00e5llbarhet\",\"item\":\"https:\/\/digpro.com\/sv\/hallbarhet\/\"},{\"@type\":\"ListItem\",\"position\":3,\"name\":\"Tillf\u00f6rlitliga prognoser f\u00f6r h\u00e5llbar tillv\u00e4xt\"}]},{\"@type\":\"WebSite\",\"@id\":\"https:\/\/digpro.com\/sv\/#website\",\"url\":\"https:\/\/digpro.com\/sv\/\",\"name\":\"Digpro (SE)\",\"description\":\"Leading geographic information technologies\",\"publisher\":{\"@id\":\"https:\/\/digpro.com\/sv\/#organization\"},\"potentialAction\":[{\"@type\":\"SearchAction\",\"target\":{\"@type\":\"EntryPoint\",\"urlTemplate\":\"https:\/\/digpro.com\/sv\/?s={search_term_string}\"},\"query-input\":{\"@type\":\"PropertyValueSpecification\",\"valueRequired\":true,\"valueName\":\"search_term_string\"}}],\"inLanguage\":\"sv-SE\"},{\"@type\":\"Organization\",\"@id\":\"https:\/\/digpro.com\/sv\/#organization\",\"name\":\"Digpro\",\"url\":\"https:\/\/digpro.com\/sv\/\",\"logo\":{\"@type\":\"ImageObject\",\"inLanguage\":\"sv-SE\",\"@id\":\"https:\/\/digpro.com\/sv\/#\/schema\/logo\/image\/\",\"url\":\"https:\/\/digpro.com\/wp-content\/uploads\/2020\/09\/1_Digpro_logo_vektor_pos.svg\",\"contentUrl\":\"https:\/\/digpro.com\/wp-content\/uploads\/2020\/09\/1_Digpro_logo_vektor_pos.svg\",\"width\":1,\"height\":1,\"caption\":\"Digpro\"},\"image\":{\"@id\":\"https:\/\/digpro.com\/sv\/#\/schema\/logo\/image\/\"},\"sameAs\":[\"https:\/\/www.facebook.com\/digproab\",\"https:\/\/www.instagram.com\/lifeatdigpro\/\",\"https:\/\/www.linkedin.com\/company\/digpro-ab\/\"]}]}<\/script>\n<!-- \/ Yoast SEO plugin. -->","yoast_head_json":{"title":"Tillf\u00f6rlitliga prognoser f\u00f6r h\u00e5llbar tillv\u00e4xt - Digpro (SE)","robots":{"index":"index","follow":"follow","max-snippet":"max-snippet:-1","max-image-preview":"max-image-preview:large","max-video-preview":"max-video-preview:-1"},"canonical":"https:\/\/digpro.com\/sv\/hallbarhet\/tillforlitliga-prognoser-for-hallbar-tillvaxt\/","og_locale":"sv_SE","og_type":"article","og_title":"Tillf\u00f6rlitliga prognoser f\u00f6r h\u00e5llbar tillv\u00e4xt - Digpro (SE)","og_description":"Med verktyg f\u00f6r tillf\u00f6rlitliga kort- och medell\u00e5ngsiktiga prognoser f\u00e5r n\u00e4t\u00e4gare r\u00e4tt beslutsst\u00f6d f\u00f6r att hantera belastning, optimera energifl\u00f6det, planera framtiden och minska sin milj\u00f6p\u00e5verkan.","og_url":"https:\/\/digpro.com\/sv\/hallbarhet\/tillforlitliga-prognoser-for-hallbar-tillvaxt\/","og_site_name":"Digpro (SE)","article_publisher":"https:\/\/www.facebook.com\/digproab","article_modified_time":"2025-04-03T12:13:46+00:00","og_image":[{"width":900,"height":406,"url":"https:\/\/digpro.com\/wp-content\/uploads\/2025\/02\/iStock-1163330738-1.jpg","type":"image\/jpeg"}],"twitter_card":"summary_large_image","twitter_misc":{"Ber\u00e4knad l\u00e4stid":"1 minut"},"schema":{"@context":"https:\/\/schema.org","@graph":[{"@type":"WebPage","@id":"https:\/\/digpro.com\/sv\/hallbarhet\/tillforlitliga-prognoser-for-hallbar-tillvaxt\/","url":"https:\/\/digpro.com\/sv\/hallbarhet\/tillforlitliga-prognoser-for-hallbar-tillvaxt\/","name":"Tillf\u00f6rlitliga prognoser f\u00f6r h\u00e5llbar tillv\u00e4xt - Digpro (SE)","isPartOf":{"@id":"https:\/\/digpro.com\/sv\/#website"},"primaryImageOfPage":{"@id":"https:\/\/digpro.com\/sv\/hallbarhet\/tillforlitliga-prognoser-for-hallbar-tillvaxt\/#primaryimage"},"image":{"@id":"https:\/\/digpro.com\/sv\/hallbarhet\/tillforlitliga-prognoser-for-hallbar-tillvaxt\/#primaryimage"},"thumbnailUrl":"https:\/\/digpro.com\/wp-content\/uploads\/2025\/02\/iStock-1163330738-1.jpg","datePublished":"2025-04-03T12:06:02+00:00","dateModified":"2025-04-03T12:13:46+00:00","breadcrumb":{"@id":"https:\/\/digpro.com\/sv\/hallbarhet\/tillforlitliga-prognoser-for-hallbar-tillvaxt\/#breadcrumb"},"inLanguage":"sv-SE","potentialAction":[{"@type":"ReadAction","target":["https:\/\/digpro.com\/sv\/hallbarhet\/tillforlitliga-prognoser-for-hallbar-tillvaxt\/"]}]},{"@type":"ImageObject","inLanguage":"sv-SE","@id":"https:\/\/digpro.com\/sv\/hallbarhet\/tillforlitliga-prognoser-for-hallbar-tillvaxt\/#primaryimage","url":"https:\/\/digpro.com\/wp-content\/uploads\/2025\/02\/iStock-1163330738-1.jpg","contentUrl":"https:\/\/digpro.com\/wp-content\/uploads\/2025\/02\/iStock-1163330738-1.jpg","width":900,"height":406},{"@type":"BreadcrumbList","@id":"https:\/\/digpro.com\/sv\/hallbarhet\/tillforlitliga-prognoser-for-hallbar-tillvaxt\/#breadcrumb","itemListElement":[{"@type":"ListItem","position":1,"name":"Home","item":"https:\/\/digpro.com\/sv\/"},{"@type":"ListItem","position":2,"name":"ESG &#8211; Digpros engagemang f\u00f6r h\u00e5llbarhet","item":"https:\/\/digpro.com\/sv\/hallbarhet\/"},{"@type":"ListItem","position":3,"name":"Tillf\u00f6rlitliga prognoser f\u00f6r h\u00e5llbar tillv\u00e4xt"}]},{"@type":"WebSite","@id":"https:\/\/digpro.com\/sv\/#website","url":"https:\/\/digpro.com\/sv\/","name":"Digpro (SE)","description":"Leading geographic information technologies","publisher":{"@id":"https:\/\/digpro.com\/sv\/#organization"},"potentialAction":[{"@type":"SearchAction","target":{"@type":"EntryPoint","urlTemplate":"https:\/\/digpro.com\/sv\/?s={search_term_string}"},"query-input":{"@type":"PropertyValueSpecification","valueRequired":true,"valueName":"search_term_string"}}],"inLanguage":"sv-SE"},{"@type":"Organization","@id":"https:\/\/digpro.com\/sv\/#organization","name":"Digpro","url":"https:\/\/digpro.com\/sv\/","logo":{"@type":"ImageObject","inLanguage":"sv-SE","@id":"https:\/\/digpro.com\/sv\/#\/schema\/logo\/image\/","url":"https:\/\/digpro.com\/wp-content\/uploads\/2020\/09\/1_Digpro_logo_vektor_pos.svg","contentUrl":"https:\/\/digpro.com\/wp-content\/uploads\/2020\/09\/1_Digpro_logo_vektor_pos.svg","width":1,"height":1,"caption":"Digpro"},"image":{"@id":"https:\/\/digpro.com\/sv\/#\/schema\/logo\/image\/"},"sameAs":["https:\/\/www.facebook.com\/digproab","https:\/\/www.instagram.com\/lifeatdigpro\/","https:\/\/www.linkedin.com\/company\/digpro-ab\/"]}]}},"publishpress_future_action":{"enabled":false,"date":"2026-05-12 22:22:59","action":"change-status","newStatus":"draft","terms":[],"taxonomy":"translation_priority","extraData":[]},"publishpress_future_workflow_manual_trigger":{"enabledWorkflows":[]},"_links":{"self":[{"href":"https:\/\/digpro.com\/sv\/wp-json\/wp\/v2\/pages\/37775","targetHints":{"allow":["GET"]}}],"collection":[{"href":"https:\/\/digpro.com\/sv\/wp-json\/wp\/v2\/pages"}],"about":[{"href":"https:\/\/digpro.com\/sv\/wp-json\/wp\/v2\/types\/page"}],"author":[{"embeddable":true,"href":"https:\/\/digpro.com\/sv\/wp-json\/wp\/v2\/users\/3"}],"replies":[{"embeddable":true,"href":"https:\/\/digpro.com\/sv\/wp-json\/wp\/v2\/comments?post=37775"}],"version-history":[{"count":13,"href":"https:\/\/digpro.com\/sv\/wp-json\/wp\/v2\/pages\/37775\/revisions"}],"predecessor-version":[{"id":37812,"href":"https:\/\/digpro.com\/sv\/wp-json\/wp\/v2\/pages\/37775\/revisions\/37812"}],"up":[{"embeddable":true,"href":"https:\/\/digpro.com\/sv\/wp-json\/wp\/v2\/pages\/36916"}],"wp:featuredmedia":[{"embeddable":true,"href":"https:\/\/digpro.com\/sv\/wp-json\/wp\/v2\/media\/36498"}],"wp:attachment":[{"href":"https:\/\/digpro.com\/sv\/wp-json\/wp\/v2\/media?parent=37775"}],"curies":[{"name":"wp","href":"https:\/\/api.w.org\/{rel}","templated":true}]}}