{"id":406,"date":"2019-09-05T16:50:06","date_gmt":"2019-09-05T14:50:06","guid":{"rendered":"https:\/\/digpro.com\/?page_id=406"},"modified":"2025-12-15T16:39:50","modified_gmt":"2025-12-15T15:39:50","slug":"demo","status":"publish","type":"page","link":"https:\/\/digpro.com\/sv\/demo\/","title":{"rendered":"Demo"},"content":{"rendered":"\t\t<div data-elementor-type=\"wp-page\" data-elementor-id=\"406\" class=\"elementor elementor-406 elementor-404\" data-elementor-post-type=\"page\">\n\t\t\t\t\t\t<section class=\"elementor-section elementor-top-section elementor-element elementor-element-50df086 elementor-section-stretched elementor-section-content-middle elementor-section-height-min-height elementor-section-boxed elementor-section-height-default elementor-section-items-middle\" data-id=\"50df086\" data-element_type=\"section\" data-e-type=\"section\" data-settings=\"{&quot;stretch_section&quot;:&quot;section-stretched&quot;,&quot;background_background&quot;:&quot;classic&quot;}\">\n\t\t\t\t\t\t<div class=\"elementor-container elementor-column-gap-no\">\n\t\t\t\t\t<div class=\"elementor-column elementor-col-33 elementor-top-column elementor-element elementor-element-1f56a79e\" data-id=\"1f56a79e\" data-element_type=\"column\" data-e-type=\"column\">\n\t\t\t<div class=\"elementor-widget-wrap\">\n\t\t\t\t\t\t\t<\/div>\n\t\t<\/div>\n\t\t\t\t<div class=\"elementor-column elementor-col-33 elementor-top-column elementor-element elementor-element-1ab4d9b1\" data-id=\"1ab4d9b1\" data-element_type=\"column\" data-e-type=\"column\" data-settings=\"{&quot;background_background&quot;:&quot;classic&quot;}\">\n\t\t\t<div class=\"elementor-widget-wrap elementor-element-populated\">\n\t\t\t\t\t\t<div class=\"elementor-element elementor-element-717dda8d elementor-widget elementor-widget-heading\" data-id=\"717dda8d\" data-element_type=\"widget\" data-e-type=\"widget\" data-widget_type=\"heading.default\">\n\t\t\t\t<div class=\"elementor-widget-container\">\n\t\t\t\t\t<h2 class=\"elementor-heading-title elementor-size-default\">SE DET LIVE<\/h2>\t\t\t\t<\/div>\n\t\t\t\t<\/div>\n\t\t\t\t<div class=\"elementor-element elementor-element-4d28a03d elementor-widget elementor-widget-heading\" data-id=\"4d28a03d\" data-element_type=\"widget\" data-e-type=\"widget\" data-widget_type=\"heading.default\">\n\t\t\t\t<div class=\"elementor-widget-container\">\n\t\t\t\t\t<h1 class=\"elementor-heading-title elementor-size-default\">BOKA EN DEMO<\/h1>\t\t\t\t<\/div>\n\t\t\t\t<\/div>\n\t\t\t\t<div class=\"elementor-element elementor-element-75474b5b elementor-widget elementor-widget-heading\" data-id=\"75474b5b\" data-element_type=\"widget\" data-e-type=\"widget\" data-widget_type=\"heading.default\">\n\t\t\t\t<div class=\"elementor-widget-container\">\n\t\t\t\t\t<h2 class=\"elementor-heading-title elementor-size-default\"><a href=\"\">+46 8 50 63 26 00<\/a><\/h2>\t\t\t\t<\/div>\n\t\t\t\t<\/div>\n\t\t\t\t<div class=\"elementor-element elementor-element-134d98ab elementor-widget elementor-widget-text-editor\" data-id=\"134d98ab\" data-element_type=\"widget\" data-e-type=\"widget\" data-widget_type=\"text-editor.default\">\n\t\t\t\t<div class=\"elementor-widget-container\">\n\t\t\t\t\t\t\t\t\t<p>Ring oss eller fyll I formul\u00e4ret s\u00e5 kontaktar vi dig f\u00f6r att boka en tid. Demon h\u00e5lls live av en av v\u00e5ra experter. Det tar ca 30 minuter och du har m\u00f6jlighet att st\u00e4lla fr\u00e5gor.<\/p>\t\t\t\t\t\t\t\t<\/div>\n\t\t\t\t<\/div>\n\t\t\t\t<div class=\"elementor-element elementor-element-484fd419 elementor-button-align-center elementor-widget elementor-widget-form\" data-id=\"484fd419\" data-element_type=\"widget\" data-e-type=\"widget\" data-settings=\"{&quot;step_next_label&quot;:&quot;Next&quot;,&quot;step_previous_label&quot;:&quot;Previous&quot;,&quot;button_width&quot;:&quot;100&quot;,&quot;step_type&quot;:&quot;number_text&quot;,&quot;step_icon_shape&quot;:&quot;circle&quot;}\" data-widget_type=\"form.default\">\n\t\t\t\t<div class=\"elementor-widget-container\">\n\t\t\t\t\t\t\t<form class=\"elementor-form\" method=\"post\" id=\"demo_sv\" name=\"Book a demo SE\" aria-label=\"Book a demo SE\">\n\t\t\t<input type=\"hidden\" name=\"post_id\" value=\"406\"\/>\n\t\t\t<input type=\"hidden\" name=\"form_id\" value=\"484fd419\"\/>\n\t\t\t<input type=\"hidden\" name=\"referer_title\" value=\"Demo - Digpro (SE)\" \/>\n\n\t\t\t\t\t\t\t<input type=\"hidden\" name=\"queried_id\" value=\"406\"\/>\n\t\t\t\n\t\t\t<div class=\"elementor-form-fields-wrapper elementor-labels-\">\n\t\t\t\t\t\t\t\t<div class=\"elementor-field-type-html elementor-field-group elementor-column elementor-field-group-field_2e6549a elementor-col-100\">\n\t\t\t\t\t<div style=\"visibility:hidden;pointer-events:none;width:0;height:0;position:absolute;top:-9999px;left:-9999px;z-index:-1;\" tabindex=\"-1\"><div class=\"elementor-field-type-text elementor-field-group elementor-column elementor-field-group-field_2e6549a elementor-col-100\"> <label for=\"form-field-field_2e6549a\" class=\"elementor-field-label elementor-screen-only\">Preferred language DIGPRO<\/label><input size=\"1\" type=\"text\" name=\"form_fields[field_2e6549a]\" id=\"form-field-field_2e6549a\" class=\"elementor-field elementor-size-sm  elementor-field-textual\" value=\"Swedish\" style=\"background-image: url(&quot;data:image\/png;base64,iVBORw0KGgoAAAANSUhEUgAAACAAAAAgCAYAAABzenr0AAAAAXNSR0IArs4c6QAAAfBJREFUWAntVk1OwkAUZkoDKza4Utm61iP0AqyIDXahN2BjwiHYGU+gizap4QDuegWN7lyCbMSlCQjU7yO0TOlAi6GwgJc0fT\/fzPfmzet0crmD7HsFBAvQbrcrw+Gw5fu+AfOYvgylJ4TwCoVCs1ardYTruqfj8fgV5OUMSVVT93VdP9dAzpVvm5wJHZFbg2LQ2pEYOlZ\/oiDvwNcsFoseY4PBwMCrhaeCJyKWZU37KOJcYdi27QdhcuuBIb073BvTNL8ln4NeeR6NRi\/wxZKQcGurQs5oNhqLshzVTMBewW\/LMU3TTNlO0ieTiStjYhUIyi6DAp0xbEdgTt+LE0aCKQw24U4llsCs4ZRJrYopB6RwqnpA1YQ5NGFZ1YQ41Z5S8IQQdP5laEBRJcD4Vj5DEsW2gE6s6g3d\/YP\/g+BDnT7GNi2qCjTwGd6riBzHaaCEd3Js01vwCPIbmWBRx1nwAN\/1ov+\/drgFWIlfKpVukyYihtgkXNp4mABK+1GtVr+SBhJDbBIubVw+Cd\/TDgKO2DPiN3YUo6y\/nDCNEIsqTKH1en2tcwA9FKEItyDi3aIh8Gl1sRrVnSDzNFDJT1bAy5xpOYGn5fP5JuL95ZjMIn1ya7j5dPGfv0A5eAnpZUY3n5jXcoec5J67D9q+VuAPM47D3XaSeL4AAAAASUVORK5CYII=&quot;); background-repeat: no-repeat; background-attachment: scroll; background-size: 16px 18px; background-position: 98% 50%; cursor: auto;\"><\/div><\/div>\t\t\t\t<\/div>\n\t\t\t\t\t\t\t\t<div class=\"elementor-field-type-text elementor-field-group elementor-column elementor-field-group-name elementor-col-50 elementor-field-required\">\n\t\t\t\t\t\t\t\t\t\t\t\t<label for=\"form-field-name\" class=\"elementor-field-label elementor-screen-only\">\n\t\t\t\t\t\t\t\tFirst name\t\t\t\t\t\t\t<\/label>\n\t\t\t\t\t\t\t\t\t\t\t\t\t\t<input size=\"1\" type=\"text\" name=\"form_fields[name]\" id=\"form-field-name\" class=\"elementor-field elementor-size-sm  elementor-field-textual\" placeholder=\"F\u00f6rnamn\" required=\"required\">\n\t\t\t\t\t\t\t\t\t\t\t<\/div>\n\t\t\t\t\t\t\t\t<div class=\"elementor-field-type-text elementor-field-group elementor-column elementor-field-group-field_eb84bc6 elementor-col-50 elementor-field-required\">\n\t\t\t\t\t\t\t\t\t\t\t\t<label for=\"form-field-field_eb84bc6\" class=\"elementor-field-label elementor-screen-only\">\n\t\t\t\t\t\t\t\tLast name\t\t\t\t\t\t\t<\/label>\n\t\t\t\t\t\t\t\t\t\t\t\t\t\t<input size=\"1\" type=\"text\" name=\"form_fields[field_eb84bc6]\" id=\"form-field-field_eb84bc6\" class=\"elementor-field elementor-size-sm  elementor-field-textual\" placeholder=\"Efternamn\" required=\"required\">\n\t\t\t\t\t\t\t\t\t\t\t<\/div>\n\t\t\t\t\t\t\t\t<div class=\"elementor-field-type-text elementor-field-group elementor-column elementor-field-group-field_1 elementor-col-100 elementor-field-required\">\n\t\t\t\t\t\t\t\t\t\t\t\t<label for=\"form-field-field_1\" class=\"elementor-field-label elementor-screen-only\">\n\t\t\t\t\t\t\t\tCompany name\t\t\t\t\t\t\t<\/label>\n\t\t\t\t\t\t\t\t\t\t\t\t\t\t<input size=\"1\" type=\"text\" name=\"form_fields[field_1]\" id=\"form-field-field_1\" class=\"elementor-field elementor-size-sm  elementor-field-textual\" placeholder=\"F\u00f6retag\" required=\"required\">\n\t\t\t\t\t\t\t\t\t\t\t<\/div>\n\t\t\t\t\t\t\t\t<div class=\"elementor-field-type-email elementor-field-group elementor-column elementor-field-group-email elementor-col-100 elementor-field-required\">\n\t\t\t\t\t\t\t\t\t\t\t\t<label for=\"form-field-email\" class=\"elementor-field-label elementor-screen-only\">\n\t\t\t\t\t\t\t\tEmail\t\t\t\t\t\t\t<\/label>\n\t\t\t\t\t\t\t\t\t\t\t\t\t\t<input size=\"1\" type=\"email\" name=\"form_fields[email]\" id=\"form-field-email\" class=\"elementor-field elementor-size-sm  elementor-field-textual\" placeholder=\"E-post\" required=\"required\">\n\t\t\t\t\t\t\t\t\t\t\t<\/div>\n\t\t\t\t\t\t\t\t<div class=\"elementor-field-type-select elementor-field-group elementor-column elementor-field-group-field_cccfe78 elementor-col-100\">\n\t\t\t\t\t\t\t\t\t\t\t\t<label for=\"form-field-field_cccfe78\" class=\"elementor-field-label elementor-screen-only\">\n\t\t\t\t\t\t\t\tLead products\t\t\t\t\t\t\t<\/label>\n\t\t\t\t\t\t\t\t<div class=\"elementor-field elementor-select-wrapper remove-before \">\n\t\t\t<div class=\"select-caret-down-wrapper\">\n\t\t\t\t<i aria-hidden=\"true\" class=\"eicon-caret-down\"><\/i>\t\t\t<\/div>\n\t\t\t<select name=\"form_fields[field_cccfe78]\" id=\"form-field-field_cccfe78\" class=\"elementor-field-textual elementor-size-sm\">\n\t\t\t\t\t\t\t\t\t<option value=\"V\u00e4lj ditt intresseomr\u00e5de\" selected=\"selected\">V\u00e4lj ditt intresseomr\u00e5de<\/option>\n\t\t\t\t\t\t\t\t\t<option value=\"dpCom\">dpCom<\/option>\n\t\t\t\t\t\t\t\t\t<option value=\"dpPower\">dpPower<\/option>\n\t\t\t\t\t\t\t\t\t<option value=\"dpWater\">dpWater<\/option>\n\t\t\t\t\t\t\t\t\t<option value=\"dpGas\">dpGas<\/option>\n\t\t\t\t\t\t\t\t\t<option value=\"dpHeating\">dpHeating<\/option>\n\t\t\t\t\t\t\t\t\t<option value=\"Unknown\">Unknown<\/option>\n\t\t\t\t\t\t\t<\/select>\n\t\t<\/div>\n\t\t\t\t\t\t<\/div>\n\t\t\t\t\t\t\t\t<div class=\"elementor-field-type-textarea elementor-field-group elementor-column elementor-field-group-field_3 elementor-col-100\">\n\t\t\t\t\t\t\t\t\t\t\t\t<label for=\"form-field-field_3\" class=\"elementor-field-label elementor-screen-only\">\n\t\t\t\t\t\t\t\tMessage\t\t\t\t\t\t\t<\/label>\n\t\t\t\t\t\t<textarea class=\"elementor-field-textual elementor-field  elementor-size-sm\" name=\"form_fields[field_3]\" id=\"form-field-field_3\" rows=\"4\" placeholder=\"Meddelande\"><\/textarea>\t\t\t\t<\/div>\n\t\t\t\t\t\t\t\t<div class=\"elementor-field-type-acceptance elementor-field-group elementor-column elementor-field-group-field_2 elementor-col-100 elementor-field-required\">\n\t\t\t\t\t\t\t<div class=\"elementor-field-subgroup\">\n\t\t\t<span class=\"elementor-field-option\">\n\t\t\t\t<input type=\"checkbox\" name=\"form_fields[field_2]\" id=\"form-field-field_2\" class=\"elementor-field elementor-size-sm  elementor-acceptance-field\" required=\"required\">\n\t\t\t\t<label for=\"form-field-field_2\">Jag godk\u00e4nner att Digpro lagrar och hanterar mina personuppgifter samt skickar mig e-post. <\/label>\t\t\t<\/span>\n\t\t<\/div>\n\t\t\t\t\t\t<\/div>\n\t\t\t\t\t\t\t\t<div class=\"elementor-field-group elementor-column elementor-field-type-submit elementor-col-100 e-form__buttons\">\n\t\t\t\t\t<button class=\"elementor-button elementor-size-sm\" type=\"submit\">\n\t\t\t\t\t\t<span class=\"elementor-button-content-wrapper\">\n\t\t\t\t\t\t\t\t\t\t\t\t\t\t\t\t\t\t\t\t\t\t<span class=\"elementor-button-text\">Skicka<\/span>\n\t\t\t\t\t\t\t\t\t\t\t\t\t<\/span>\n\t\t\t\t\t<\/button>\n\t\t\t\t<\/div>\n\t\t\t<\/div>\n\t\t<\/form>\n\t\t\t\t\t\t<\/div>\n\t\t\t\t<\/div>\n\t\t\t\t\t<\/div>\n\t\t<\/div>\n\t\t\t\t<div class=\"elementor-column elementor-col-33 elementor-top-column elementor-element elementor-element-2e866bc3\" data-id=\"2e866bc3\" data-element_type=\"column\" data-e-type=\"column\">\n\t\t\t<div class=\"elementor-widget-wrap\">\n\t\t\t\t\t\t\t<\/div>\n\t\t<\/div>\n\t\t\t\t\t<\/div>\n\t\t<\/section>\n\t\t\t\t<\/div>\n\t\t","protected":false},"excerpt":{"rendered":"<p>SE DET LIVE BOKA EN DEMO +46 8 50 63 26 00 Ring oss eller fyll I formul\u00e4ret s\u00e5 kontaktar vi dig f\u00f6r att boka en tid. Demon h\u00e5lls live av en av v\u00e5ra experter. Det tar ca 30 minuter och du har m\u00f6jlighet att st\u00e4lla fr\u00e5gor.<\/p>\n","protected":false},"author":1,"featured_media":0,"parent":0,"menu_order":0,"comment_status":"closed","ping_status":"closed","template":"","meta":{"content-type":"","_monsterinsights_skip_tracking":false,"_monsterinsights_sitenote_active":false,"_monsterinsights_sitenote_note":"","_monsterinsights_sitenote_category":0,"site-sidebar-layout":"no-sidebar","site-content-layout":"page-builder","ast-site-content-layout":"default","site-content-style":"default","site-sidebar-style":"default","ast-global-header-display":"","ast-banner-title-visibility":"","ast-main-header-display":"","ast-hfb-above-header-display":"","ast-hfb-below-header-display":"","ast-hfb-mobile-header-display":"","site-post-title":"disabled","ast-breadcrumbs-content":"","ast-featured-img":"disabled","footer-sml-layout":"","ast-disable-related-posts":"","theme-transparent-header-meta":"default","adv-header-id-meta":"","stick-header-meta":"default","header-above-stick-meta":"","header-main-stick-meta":"","header-below-stick-meta":"","astra-migrate-meta-layouts":"default","ast-page-background-enabled":"default","ast-page-background-meta":{"desktop":{"background-color":"","background-image":"","background-repeat":"repeat","background-position":"center center","background-size":"auto","background-attachment":"scroll","background-type":"","background-media":"","overlay-type":"","overlay-color":"","overlay-opacity":"","overlay-gradient":""},"tablet":{"background-color":"","background-image":"","background-repeat":"repeat","background-position":"center center","background-size":"auto","background-attachment":"scroll","background-type":"","background-media":"","overlay-type":"","overlay-color":"","overlay-opacity":"","overlay-gradient":""},"mobile":{"background-color":"","background-image":"","background-repeat":"repeat","background-position":"center center","background-size":"auto","background-attachment":"scroll","background-type":"","background-media":"","overlay-type":"","overlay-color":"","overlay-opacity":"","overlay-gradient":""}},"ast-content-background-meta":{"desktop":{"background-color":"var(--ast-global-color-5)","background-image":"","background-repeat":"repeat","background-position":"center center","background-size":"auto","background-attachment":"scroll","background-type":"","background-media":"","overlay-type":"","overlay-color":"","overlay-opacity":"","overlay-gradient":""},"tablet":{"background-color":"var(--ast-global-color-5)","background-image":"","background-repeat":"repeat","background-position":"center center","background-size":"auto","background-attachment":"scroll","background-type":"","background-media":"","overlay-type":"","overlay-color":"","overlay-opacity":"","overlay-gradient":""},"mobile":{"background-color":"var(--ast-global-color-5)","background-image":"","background-repeat":"repeat","background-position":"center center","background-size":"auto","background-attachment":"scroll","background-type":"","background-media":"","overlay-type":"","overlay-color":"","overlay-opacity":"","overlay-gradient":""}},"footnotes":""},"class_list":["post-406","page","type-page","status-publish","hentry"],"yoast_head":"<!-- This site is optimized with the Yoast SEO plugin v26.9 - https:\/\/yoast.com\/product\/yoast-seo-wordpress\/ -->\n<title>Demo - Digpro (SE)<\/title>\n<meta name=\"description\" content=\"Kontakta oss f\u00f6r en gratis demo. Demon h\u00e5lls live av en av v\u00e5ra experter. Det tar ca 30 minuter och du har m\u00f6jlighet att st\u00e4lla fr\u00e5gor.\" \/>\n<meta name=\"robots\" content=\"index, follow, max-snippet:-1, max-image-preview:large, max-video-preview:-1\" \/>\n<link rel=\"canonical\" href=\"https:\/\/digpro.com\/sv\/demo\/\" \/>\n<meta property=\"og:locale\" content=\"sv_SE\" \/>\n<meta property=\"og:type\" content=\"article\" \/>\n<meta property=\"og:title\" content=\"Demo - Digpro (SE)\" \/>\n<meta property=\"og:description\" content=\"Kontakta oss f\u00f6r en gratis demo. Demon h\u00e5lls live av en av v\u00e5ra experter. Det tar ca 30 minuter och du har m\u00f6jlighet att st\u00e4lla fr\u00e5gor.\" \/>\n<meta property=\"og:url\" content=\"https:\/\/digpro.com\/sv\/demo\/\" \/>\n<meta property=\"og:site_name\" content=\"Digpro (SE)\" \/>\n<meta property=\"article:publisher\" content=\"https:\/\/www.facebook.com\/digproab\" \/>\n<meta property=\"article:modified_time\" content=\"2025-12-15T15:39:50+00:00\" \/>\n<meta name=\"twitter:card\" content=\"summary_large_image\" \/>\n<meta name=\"twitter:label1\" content=\"Ber\u00e4knad l\u00e4stid\" \/>\n\t<meta name=\"twitter:data1\" content=\"1 minut\" \/>\n<script type=\"application\/ld+json\" class=\"yoast-schema-graph\">{\"@context\":\"https:\/\/schema.org\",\"@graph\":[{\"@type\":\"WebPage\",\"@id\":\"https:\/\/digpro.com\/sv\/demo\/\",\"url\":\"https:\/\/digpro.com\/sv\/demo\/\",\"name\":\"Demo - Digpro (SE)\",\"isPartOf\":{\"@id\":\"https:\/\/digpro.com\/sv\/#website\"},\"datePublished\":\"2019-09-05T14:50:06+00:00\",\"dateModified\":\"2025-12-15T15:39:50+00:00\",\"description\":\"Kontakta oss f\u00f6r en gratis demo. Demon h\u00e5lls live av en av v\u00e5ra experter. Det tar ca 30 minuter och du har m\u00f6jlighet att st\u00e4lla fr\u00e5gor.\",\"breadcrumb\":{\"@id\":\"https:\/\/digpro.com\/sv\/demo\/#breadcrumb\"},\"inLanguage\":\"sv-SE\",\"potentialAction\":[{\"@type\":\"ReadAction\",\"target\":[\"https:\/\/digpro.com\/sv\/demo\/\"]}]},{\"@type\":\"BreadcrumbList\",\"@id\":\"https:\/\/digpro.com\/sv\/demo\/#breadcrumb\",\"itemListElement\":[{\"@type\":\"ListItem\",\"position\":1,\"name\":\"Home\",\"item\":\"https:\/\/digpro.com\/sv\/\"},{\"@type\":\"ListItem\",\"position\":2,\"name\":\"Demo\"}]},{\"@type\":\"WebSite\",\"@id\":\"https:\/\/digpro.com\/sv\/#website\",\"url\":\"https:\/\/digpro.com\/sv\/\",\"name\":\"Digpro (SE)\",\"description\":\"Leading geographic information technologies\",\"publisher\":{\"@id\":\"https:\/\/digpro.com\/sv\/#organization\"},\"potentialAction\":[{\"@type\":\"SearchAction\",\"target\":{\"@type\":\"EntryPoint\",\"urlTemplate\":\"https:\/\/digpro.com\/sv\/?s={search_term_string}\"},\"query-input\":{\"@type\":\"PropertyValueSpecification\",\"valueRequired\":true,\"valueName\":\"search_term_string\"}}],\"inLanguage\":\"sv-SE\"},{\"@type\":\"Organization\",\"@id\":\"https:\/\/digpro.com\/sv\/#organization\",\"name\":\"Digpro\",\"url\":\"https:\/\/digpro.com\/sv\/\",\"logo\":{\"@type\":\"ImageObject\",\"inLanguage\":\"sv-SE\",\"@id\":\"https:\/\/digpro.com\/sv\/#\/schema\/logo\/image\/\",\"url\":\"https:\/\/digpro.com\/wp-content\/uploads\/2020\/09\/1_Digpro_logo_vektor_pos.svg\",\"contentUrl\":\"https:\/\/digpro.com\/wp-content\/uploads\/2020\/09\/1_Digpro_logo_vektor_pos.svg\",\"width\":1,\"height\":1,\"caption\":\"Digpro\"},\"image\":{\"@id\":\"https:\/\/digpro.com\/sv\/#\/schema\/logo\/image\/\"},\"sameAs\":[\"https:\/\/www.facebook.com\/digproab\",\"https:\/\/www.instagram.com\/lifeatdigpro\/\",\"https:\/\/www.linkedin.com\/company\/digpro-ab\/\"]}]}<\/script>\n<!-- \/ Yoast SEO plugin. -->","yoast_head_json":{"title":"Demo - Digpro (SE)","description":"Kontakta oss f\u00f6r en gratis demo. Demon h\u00e5lls live av en av v\u00e5ra experter. Det tar ca 30 minuter och du har m\u00f6jlighet att st\u00e4lla fr\u00e5gor.","robots":{"index":"index","follow":"follow","max-snippet":"max-snippet:-1","max-image-preview":"max-image-preview:large","max-video-preview":"max-video-preview:-1"},"canonical":"https:\/\/digpro.com\/sv\/demo\/","og_locale":"sv_SE","og_type":"article","og_title":"Demo - Digpro (SE)","og_description":"Kontakta oss f\u00f6r en gratis demo. Demon h\u00e5lls live av en av v\u00e5ra experter. Det tar ca 30 minuter och du har m\u00f6jlighet att st\u00e4lla fr\u00e5gor.","og_url":"https:\/\/digpro.com\/sv\/demo\/","og_site_name":"Digpro (SE)","article_publisher":"https:\/\/www.facebook.com\/digproab","article_modified_time":"2025-12-15T15:39:50+00:00","twitter_card":"summary_large_image","twitter_misc":{"Ber\u00e4knad l\u00e4stid":"1 minut"},"schema":{"@context":"https:\/\/schema.org","@graph":[{"@type":"WebPage","@id":"https:\/\/digpro.com\/sv\/demo\/","url":"https:\/\/digpro.com\/sv\/demo\/","name":"Demo - Digpro (SE)","isPartOf":{"@id":"https:\/\/digpro.com\/sv\/#website"},"datePublished":"2019-09-05T14:50:06+00:00","dateModified":"2025-12-15T15:39:50+00:00","description":"Kontakta oss f\u00f6r en gratis demo. Demon h\u00e5lls live av en av v\u00e5ra experter. Det tar ca 30 minuter och du har m\u00f6jlighet att st\u00e4lla fr\u00e5gor.","breadcrumb":{"@id":"https:\/\/digpro.com\/sv\/demo\/#breadcrumb"},"inLanguage":"sv-SE","potentialAction":[{"@type":"ReadAction","target":["https:\/\/digpro.com\/sv\/demo\/"]}]},{"@type":"BreadcrumbList","@id":"https:\/\/digpro.com\/sv\/demo\/#breadcrumb","itemListElement":[{"@type":"ListItem","position":1,"name":"Home","item":"https:\/\/digpro.com\/sv\/"},{"@type":"ListItem","position":2,"name":"Demo"}]},{"@type":"WebSite","@id":"https:\/\/digpro.com\/sv\/#website","url":"https:\/\/digpro.com\/sv\/","name":"Digpro (SE)","description":"Leading geographic information technologies","publisher":{"@id":"https:\/\/digpro.com\/sv\/#organization"},"potentialAction":[{"@type":"SearchAction","target":{"@type":"EntryPoint","urlTemplate":"https:\/\/digpro.com\/sv\/?s={search_term_string}"},"query-input":{"@type":"PropertyValueSpecification","valueRequired":true,"valueName":"search_term_string"}}],"inLanguage":"sv-SE"},{"@type":"Organization","@id":"https:\/\/digpro.com\/sv\/#organization","name":"Digpro","url":"https:\/\/digpro.com\/sv\/","logo":{"@type":"ImageObject","inLanguage":"sv-SE","@id":"https:\/\/digpro.com\/sv\/#\/schema\/logo\/image\/","url":"https:\/\/digpro.com\/wp-content\/uploads\/2020\/09\/1_Digpro_logo_vektor_pos.svg","contentUrl":"https:\/\/digpro.com\/wp-content\/uploads\/2020\/09\/1_Digpro_logo_vektor_pos.svg","width":1,"height":1,"caption":"Digpro"},"image":{"@id":"https:\/\/digpro.com\/sv\/#\/schema\/logo\/image\/"},"sameAs":["https:\/\/www.facebook.com\/digproab","https:\/\/www.instagram.com\/lifeatdigpro\/","https:\/\/www.linkedin.com\/company\/digpro-ab\/"]}]}},"publishpress_future_action":{"enabled":false,"date":"2026-04-29 10:03:18","action":"change-status","newStatus":"draft","terms":[],"taxonomy":"translation_priority","extraData":[]},"publishpress_future_workflow_manual_trigger":{"enabledWorkflows":[]},"_links":{"self":[{"href":"https:\/\/digpro.com\/sv\/wp-json\/wp\/v2\/pages\/406","targetHints":{"allow":["GET"]}}],"collection":[{"href":"https:\/\/digpro.com\/sv\/wp-json\/wp\/v2\/pages"}],"about":[{"href":"https:\/\/digpro.com\/sv\/wp-json\/wp\/v2\/types\/page"}],"author":[{"embeddable":true,"href":"https:\/\/digpro.com\/sv\/wp-json\/wp\/v2\/users\/1"}],"replies":[{"embeddable":true,"href":"https:\/\/digpro.com\/sv\/wp-json\/wp\/v2\/comments?post=406"}],"version-history":[{"count":3,"href":"https:\/\/digpro.com\/sv\/wp-json\/wp\/v2\/pages\/406\/revisions"}],"predecessor-version":[{"id":42167,"href":"https:\/\/digpro.com\/sv\/wp-json\/wp\/v2\/pages\/406\/revisions\/42167"}],"wp:attachment":[{"href":"https:\/\/digpro.com\/sv\/wp-json\/wp\/v2\/media?parent=406"}],"curies":[{"name":"wp","href":"https:\/\/api.w.org\/{rel}","templated":true}]}}