{"id":4262,"date":"2019-12-03T12:24:50","date_gmt":"2019-12-03T11:24:50","guid":{"rendered":"https:\/\/digpro.com\/?page_id=4262"},"modified":"2019-12-03T12:57:03","modified_gmt":"2019-12-03T11:57:03","slug":"intervju-jonas-jacobsson","status":"publish","type":"page","link":"https:\/\/digpro.com\/sv\/intervju-jonas-jacobsson\/","title":{"rendered":"Intervju Jonas Jacobsson"},"content":{"rendered":"\t\t<div data-elementor-type=\"wp-page\" data-elementor-id=\"4262\" class=\"elementor elementor-4262\" data-elementor-post-type=\"page\">\n\t\t\t\t\t\t<section class=\"elementor-section elementor-top-section elementor-element elementor-element-7706d481 elementor-section-boxed elementor-section-height-default elementor-section-height-default\" data-id=\"7706d481\" data-element_type=\"section\" data-e-type=\"section\" data-settings=\"{&quot;background_background&quot;:&quot;classic&quot;}\">\n\t\t\t\t\t\t<div class=\"elementor-container elementor-column-gap-no\">\n\t\t\t\t\t<div class=\"elementor-column elementor-col-100 elementor-top-column elementor-element elementor-element-f7058b0\" data-id=\"f7058b0\" data-element_type=\"column\" data-e-type=\"column\">\n\t\t\t<div class=\"elementor-widget-wrap elementor-element-populated\">\n\t\t\t\t\t\t<div class=\"elementor-element elementor-element-573d0f09 elementor-widget elementor-widget-heading\" data-id=\"573d0f09\" data-element_type=\"widget\" data-e-type=\"widget\" data-widget_type=\"heading.default\">\n\t\t\t\t<div class=\"elementor-widget-container\">\n\t\t\t\t\t<h1 class=\"elementor-heading-title elementor-size-default\">M\u00f6t Jonas Jacobsson<\/h1>\t\t\t\t<\/div>\n\t\t\t\t<\/div>\n\t\t\t\t<div class=\"elementor-element elementor-element-781ac6d5 elementor-invisible elementor-widget elementor-widget-text-editor\" data-id=\"781ac6d5\" data-element_type=\"widget\" data-e-type=\"widget\" data-settings=\"{&quot;_animation&quot;:&quot;fadeIn&quot;}\" data-widget_type=\"text-editor.default\">\n\t\t\t\t<div class=\"elementor-widget-container\">\n\t\t\t\t\t\t\t\t\t<p><strong>Jonas Jacobson har varit VD f\u00f6r Digpro Solutions sedan 2012. Innan han blev VD arbetade han som f\u00f6rs\u00e4ljningschef p\u00e5 Digpro fr\u00e5n 2008, d\u00e5 ABB och Digpro formellt gick samman. \u00c5ren innan Digpro arbetade Jonas inom ABB i diverse olika roller. Jonas har en mycket gedigen erfarenhet och kunskap om branschen s\u00e5v\u00e4l som Digpros produkter.\u00a0<\/strong><\/p><p>Digpro har genom \u00e5ren varit v\u00e4ldigt framg\u00e5ngsrika p\u00e5 marknaden f\u00f6r geografiska informationssystem och haft en stor tillv\u00e4xt och tillstr\u00f6mning av nya kunder. Som VD f\u00f6r Digpro Solutions har Jonas varit med och drivit utvecklingen av Digpros produkter och sett till att Digpro beh\u00e5llt sin position som den ledande GIS\/NIS leverant\u00f6ren p\u00e5 den svenska marknaden.<\/p><blockquote>Man kan faktiskt s\u00e4ga att jag aldrig har bytt jobb. Efter att jag l\u00e4st klart industriell ekonomi i Link\u00f6ping och en Masterexamen i Cleveland USA, b\u00f6rjade jag som trainee p\u00e5 ABB\/Kraftdata. Jag blev sedermera produktchef och chef f\u00f6r NIS-verksamheten p\u00e5 ABB \u00e4nda fram till dess ABB och Digpro formellt slogs samman 2008 och jag b\u00f6rjade som f\u00f6rs\u00e4ljningschef.<\/blockquote>\t\t\t\t\t\t\t\t<\/div>\n\t\t\t\t<\/div>\n\t\t\t\t<div class=\"elementor-element elementor-element-63743463 elementor-widget elementor-widget-image\" data-id=\"63743463\" data-element_type=\"widget\" data-e-type=\"widget\" data-widget_type=\"image.default\">\n\t\t\t\t<div class=\"elementor-widget-container\">\n\t\t\t\t\t\t\t\t\t\t\t\t\t\t\t<img fetchpriority=\"high\" decoding=\"async\" width=\"768\" height=\"432\" src=\"https:\/\/digpro.com\/wp-content\/uploads\/2019\/11\/Jonas_Jacobsson3-768x432.jpg\" class=\"attachment-medium_large size-medium_large wp-image-4354\" alt=\"\" srcset=\"https:\/\/digpro.com\/wp-content\/uploads\/2019\/11\/Jonas_Jacobsson3-768x432.jpg 768w, https:\/\/digpro.com\/wp-content\/uploads\/2019\/11\/Jonas_Jacobsson3-300x169.jpg 300w, https:\/\/digpro.com\/wp-content\/uploads\/2019\/11\/Jonas_Jacobsson3-1024x576.jpg 1024w, https:\/\/digpro.com\/wp-content\/uploads\/2019\/11\/Jonas_Jacobsson3-1536x864.jpg 1536w, https:\/\/digpro.com\/wp-content\/uploads\/2019\/11\/Jonas_Jacobsson3-2048x1152.jpg 2048w\" sizes=\"(max-width: 768px) 100vw, 768px\" \/>\t\t\t\t\t\t\t\t\t\t\t\t\t\t\t<\/div>\n\t\t\t\t<\/div>\n\t\t\t\t<div class=\"elementor-element elementor-element-77d93920 elementor-invisible elementor-widget elementor-widget-text-editor\" data-id=\"77d93920\" data-element_type=\"widget\" data-e-type=\"widget\" data-settings=\"{&quot;_animation&quot;:&quot;fadeIn&quot;}\" data-widget_type=\"text-editor.default\">\n\t\t\t\t<div class=\"elementor-widget-container\">\n\t\t\t\t\t\t\t\t\t<p>Jonas kan inte nog beskriva hur bra han har trivts p\u00e5 Digpro under dessa 20 \u00e5r. F\u00f6retagskulturen \u00e4r stark och st\u00e4mningen har alltid varit god. Att g\u00e5 till jobbet har aldrig k\u00e4nts tungt, utan bara roligt under alla dessa \u00e5r.<\/p><blockquote><p>De l\u00f6sningar som Digpro erbjuder \u00e4r utmanande och komplicerade, vilket g\u00f6r att det \u00e4r ett sp\u00e4nnande bolag att arbeta p\u00e5. V\u00e5ra l\u00f6sningar skapar samh\u00e4llsnytta. Att vi dessutom har ett f\u00f6rspr\u00e5ng j\u00e4mf\u00f6rt med v\u00e5ra konkurrenter g\u00f6r det givetvis extra roligt att arbeta p\u00e5 Digpro.<\/p><\/blockquote><p>Under dessa \u00e5r som Jonas arbetat p\u00e5 Digpro har han aldrig n\u00e5gonsin k\u00e4nt att det varit tufft f\u00f6r f\u00f6retagets del. Visst har det funnits utmaningar l\u00e4ngs v\u00e4gen, men Digpro har alltid k\u00e4nts stabilt och att f\u00f6retaget \u00e4r p\u00e5 r\u00e4tt v\u00e4g.<\/p><blockquote><p>Vi har alltid agerat lite f\u00f6rsiktigt och inte tagit n\u00e5gra on\u00f6diga risker. Vi har v\u00e4xt tillsammans med v\u00e5ra kunder, levererat vad vi lovat och p\u00e5 s\u00e5 s\u00e4tt skapat n\u00f6jda och lojala kunder. Jag \u00e4r \u00f6vertygad om att den f\u00f6retagskultur vi har, att vi alla k\u00e4nner en samh\u00f6righet internt, har spritt sig vidare ut mot v\u00e5ra kunder i form av att vi ger det d\u00e4r lilla extra i v\u00e5ra leveranser.<\/p><\/blockquote><p>Med tekniken i grunden, kundfokus och trogna medarbetare har gjort att Digpro byggt upp ett h\u00f6gt f\u00f6rtroendekapital bland sina kunder. Det \u00e4r grunden till varf\u00f6r Digpro varit framg\u00e5ngsrikt i 30 \u00e5r.<\/p><blockquote><p>Vi har en mycket god k\u00e4nsla bland medarbetarna. Vi levererar det d\u00e4r lilla extra och vi m\u00e5r bra p\u00e5 jobbet, vilket g\u00f6r att medarbetarna stannar l\u00e4nge. Personaloms\u00e4ttningen har alltid varit l\u00e5g i bolaget. Det skapar merv\u00e4rde ut mot kund i form av goda kundrelationer och stabila leveranser.<\/p><\/blockquote><p>Om tio \u00e5r, n\u00e4r bolaget firar 40 \u00e5r, \u00e4r Jonas \u00f6vertygad om att Digpro kommer ha v\u00e4xt sig \u00e4nnu st\u00f6rre. Bolaget \u00e4r d\u00e5 fortsatt dominanta i Skandinavien och finns \u00e4ven p\u00e5 m\u00e5nga fler marknader i v\u00e4rlden, s\u00e5 som exempelvis Tyskland, Turkiet och Afrika med flera.<\/p><blockquote><p>Jag \u00e4r \u00f6vertygad om att vi forts\u00e4ttningsvis kommer arbeta p\u00e5 samma grundplattform, dpSpatial, om tio \u00e5r. Men samtidigt kommer produkten f\u00f6lja med tiden och med all s\u00e4kerhet s\u00e5 kommer gr\u00e4nssnittet som m\u00f6ter anv\u00e4ndaren i datorer, plattor och telefoner se annorlunda ut. Vi kommer att kunna erbjuda v\u00e5ra l\u00f6sningar som Service OnDemand och ha fler partners som kan implementera systemet \u00e5t oss. Digpro har definitivt fler kontor p\u00e5 fler marknader och har tredubblat antalet anst\u00e4llda och partners som arbetar f\u00f6r Digpro. Det kommer tydligt m\u00e4rkas att vi arbetar mer internationellt och expansivt.<br \/><span style=\"font-size: 1.1em; font-style: italic;\">Trots att vi kommer v\u00e4xa kraftigt de kommande \u00e5ren \u00e4r jag \u00f6vertygad om att vi fortsatt kommer vara lika kundfokuserade s\u00e5 att v\u00e5ra trogna kunder finns kvar och m\u00e5nga av v\u00e5ra medarbetare som arbetar p\u00e5 Digpro idag kommer ocks\u00e5 vara kvar, d\u00e5 den goda st\u00e4mning vi har bland medarbetarna kommer vara densamma. Vi g\u00e5r onekligen in en sp\u00e4nnande fas i Digpros fortsatta utveckling, en tillv\u00e4xtresa jag verkligen vill vara med p\u00e5 och bidra till.<\/span><\/p><\/blockquote>\t\t\t\t\t\t\t\t<\/div>\n\t\t\t\t<\/div>\n\t\t\t\t<div class=\"elementor-element elementor-element-6ddb4cc elementor-invisible elementor-widget elementor-widget-text-editor\" data-id=\"6ddb4cc\" data-element_type=\"widget\" data-e-type=\"widget\" data-settings=\"{&quot;_animation&quot;:&quot;fadeIn&quot;}\" data-widget_type=\"text-editor.default\">\n\t\t\t\t<div class=\"elementor-widget-container\">\n\t\t\t\t\t\t\t\t\t<p>Intervju och text: Jenny Widing<\/p><p><a href=\"https:\/\/digpro.com\/sv\/digpros-historia\/\">Tillbaka till \u00f6versikt<\/a><\/p>\t\t\t\t\t\t\t\t<\/div>\n\t\t\t\t<\/div>\n\t\t\t\t\t<\/div>\n\t\t<\/div>\n\t\t\t\t\t<\/div>\n\t\t<\/section>\n\t\t\t\t<\/div>\n\t\t","protected":false},"excerpt":{"rendered":"<p>M\u00f6t Jonas Jacobsson Jonas Jacobson har varit VD f\u00f6r Digpro Solutions sedan 2012. Innan han blev VD arbetade han som f\u00f6rs\u00e4ljningschef p\u00e5 Digpro fr\u00e5n 2008, d\u00e5 ABB och Digpro formellt gick samman. \u00c5ren innan Digpro arbetade Jonas inom ABB i diverse olika roller. Jonas har en mycket gedigen erfarenhet och kunskap om branschen s\u00e5v\u00e4l som [&hellip;]<\/p>\n","protected":false},"author":4,"featured_media":0,"parent":0,"menu_order":0,"comment_status":"closed","ping_status":"closed","template":"","meta":{"content-type":"","_monsterinsights_skip_tracking":false,"_monsterinsights_sitenote_active":false,"_monsterinsights_sitenote_note":"","_monsterinsights_sitenote_category":0,"site-sidebar-layout":"no-sidebar","site-content-layout":"page-builder","ast-site-content-layout":"default","site-content-style":"default","site-sidebar-style":"default","ast-global-header-display":"","ast-banner-title-visibility":"","ast-main-header-display":"","ast-hfb-above-header-display":"","ast-hfb-below-header-display":"","ast-hfb-mobile-header-display":"","site-post-title":"disabled","ast-breadcrumbs-content":"","ast-featured-img":"disabled","footer-sml-layout":"","ast-disable-related-posts":"","theme-transparent-header-meta":"","adv-header-id-meta":"","stick-header-meta":"","header-above-stick-meta":"","header-main-stick-meta":"","header-below-stick-meta":"","astra-migrate-meta-layouts":"default","ast-page-background-enabled":"default","ast-page-background-meta":{"desktop":{"background-color":"","background-image":"","background-repeat":"repeat","background-position":"center center","background-size":"auto","background-attachment":"scroll","background-type":"","background-media":"","overlay-type":"","overlay-color":"","overlay-opacity":"","overlay-gradient":""},"tablet":{"background-color":"","background-image":"","background-repeat":"repeat","background-position":"center center","background-size":"auto","background-attachment":"scroll","background-type":"","background-media":"","overlay-type":"","overlay-color":"","overlay-opacity":"","overlay-gradient":""},"mobile":{"background-color":"","background-image":"","background-repeat":"repeat","background-position":"center center","background-size":"auto","background-attachment":"scroll","background-type":"","background-media":"","overlay-type":"","overlay-color":"","overlay-opacity":"","overlay-gradient":""}},"ast-content-background-meta":{"desktop":{"background-color":"var(--ast-global-color-5)","background-image":"","background-repeat":"repeat","background-position":"center center","background-size":"auto","background-attachment":"scroll","background-type":"","background-media":"","overlay-type":"","overlay-color":"","overlay-opacity":"","overlay-gradient":""},"tablet":{"background-color":"var(--ast-global-color-5)","background-image":"","background-repeat":"repeat","background-position":"center center","background-size":"auto","background-attachment":"scroll","background-type":"","background-media":"","overlay-type":"","overlay-color":"","overlay-opacity":"","overlay-gradient":""},"mobile":{"background-color":"var(--ast-global-color-5)","background-image":"","background-repeat":"repeat","background-position":"center center","background-size":"auto","background-attachment":"scroll","background-type":"","background-media":"","overlay-type":"","overlay-color":"","overlay-opacity":"","overlay-gradient":""}},"footnotes":""},"class_list":["post-4262","page","type-page","status-publish","hentry"],"yoast_head":"<!-- This site is optimized with the Yoast SEO plugin v26.9 - https:\/\/yoast.com\/product\/yoast-seo-wordpress\/ -->\n<title>Intervju Jonas Jacobsson - Digpro (SE)<\/title>\n<meta name=\"robots\" content=\"index, follow, max-snippet:-1, max-image-preview:large, max-video-preview:-1\" \/>\n<link rel=\"canonical\" href=\"https:\/\/digpro.com\/sv\/intervju-jonas-jacobsson\/\" \/>\n<meta property=\"og:locale\" content=\"sv_SE\" \/>\n<meta property=\"og:type\" content=\"article\" \/>\n<meta property=\"og:title\" content=\"Intervju Jonas Jacobsson - Digpro (SE)\" \/>\n<meta property=\"og:description\" content=\"M\u00f6t Jonas Jacobsson Jonas Jacobson har varit VD f\u00f6r Digpro Solutions sedan 2012. Innan han blev VD arbetade han som f\u00f6rs\u00e4ljningschef p\u00e5 Digpro fr\u00e5n 2008, d\u00e5 ABB och Digpro formellt gick samman. \u00c5ren innan Digpro arbetade Jonas inom ABB i diverse olika roller. Jonas har en mycket gedigen erfarenhet och kunskap om branschen s\u00e5v\u00e4l som [&hellip;]\" \/>\n<meta property=\"og:url\" content=\"https:\/\/digpro.com\/sv\/intervju-jonas-jacobsson\/\" \/>\n<meta property=\"og:site_name\" content=\"Digpro (SE)\" \/>\n<meta property=\"article:publisher\" content=\"https:\/\/www.facebook.com\/digproab\" \/>\n<meta property=\"article:modified_time\" content=\"2019-12-03T11:57:03+00:00\" \/>\n<meta property=\"og:image\" content=\"https:\/\/digpro.com\/wp-content\/uploads\/2019\/11\/Jonas_Jacobsson3-768x432.jpg\" \/>\n<meta name=\"twitter:card\" content=\"summary_large_image\" \/>\n<meta name=\"twitter:label1\" content=\"Ber\u00e4knad l\u00e4stid\" \/>\n\t<meta name=\"twitter:data1\" content=\"4 minuter\" \/>\n<script type=\"application\/ld+json\" class=\"yoast-schema-graph\">{\"@context\":\"https:\/\/schema.org\",\"@graph\":[{\"@type\":\"WebPage\",\"@id\":\"https:\/\/digpro.com\/sv\/intervju-jonas-jacobsson\/\",\"url\":\"https:\/\/digpro.com\/sv\/intervju-jonas-jacobsson\/\",\"name\":\"Intervju Jonas Jacobsson - Digpro (SE)\",\"isPartOf\":{\"@id\":\"https:\/\/digpro.com\/sv\/#website\"},\"primaryImageOfPage\":{\"@id\":\"https:\/\/digpro.com\/sv\/intervju-jonas-jacobsson\/#primaryimage\"},\"image\":{\"@id\":\"https:\/\/digpro.com\/sv\/intervju-jonas-jacobsson\/#primaryimage\"},\"thumbnailUrl\":\"https:\/\/digpro.com\/wp-content\/uploads\/2019\/11\/Jonas_Jacobsson3-768x432.jpg\",\"datePublished\":\"2019-12-03T11:24:50+00:00\",\"dateModified\":\"2019-12-03T11:57:03+00:00\",\"breadcrumb\":{\"@id\":\"https:\/\/digpro.com\/sv\/intervju-jonas-jacobsson\/#breadcrumb\"},\"inLanguage\":\"sv-SE\",\"potentialAction\":[{\"@type\":\"ReadAction\",\"target\":[\"https:\/\/digpro.com\/sv\/intervju-jonas-jacobsson\/\"]}]},{\"@type\":\"ImageObject\",\"inLanguage\":\"sv-SE\",\"@id\":\"https:\/\/digpro.com\/sv\/intervju-jonas-jacobsson\/#primaryimage\",\"url\":\"https:\/\/digpro.com\/wp-content\/uploads\/2019\/11\/Jonas_Jacobsson3-768x432.jpg\",\"contentUrl\":\"https:\/\/digpro.com\/wp-content\/uploads\/2019\/11\/Jonas_Jacobsson3-768x432.jpg\"},{\"@type\":\"BreadcrumbList\",\"@id\":\"https:\/\/digpro.com\/sv\/intervju-jonas-jacobsson\/#breadcrumb\",\"itemListElement\":[{\"@type\":\"ListItem\",\"position\":1,\"name\":\"Home\",\"item\":\"https:\/\/digpro.com\/sv\/\"},{\"@type\":\"ListItem\",\"position\":2,\"name\":\"Intervju Jonas Jacobsson\"}]},{\"@type\":\"WebSite\",\"@id\":\"https:\/\/digpro.com\/sv\/#website\",\"url\":\"https:\/\/digpro.com\/sv\/\",\"name\":\"Digpro (SE)\",\"description\":\"Leading geographic information technologies\",\"publisher\":{\"@id\":\"https:\/\/digpro.com\/sv\/#organization\"},\"potentialAction\":[{\"@type\":\"SearchAction\",\"target\":{\"@type\":\"EntryPoint\",\"urlTemplate\":\"https:\/\/digpro.com\/sv\/?s={search_term_string}\"},\"query-input\":{\"@type\":\"PropertyValueSpecification\",\"valueRequired\":true,\"valueName\":\"search_term_string\"}}],\"inLanguage\":\"sv-SE\"},{\"@type\":\"Organization\",\"@id\":\"https:\/\/digpro.com\/sv\/#organization\",\"name\":\"Digpro\",\"url\":\"https:\/\/digpro.com\/sv\/\",\"logo\":{\"@type\":\"ImageObject\",\"inLanguage\":\"sv-SE\",\"@id\":\"https:\/\/digpro.com\/sv\/#\/schema\/logo\/image\/\",\"url\":\"https:\/\/digpro.com\/wp-content\/uploads\/2020\/09\/1_Digpro_logo_vektor_pos.svg\",\"contentUrl\":\"https:\/\/digpro.com\/wp-content\/uploads\/2020\/09\/1_Digpro_logo_vektor_pos.svg\",\"width\":1,\"height\":1,\"caption\":\"Digpro\"},\"image\":{\"@id\":\"https:\/\/digpro.com\/sv\/#\/schema\/logo\/image\/\"},\"sameAs\":[\"https:\/\/www.facebook.com\/digproab\",\"https:\/\/www.instagram.com\/lifeatdigpro\/\",\"https:\/\/www.linkedin.com\/company\/digpro-ab\/\"]}]}<\/script>\n<!-- \/ Yoast SEO plugin. -->","yoast_head_json":{"title":"Intervju Jonas Jacobsson - Digpro (SE)","robots":{"index":"index","follow":"follow","max-snippet":"max-snippet:-1","max-image-preview":"max-image-preview:large","max-video-preview":"max-video-preview:-1"},"canonical":"https:\/\/digpro.com\/sv\/intervju-jonas-jacobsson\/","og_locale":"sv_SE","og_type":"article","og_title":"Intervju Jonas Jacobsson - Digpro (SE)","og_description":"M\u00f6t Jonas Jacobsson Jonas Jacobson har varit VD f\u00f6r Digpro Solutions sedan 2012. Innan han blev VD arbetade han som f\u00f6rs\u00e4ljningschef p\u00e5 Digpro fr\u00e5n 2008, d\u00e5 ABB och Digpro formellt gick samman. \u00c5ren innan Digpro arbetade Jonas inom ABB i diverse olika roller. Jonas har en mycket gedigen erfarenhet och kunskap om branschen s\u00e5v\u00e4l som [&hellip;]","og_url":"https:\/\/digpro.com\/sv\/intervju-jonas-jacobsson\/","og_site_name":"Digpro (SE)","article_publisher":"https:\/\/www.facebook.com\/digproab","article_modified_time":"2019-12-03T11:57:03+00:00","og_image":[{"url":"https:\/\/digpro.com\/wp-content\/uploads\/2019\/11\/Jonas_Jacobsson3-768x432.jpg","type":"","width":"","height":""}],"twitter_card":"summary_large_image","twitter_misc":{"Ber\u00e4knad l\u00e4stid":"4 minuter"},"schema":{"@context":"https:\/\/schema.org","@graph":[{"@type":"WebPage","@id":"https:\/\/digpro.com\/sv\/intervju-jonas-jacobsson\/","url":"https:\/\/digpro.com\/sv\/intervju-jonas-jacobsson\/","name":"Intervju Jonas Jacobsson - Digpro (SE)","isPartOf":{"@id":"https:\/\/digpro.com\/sv\/#website"},"primaryImageOfPage":{"@id":"https:\/\/digpro.com\/sv\/intervju-jonas-jacobsson\/#primaryimage"},"image":{"@id":"https:\/\/digpro.com\/sv\/intervju-jonas-jacobsson\/#primaryimage"},"thumbnailUrl":"https:\/\/digpro.com\/wp-content\/uploads\/2019\/11\/Jonas_Jacobsson3-768x432.jpg","datePublished":"2019-12-03T11:24:50+00:00","dateModified":"2019-12-03T11:57:03+00:00","breadcrumb":{"@id":"https:\/\/digpro.com\/sv\/intervju-jonas-jacobsson\/#breadcrumb"},"inLanguage":"sv-SE","potentialAction":[{"@type":"ReadAction","target":["https:\/\/digpro.com\/sv\/intervju-jonas-jacobsson\/"]}]},{"@type":"ImageObject","inLanguage":"sv-SE","@id":"https:\/\/digpro.com\/sv\/intervju-jonas-jacobsson\/#primaryimage","url":"https:\/\/digpro.com\/wp-content\/uploads\/2019\/11\/Jonas_Jacobsson3-768x432.jpg","contentUrl":"https:\/\/digpro.com\/wp-content\/uploads\/2019\/11\/Jonas_Jacobsson3-768x432.jpg"},{"@type":"BreadcrumbList","@id":"https:\/\/digpro.com\/sv\/intervju-jonas-jacobsson\/#breadcrumb","itemListElement":[{"@type":"ListItem","position":1,"name":"Home","item":"https:\/\/digpro.com\/sv\/"},{"@type":"ListItem","position":2,"name":"Intervju Jonas Jacobsson"}]},{"@type":"WebSite","@id":"https:\/\/digpro.com\/sv\/#website","url":"https:\/\/digpro.com\/sv\/","name":"Digpro (SE)","description":"Leading geographic information technologies","publisher":{"@id":"https:\/\/digpro.com\/sv\/#organization"},"potentialAction":[{"@type":"SearchAction","target":{"@type":"EntryPoint","urlTemplate":"https:\/\/digpro.com\/sv\/?s={search_term_string}"},"query-input":{"@type":"PropertyValueSpecification","valueRequired":true,"valueName":"search_term_string"}}],"inLanguage":"sv-SE"},{"@type":"Organization","@id":"https:\/\/digpro.com\/sv\/#organization","name":"Digpro","url":"https:\/\/digpro.com\/sv\/","logo":{"@type":"ImageObject","inLanguage":"sv-SE","@id":"https:\/\/digpro.com\/sv\/#\/schema\/logo\/image\/","url":"https:\/\/digpro.com\/wp-content\/uploads\/2020\/09\/1_Digpro_logo_vektor_pos.svg","contentUrl":"https:\/\/digpro.com\/wp-content\/uploads\/2020\/09\/1_Digpro_logo_vektor_pos.svg","width":1,"height":1,"caption":"Digpro"},"image":{"@id":"https:\/\/digpro.com\/sv\/#\/schema\/logo\/image\/"},"sameAs":["https:\/\/www.facebook.com\/digproab","https:\/\/www.instagram.com\/lifeatdigpro\/","https:\/\/www.linkedin.com\/company\/digpro-ab\/"]}]}},"publishpress_future_action":{"enabled":false,"date":"2026-05-13 19:12:14","action":"change-status","newStatus":"draft","terms":[],"taxonomy":"translation_priority","extraData":[]},"publishpress_future_workflow_manual_trigger":{"enabledWorkflows":[]},"_links":{"self":[{"href":"https:\/\/digpro.com\/sv\/wp-json\/wp\/v2\/pages\/4262","targetHints":{"allow":["GET"]}}],"collection":[{"href":"https:\/\/digpro.com\/sv\/wp-json\/wp\/v2\/pages"}],"about":[{"href":"https:\/\/digpro.com\/sv\/wp-json\/wp\/v2\/types\/page"}],"author":[{"embeddable":true,"href":"https:\/\/digpro.com\/sv\/wp-json\/wp\/v2\/users\/4"}],"replies":[{"embeddable":true,"href":"https:\/\/digpro.com\/sv\/wp-json\/wp\/v2\/comments?post=4262"}],"version-history":[{"count":0,"href":"https:\/\/digpro.com\/sv\/wp-json\/wp\/v2\/pages\/4262\/revisions"}],"wp:attachment":[{"href":"https:\/\/digpro.com\/sv\/wp-json\/wp\/v2\/media?parent=4262"}],"curies":[{"name":"wp","href":"https:\/\/api.w.org\/{rel}","templated":true}]}}